{"id":3661,"date":"2023-02-03T12:29:05","date_gmt":"2023-02-03T12:29:05","guid":{"rendered":"https:\/\/upscapestudio.com\/?page_id=3661"},"modified":"2024-03-15T09:51:12","modified_gmt":"2024-03-15T09:51:12","slug":"poe-te-na-linha","status":"publish","type":"page","link":"https:\/\/upscapestudio.com\/en\/projetos\/poe-te-na-linha\/","title":{"rendered":"P\u00f5e-te na Linha"},"content":{"rendered":"<div data-elementor-type=\"wp-page\" data-elementor-id=\"3661\" class=\"elementor elementor-3661\" data-elementor-post-type=\"page\">\n\t\t\t\t\t\t<section class=\"elementor-section elementor-top-section elementor-element elementor-element-0c5154d elementor-section-boxed elementor-section-height-default elementor-section-height-default\" data-id=\"0c5154d\" data-element_type=\"section\" data-e-type=\"section\" data-settings=\"{&quot;background_background&quot;:&quot;classic&quot;}\">\n\t\t\t\t\t\t<div class=\"elementor-container elementor-column-gap-default\">\n\t\t\t\t\t<div class=\"elementor-column elementor-col-100 elementor-top-column elementor-element elementor-element-53e520e\" data-id=\"53e520e\" data-element_type=\"column\" data-e-type=\"column\">\n\t\t\t<div class=\"elementor-widget-wrap elementor-element-populated\">\n\t\t\t\t\t\t<div class=\"elementor-element elementor-element-b5767fd elementor-widget elementor-widget-heading\" data-id=\"b5767fd\" data-element_type=\"widget\" data-e-type=\"widget\" data-widget_type=\"heading.default\">\n\t\t\t\t<div class=\"elementor-widget-container\">\n\t\t\t\t\t<h1 class=\"elementor-heading-title elementor-size-default\">P\u00f5e-te na Linha<\/h1>\t\t\t\t<\/div>\n\t\t\t\t<\/div>\n\t\t\t\t<div class=\"elementor-element elementor-element-39dfa44 elementor-align-left elementor-mobile-align-left elementor-widget elementor-widget-button\" data-id=\"39dfa44\" data-element_type=\"widget\" data-e-type=\"widget\" data-widget_type=\"button.default\">\n\t\t\t\t<div class=\"elementor-widget-container\">\n\t\t\t\t\t\t\t\t\t<div class=\"elementor-button-wrapper\">\n\t\t\t\t\t<a class=\"elementor-button elementor-button-link elementor-size-xs\" href=\"https:\/\/upscapestudio.com\/en\/projetos\/\">\n\t\t\t\t\t\t<span class=\"elementor-button-content-wrapper\">\n\t\t\t\t\t\t\t\t\t<span class=\"elementor-button-text\">Go back<\/span>\n\t\t\t\t\t<\/span>\n\t\t\t\t\t<\/a>\n\t\t\t\t<\/div>\n\t\t\t\t\t\t\t\t<\/div>\n\t\t\t\t<\/div>\n\t\t\t\t\t<\/div>\n\t\t<\/div>\n\t\t\t\t\t<\/div>\n\t\t<\/section>\n\t\t\t\t<section class=\"elementor-section elementor-top-section elementor-element elementor-element-e520959 elementor-section-boxed elementor-section-height-default elementor-section-height-default\" data-id=\"e520959\" data-element_type=\"section\" data-e-type=\"section\">\n\t\t\t\t\t\t<div class=\"elementor-container elementor-column-gap-default\">\n\t\t\t\t\t<div class=\"elementor-column elementor-col-50 elementor-top-column elementor-element elementor-element-28dc866\" data-id=\"28dc866\" data-element_type=\"column\" data-e-type=\"column\">\n\t\t\t<div class=\"elementor-widget-wrap elementor-element-populated\">\n\t\t\t\t\t\t<div class=\"elementor-element elementor-element-d854be1 elementor-widget elementor-widget-image\" data-id=\"d854be1\" data-element_type=\"widget\" data-e-type=\"widget\" data-widget_type=\"image.default\">\n\t\t\t\t<div class=\"elementor-widget-container\">\n\t\t\t\t\t\t\t\t\t\t\t\t\t\t\t\t<a href=\"https:\/\/upscapestudio.com\/wp-content\/uploads\/2023\/02\/site_poete_na_linha.webp\" data-elementor-open-lightbox=\"yes\" data-e-action-hash=\"#elementor-action%3Aaction%3Dlightbox%26settings%3DeyJpZCI6MzY4NSwidXJsIjoiaHR0cHM6XC9cL3Vwc2NhcGVzdHVkaW8uY29tXC93cC1jb250ZW50XC91cGxvYWRzXC8yMDIzXC8wMlwvc2l0ZV9wb2V0ZV9uYV9saW5oYS53ZWJwIn0%3D\">\n\t\t\t\t\t\t\t<img fetchpriority=\"high\" decoding=\"async\" width=\"1137\" height=\"773\" src=\"https:\/\/upscapestudio.com\/wp-content\/uploads\/2023\/02\/site_poete_na_linha.webp\" class=\"attachment-full size-full wp-image-3685\" alt=\"Site P\u00f5e-te na Linha desenvolvido por Francisco Ferreira, Upscape Studio\" srcset=\"https:\/\/upscapestudio.com\/wp-content\/uploads\/2023\/02\/site_poete_na_linha.webp 1137w, https:\/\/upscapestudio.com\/wp-content\/uploads\/2023\/02\/site_poete_na_linha-1024x696.webp 1024w, https:\/\/upscapestudio.com\/wp-content\/uploads\/2023\/02\/site_poete_na_linha-768x522.webp 768w, https:\/\/upscapestudio.com\/wp-content\/uploads\/2023\/02\/site_poete_na_linha-18x12.webp 18w\" sizes=\"(max-width: 1137px) 100vw, 1137px\" \/>\t\t\t\t\t\t\t\t<\/a>\n\t\t\t\t\t\t\t\t\t\t\t\t\t\t\t<\/div>\n\t\t\t\t<\/div>\n\t\t\t\t\t<\/div>\n\t\t<\/div>\n\t\t\t\t<div class=\"elementor-column elementor-col-50 elementor-top-column elementor-element elementor-element-8f42dcb\" data-id=\"8f42dcb\" data-element_type=\"column\" data-e-type=\"column\">\n\t\t\t<div class=\"elementor-widget-wrap elementor-element-populated\">\n\t\t\t\t\t\t<div class=\"elementor-element elementor-element-22a3dce4 elementor-widget elementor-widget-text-editor\" data-id=\"22a3dce4\" data-element_type=\"widget\" data-e-type=\"widget\" data-widget_type=\"text-editor.default\">\n\t\t\t\t<div class=\"elementor-widget-container\">\n\t\t\t\t\t\t\t\t\t<p>Maria Gama is a reference in nutrition, with more than 130,000 followers on instagram. The website of her project, P\u00f5e-te na Linha, has more than 1200 published articles, dozens of ebooks and menus, scheduling appointments and subscription programs. It also has a newsletter with more than 10,000 followers. On P\u00f5e-te na Linha we find everything you need to start healthier habits.<\/p>\t\t\t\t\t\t\t\t<\/div>\n\t\t\t\t<\/div>\n\t\t\t\t<div class=\"elementor-element elementor-element-eedceaf elementor-widget elementor-widget-heading\" data-id=\"eedceaf\" data-element_type=\"widget\" data-e-type=\"widget\" data-widget_type=\"heading.default\">\n\t\t\t\t<div class=\"elementor-widget-container\">\n\t\t\t\t\t<h2 class=\"elementor-heading-title elementor-size-default\">Modules<\/h2>\t\t\t\t<\/div>\n\t\t\t\t<\/div>\n\t\t\t\t<div class=\"elementor-element elementor-element-cb237b8 dots elementor-icon-list--layout-traditional elementor-list-item-link-full_width elementor-widget elementor-widget-icon-list\" data-id=\"cb237b8\" data-element_type=\"widget\" data-e-type=\"widget\" data-widget_type=\"icon-list.default\">\n\t\t\t\t<div class=\"elementor-widget-container\">\n\t\t\t\t\t\t\t<ul class=\"elementor-icon-list-items\">\n\t\t\t\t\t\t\t<li class=\"elementor-icon-list-item\">\n\t\t\t\t\t\t\t\t\t\t\t<span class=\"elementor-icon-list-icon\">\n\t\t\t\t\t\t\t<i aria-hidden=\"true\" class=\"fas fa-circle\"><\/i>\t\t\t\t\t\t<\/span>\n\t\t\t\t\t\t\t\t\t\t<span class=\"elementor-icon-list-text\">Online store with ebooks, programs and workshops<\/span>\n\t\t\t\t\t\t\t\t\t<\/li>\n\t\t\t\t\t\t\t\t<li class=\"elementor-icon-list-item\">\n\t\t\t\t\t\t\t\t\t\t\t<span class=\"elementor-icon-list-icon\">\n\t\t\t\t\t\t\t<i aria-hidden=\"true\" class=\"fas fa-circle\"><\/i>\t\t\t\t\t\t<\/span>\n\t\t\t\t\t\t\t\t\t\t<span class=\"elementor-icon-list-text\">Automatic invoicing - issuing automatic invoices on all sales<\/span>\n\t\t\t\t\t\t\t\t\t<\/li>\n\t\t\t\t\t\t\t\t<li class=\"elementor-icon-list-item\">\n\t\t\t\t\t\t\t\t\t\t\t<span class=\"elementor-icon-list-icon\">\n\t\t\t\t\t\t\t<i aria-hidden=\"true\" class=\"fas fa-circle\"><\/i>\t\t\t\t\t\t<\/span>\n\t\t\t\t\t\t\t\t\t\t<span class=\"elementor-icon-list-text\">Newsletter with more than 15,000 followers<\/span>\n\t\t\t\t\t\t\t\t\t<\/li>\n\t\t\t\t\t\t\t\t<li class=\"elementor-icon-list-item\">\n\t\t\t\t\t\t\t\t\t\t\t<span class=\"elementor-icon-list-icon\">\n\t\t\t\t\t\t\t<i aria-hidden=\"true\" class=\"fas fa-circle\"><\/i>\t\t\t\t\t\t<\/span>\n\t\t\t\t\t\t\t\t\t\t<span class=\"elementor-icon-list-text\">Course platform with monthly, semester and yearly subscriptions<\/span>\n\t\t\t\t\t\t\t\t\t<\/li>\n\t\t\t\t\t\t\t\t<li class=\"elementor-icon-list-item\">\n\t\t\t\t\t\t\t\t\t\t\t<span class=\"elementor-icon-list-icon\">\n\t\t\t\t\t\t\t<i aria-hidden=\"true\" class=\"fas fa-circle\"><\/i>\t\t\t\t\t\t<\/span>\n\t\t\t\t\t\t\t\t\t\t<span class=\"elementor-icon-list-text\">Blog with more than 1000 recipes and tips<\/span>\n\t\t\t\t\t\t\t\t\t<\/li>\n\t\t\t\t\t\t\t\t<li class=\"elementor-icon-list-item\">\n\t\t\t\t\t\t\t\t\t\t\t<span class=\"elementor-icon-list-icon\">\n\t\t\t\t\t\t\t<i aria-hidden=\"true\" class=\"fas fa-circle\"><\/i>\t\t\t\t\t\t<\/span>\n\t\t\t\t\t\t\t\t\t\t<span class=\"elementor-icon-list-text\">Notifications<\/span>\n\t\t\t\t\t\t\t\t\t<\/li>\n\t\t\t\t\t\t\t\t<li class=\"elementor-icon-list-item\">\n\t\t\t\t\t\t\t\t\t\t\t<span class=\"elementor-icon-list-icon\">\n\t\t\t\t\t\t\t<i aria-hidden=\"true\" class=\"fas fa-circle\"><\/i>\t\t\t\t\t\t<\/span>\n\t\t\t\t\t\t\t\t\t\t<span class=\"elementor-icon-list-text\">Online appointments - integration with google calendar and appointment reminder and confirmation emails<\/span>\n\t\t\t\t\t\t\t\t\t<\/li>\n\t\t\t\t\t\t\t\t<li class=\"elementor-icon-list-item\">\n\t\t\t\t\t\t\t\t\t\t\t<span class=\"elementor-icon-list-icon\">\n\t\t\t\t\t\t\t<i aria-hidden=\"true\" class=\"fas fa-circle\"><\/i>\t\t\t\t\t\t<\/span>\n\t\t\t\t\t\t\t\t\t\t<span class=\"elementor-icon-list-text\">Calendar of Events and Workshops<\/span>\n\t\t\t\t\t\t\t\t\t<\/li>\n\t\t\t\t\t\t\t\t<li class=\"elementor-icon-list-item\">\n\t\t\t\t\t\t\t\t\t\t\t<span class=\"elementor-icon-list-icon\">\n\t\t\t\t\t\t\t<i aria-hidden=\"true\" class=\"fas fa-circle\"><\/i>\t\t\t\t\t\t<\/span>\n\t\t\t\t\t\t\t\t\t\t<span class=\"elementor-icon-list-text\">Intuitive back-office where Maria can create promotions and discount coupons.<\/span>\n\t\t\t\t\t\t\t\t\t<\/li>\n\t\t\t\t\t\t<\/ul>\n\t\t\t\t\t\t<\/div>\n\t\t\t\t<\/div>\n\t\t\t\t<div class=\"elementor-element elementor-element-bfc78bd elementor-align-left elementor-widget elementor-widget-button\" data-id=\"bfc78bd\" data-element_type=\"widget\" data-e-type=\"widget\" data-widget_type=\"button.default\">\n\t\t\t\t<div class=\"elementor-widget-container\">\n\t\t\t\t\t\t\t\t\t<div class=\"elementor-button-wrapper\">\n\t\t\t\t\t<a class=\"elementor-button elementor-button-link elementor-size-sm\" href=\"https:\/\/poetenalinha.pt\/\" target=\"_blank\">\n\t\t\t\t\t\t<span class=\"elementor-button-content-wrapper\">\n\t\t\t\t\t\t\t\t\t<span class=\"elementor-button-text\">View website<\/span>\n\t\t\t\t\t<\/span>\n\t\t\t\t\t<\/a>\n\t\t\t\t<\/div>\n\t\t\t\t\t\t\t\t<\/div>\n\t\t\t\t<\/div>\n\t\t\t\t\t<\/div>\n\t\t<\/div>\n\t\t\t\t\t<\/div>\n\t\t<\/section>\n\t\t\t\t<section class=\"elementor-section elementor-top-section elementor-element elementor-element-44ff3db elementor-section-boxed elementor-section-height-default elementor-section-height-default\" data-id=\"44ff3db\" data-element_type=\"section\" data-e-type=\"section\" data-settings=\"{&quot;background_background&quot;:&quot;classic&quot;}\">\n\t\t\t\t\t\t<div class=\"elementor-container elementor-column-gap-default\">\n\t\t\t\t\t<div class=\"elementor-column elementor-col-50 elementor-top-column elementor-element elementor-element-2b32ecc\" data-id=\"2b32ecc\" data-element_type=\"column\" data-e-type=\"column\">\n\t\t\t<div class=\"elementor-widget-wrap elementor-element-populated\">\n\t\t\t\t\t\t<div class=\"elementor-element elementor-element-d24ff77 elementor-widget elementor-widget-heading\" data-id=\"d24ff77\" data-element_type=\"widget\" data-e-type=\"widget\" data-widget_type=\"heading.default\">\n\t\t\t\t<div class=\"elementor-widget-container\">\n\t\t\t\t\t<h2 class=\"elementor-heading-title elementor-size-default\">Maria Gama's Testimony<\/h2>\t\t\t\t<\/div>\n\t\t\t\t<\/div>\n\t\t\t\t<div class=\"elementor-element elementor-element-f5dd181 elementor-widget elementor-widget-text-editor\" data-id=\"f5dd181\" data-element_type=\"widget\" data-e-type=\"widget\" data-widget_type=\"text-editor.default\">\n\t\t\t\t<div class=\"elementor-widget-container\">\n\t\t\t\t\t\t\t\t\t<p>\"It's a case to say that Francisco is a fundamental piece to my business and one of the most important. It was in 2020 that we started working together, but in fact I already feel he is part of P\u00f5e-te na Linha's family. I think that nowadays there is rarely a day when we don't talk or exchange a message, always with new ideas for P\u00f5e-te na Linha. It is one of our great challenges, since every time we talk, our to-do list in Trello grows and grows, because of all the things we want to do and put into practice. It's amazing how \"this\" online world puts people in our lives that become so fundamental and important.\"<\/p>\t\t\t\t\t\t\t\t<\/div>\n\t\t\t\t<\/div>\n\t\t\t\t\t<\/div>\n\t\t<\/div>\n\t\t\t\t<div class=\"elementor-column elementor-col-50 elementor-top-column elementor-element elementor-element-46f1d4c\" data-id=\"46f1d4c\" data-element_type=\"column\" data-e-type=\"column\">\n\t\t\t<div class=\"elementor-widget-wrap elementor-element-populated\">\n\t\t\t\t\t\t<div class=\"elementor-element elementor-element-c18537d elementor-widget elementor-widget-image\" data-id=\"c18537d\" data-element_type=\"widget\" data-e-type=\"widget\" data-widget_type=\"image.default\">\n\t\t\t\t<div class=\"elementor-widget-container\">\n\t\t\t\t\t\t\t\t\t\t\t\t\t\t\t<img decoding=\"async\" width=\"300\" height=\"300\" src=\"https:\/\/upscapestudio.com\/wp-content\/uploads\/2023\/02\/maria-gama.webp\" class=\"attachment-large size-large wp-image-4148\" alt=\"Maria Gama - P\u00f5e-te na Linha\" srcset=\"https:\/\/upscapestudio.com\/wp-content\/uploads\/2023\/02\/maria-gama.webp 300w, https:\/\/upscapestudio.com\/wp-content\/uploads\/2023\/02\/maria-gama-150x150.webp 150w, https:\/\/upscapestudio.com\/wp-content\/uploads\/2023\/02\/maria-gama-12x12.webp 12w\" sizes=\"(max-width: 300px) 100vw, 300px\" \/>\t\t\t\t\t\t\t\t\t\t\t\t\t\t\t<\/div>\n\t\t\t\t<\/div>\n\t\t\t\t\t<\/div>\n\t\t<\/div>\n\t\t\t\t\t<\/div>\n\t\t<\/section>\n\t\t\t\t<section class=\"elementor-section elementor-top-section elementor-element elementor-element-83dcf92 elementor-section-boxed elementor-section-height-default elementor-section-height-default\" data-id=\"83dcf92\" data-element_type=\"section\" data-e-type=\"section\" data-settings=\"{&quot;background_background&quot;:&quot;classic&quot;}\">\n\t\t\t\t\t\t<div class=\"elementor-container elementor-column-gap-default\">\n\t\t\t\t\t<div class=\"elementor-column elementor-col-100 elementor-top-column elementor-element elementor-element-526d04b\" data-id=\"526d04b\" data-element_type=\"column\" data-e-type=\"column\">\n\t\t\t<div class=\"elementor-widget-wrap elementor-element-populated\">\n\t\t\t\t\t\t<div class=\"elementor-element elementor-element-1312c11 elementor-widget elementor-widget-heading\" data-id=\"1312c11\" data-element_type=\"widget\" data-e-type=\"widget\" data-widget_type=\"heading.default\">\n\t\t\t\t<div class=\"elementor-widget-container\">\n\t\t\t\t\t<h2 class=\"elementor-heading-title elementor-size-default\">Sample pages of P\u00f5e-te na Linha<\/h2>\t\t\t\t<\/div>\n\t\t\t\t<\/div>\n\t\t\t\t<div class=\"elementor-element elementor-element-f45fa84 gallery-spacing-custom elementor-widget elementor-widget-image-gallery\" data-id=\"f45fa84\" data-element_type=\"widget\" data-e-type=\"widget\" data-widget_type=\"image-gallery.default\">\n\t\t\t\t<div class=\"elementor-widget-container\">\n\t\t\t\t\t\t\t<div class=\"elementor-image-gallery\">\n\t\t\t<div id='gallery-1' class='gallery galleryid-3661 gallery-columns-3 gallery-size-full'><figure class='gallery-item'>\n\t\t\t<div class='gallery-icon landscape'>\n\t\t\t\t<a data-elementor-open-lightbox=\"yes\" data-elementor-lightbox-slideshow=\"f45fa84\" data-e-action-hash=\"#elementor-action%3Aaction%3Dlightbox%26settings%3DeyJpZCI6MzcwMywidXJsIjoiaHR0cHM6XC9cL3Vwc2NhcGVzdHVkaW8uY29tXC93cC1jb250ZW50XC91cGxvYWRzXC8yMDIzXC8wMlwvMzIud2VicCIsInNsaWRlc2hvdyI6ImY0NWZhODQifQ%3D%3D\" href='https:\/\/upscapestudio.com\/wp-content\/uploads\/2023\/02\/32.webp'><img decoding=\"async\" width=\"1000\" height=\"1000\" src=\"https:\/\/upscapestudio.com\/wp-content\/uploads\/2023\/02\/32.webp\" class=\"attachment-full size-full\" alt=\"P\u00e1gina inicial - P\u00f5e-te na Linha\" srcset=\"https:\/\/upscapestudio.com\/wp-content\/uploads\/2023\/02\/32.webp 1000w, https:\/\/upscapestudio.com\/wp-content\/uploads\/2023\/02\/32-300x300.webp 300w, https:\/\/upscapestudio.com\/wp-content\/uploads\/2023\/02\/32-150x150.webp 150w, https:\/\/upscapestudio.com\/wp-content\/uploads\/2023\/02\/32-768x768.webp 768w, https:\/\/upscapestudio.com\/wp-content\/uploads\/2023\/02\/32-12x12.webp 12w\" sizes=\"(max-width: 1000px) 100vw, 1000px\" \/><\/a>\n\t\t\t<\/div><\/figure><figure class='gallery-item'>\n\t\t\t<div class='gallery-icon landscape'>\n\t\t\t\t<a data-elementor-open-lightbox=\"yes\" data-elementor-lightbox-slideshow=\"f45fa84\" data-e-action-hash=\"#elementor-action%3Aaction%3Dlightbox%26settings%3DeyJpZCI6MzcwNCwidXJsIjoiaHR0cHM6XC9cL3Vwc2NhcGVzdHVkaW8uY29tXC93cC1jb250ZW50XC91cGxvYWRzXC8yMDIzXC8wMlwvMzMud2VicCIsInNsaWRlc2hvdyI6ImY0NWZhODQifQ%3D%3D\" href='https:\/\/upscapestudio.com\/wp-content\/uploads\/2023\/02\/33.webp'><img loading=\"lazy\" decoding=\"async\" width=\"1000\" height=\"1000\" src=\"https:\/\/upscapestudio.com\/wp-content\/uploads\/2023\/02\/33.webp\" class=\"attachment-full size-full\" alt=\"Sobre mim - P\u00f5e-te na Linha\" srcset=\"https:\/\/upscapestudio.com\/wp-content\/uploads\/2023\/02\/33.webp 1000w, https:\/\/upscapestudio.com\/wp-content\/uploads\/2023\/02\/33-300x300.webp 300w, https:\/\/upscapestudio.com\/wp-content\/uploads\/2023\/02\/33-150x150.webp 150w, https:\/\/upscapestudio.com\/wp-content\/uploads\/2023\/02\/33-768x768.webp 768w, https:\/\/upscapestudio.com\/wp-content\/uploads\/2023\/02\/33-12x12.webp 12w\" sizes=\"(max-width: 1000px) 100vw, 1000px\" \/><\/a>\n\t\t\t<\/div><\/figure><figure class='gallery-item'>\n\t\t\t<div class='gallery-icon landscape'>\n\t\t\t\t<a data-elementor-open-lightbox=\"yes\" data-elementor-lightbox-slideshow=\"f45fa84\" data-e-action-hash=\"#elementor-action%3Aaction%3Dlightbox%26settings%3DeyJpZCI6MzcwOCwidXJsIjoiaHR0cHM6XC9cL3Vwc2NhcGVzdHVkaW8uY29tXC93cC1jb250ZW50XC91cGxvYWRzXC8yMDIzXC8wMlwvMzcud2VicCIsInNsaWRlc2hvdyI6ImY0NWZhODQifQ%3D%3D\" href='https:\/\/upscapestudio.com\/wp-content\/uploads\/2023\/02\/37.webp'><img loading=\"lazy\" decoding=\"async\" width=\"1000\" height=\"1000\" src=\"https:\/\/upscapestudio.com\/wp-content\/uploads\/2023\/02\/37.webp\" class=\"attachment-full size-full\" alt=\"Telem\u00f3vel - P\u00f5e-te na Linha\" srcset=\"https:\/\/upscapestudio.com\/wp-content\/uploads\/2023\/02\/37.webp 1000w, https:\/\/upscapestudio.com\/wp-content\/uploads\/2023\/02\/37-300x300.webp 300w, https:\/\/upscapestudio.com\/wp-content\/uploads\/2023\/02\/37-150x150.webp 150w, https:\/\/upscapestudio.com\/wp-content\/uploads\/2023\/02\/37-768x768.webp 768w, https:\/\/upscapestudio.com\/wp-content\/uploads\/2023\/02\/37-12x12.webp 12w\" sizes=\"(max-width: 1000px) 100vw, 1000px\" \/><\/a>\n\t\t\t<\/div><\/figure><figure class='gallery-item'>\n\t\t\t<div class='gallery-icon landscape'>\n\t\t\t\t<a data-elementor-open-lightbox=\"yes\" data-elementor-lightbox-slideshow=\"f45fa84\" data-e-action-hash=\"#elementor-action%3Aaction%3Dlightbox%26settings%3DeyJpZCI6MzcwNSwidXJsIjoiaHR0cHM6XC9cL3Vwc2NhcGVzdHVkaW8uY29tXC93cC1jb250ZW50XC91cGxvYWRzXC8yMDIzXC8wMlwvMzQud2VicCIsInNsaWRlc2hvdyI6ImY0NWZhODQifQ%3D%3D\" href='https:\/\/upscapestudio.com\/wp-content\/uploads\/2023\/02\/34.webp'><img loading=\"lazy\" decoding=\"async\" width=\"1000\" height=\"1000\" src=\"https:\/\/upscapestudio.com\/wp-content\/uploads\/2023\/02\/34.webp\" class=\"attachment-full size-full\" alt=\"Servi\u00e7os e Blog - P\u00f5e-te na Linha\" srcset=\"https:\/\/upscapestudio.com\/wp-content\/uploads\/2023\/02\/34.webp 1000w, https:\/\/upscapestudio.com\/wp-content\/uploads\/2023\/02\/34-300x300.webp 300w, https:\/\/upscapestudio.com\/wp-content\/uploads\/2023\/02\/34-150x150.webp 150w, https:\/\/upscapestudio.com\/wp-content\/uploads\/2023\/02\/34-768x768.webp 768w, https:\/\/upscapestudio.com\/wp-content\/uploads\/2023\/02\/34-12x12.webp 12w\" sizes=\"(max-width: 1000px) 100vw, 1000px\" \/><\/a>\n\t\t\t<\/div><\/figure><figure class='gallery-item'>\n\t\t\t<div class='gallery-icon landscape'>\n\t\t\t\t<a data-elementor-open-lightbox=\"yes\" data-elementor-lightbox-slideshow=\"f45fa84\" data-e-action-hash=\"#elementor-action%3Aaction%3Dlightbox%26settings%3DeyJpZCI6MzcxMiwidXJsIjoiaHR0cHM6XC9cL3Vwc2NhcGVzdHVkaW8uY29tXC93cC1jb250ZW50XC91cGxvYWRzXC8yMDIzXC8wMlwvMzUtMS53ZWJwIiwic2xpZGVzaG93IjoiZjQ1ZmE4NCJ9\" href='https:\/\/upscapestudio.com\/wp-content\/uploads\/2023\/02\/35-1.webp'><img loading=\"lazy\" decoding=\"async\" width=\"1080\" height=\"1080\" src=\"https:\/\/upscapestudio.com\/wp-content\/uploads\/2023\/02\/35-1.webp\" class=\"attachment-full size-full\" alt=\"Receitas - P\u00f5e-te na Linha\" srcset=\"https:\/\/upscapestudio.com\/wp-content\/uploads\/2023\/02\/35-1.webp 1080w, https:\/\/upscapestudio.com\/wp-content\/uploads\/2023\/02\/35-1-300x300.webp 300w, https:\/\/upscapestudio.com\/wp-content\/uploads\/2023\/02\/35-1-1024x1024.webp 1024w, https:\/\/upscapestudio.com\/wp-content\/uploads\/2023\/02\/35-1-150x150.webp 150w, https:\/\/upscapestudio.com\/wp-content\/uploads\/2023\/02\/35-1-768x768.webp 768w, https:\/\/upscapestudio.com\/wp-content\/uploads\/2023\/02\/35-1-12x12.webp 12w\" sizes=\"(max-width: 1080px) 100vw, 1080px\" \/><\/a>\n\t\t\t<\/div><\/figure><figure class='gallery-item'>\n\t\t\t<div class='gallery-icon landscape'>\n\t\t\t\t<a data-elementor-open-lightbox=\"yes\" data-elementor-lightbox-slideshow=\"f45fa84\" data-e-action-hash=\"#elementor-action%3Aaction%3Dlightbox%26settings%3DeyJpZCI6MzcxMSwidXJsIjoiaHR0cHM6XC9cL3Vwc2NhcGVzdHVkaW8uY29tXC93cC1jb250ZW50XC91cGxvYWRzXC8yMDIzXC8wMlwvNDAud2VicCIsInNsaWRlc2hvdyI6ImY0NWZhODQifQ%3D%3D\" href='https:\/\/upscapestudio.com\/wp-content\/uploads\/2023\/02\/40.webp'><img loading=\"lazy\" decoding=\"async\" width=\"1000\" height=\"1000\" src=\"https:\/\/upscapestudio.com\/wp-content\/uploads\/2023\/02\/40.webp\" class=\"attachment-full size-full\" alt=\"Consultas e Ebooks - P\u00f5e-te na Linha\" srcset=\"https:\/\/upscapestudio.com\/wp-content\/uploads\/2023\/02\/40.webp 1000w, https:\/\/upscapestudio.com\/wp-content\/uploads\/2023\/02\/40-300x300.webp 300w, https:\/\/upscapestudio.com\/wp-content\/uploads\/2023\/02\/40-150x150.webp 150w, https:\/\/upscapestudio.com\/wp-content\/uploads\/2023\/02\/40-768x768.webp 768w, https:\/\/upscapestudio.com\/wp-content\/uploads\/2023\/02\/40-12x12.webp 12w\" sizes=\"(max-width: 1000px) 100vw, 1000px\" \/><\/a>\n\t\t\t<\/div><\/figure>\n\t\t<\/div>\n\t\t<\/div>\n\t\t\t\t\t\t<\/div>\n\t\t\t\t<\/div>\n\t\t\t\t<div class=\"elementor-element elementor-element-4e057f5 elementor-align-center elementor-widget elementor-widget-button\" data-id=\"4e057f5\" data-element_type=\"widget\" data-e-type=\"widget\" data-widget_type=\"button.default\">\n\t\t\t\t<div class=\"elementor-widget-container\">\n\t\t\t\t\t\t\t\t\t<div class=\"elementor-button-wrapper\">\n\t\t\t\t\t<a class=\"elementor-button elementor-button-link elementor-size-sm\" href=\"https:\/\/upscapestudio.com\/en\/projetos\/\">\n\t\t\t\t\t\t<span class=\"elementor-button-content-wrapper\">\n\t\t\t\t\t\t\t\t\t<span class=\"elementor-button-text\">View other projects<\/span>\n\t\t\t\t\t<\/span>\n\t\t\t\t\t<\/a>\n\t\t\t\t<\/div>\n\t\t\t\t\t\t\t\t<\/div>\n\t\t\t\t<\/div>\n\t\t\t\t\t<\/div>\n\t\t<\/div>\n\t\t\t\t\t<\/div>\n\t\t<\/section>\n\t\t\t\t<\/div>","protected":false},"excerpt":{"rendered":"<p>P\u00f5e-te na Linha Voltar atr\u00e1s A Maria Gama \u00e9 uma refer\u00eancia na nutri\u00e7\u00e3o, com mais de 130.000 seguidores no instagram. O site do seu projeto, P\u00f5e-te na Linha, tem mais de 1200 artigos publicados, dezenas de ebooks e ementas, marca\u00e7\u00e3o de consultas e programas de subscri\u00e7\u00e3o. Tem ainda uma newsletter com mais de 10.000 seguidores. [&hellip;]<\/p>\n","protected":false},"author":1,"featured_media":3703,"parent":4246,"menu_order":0,"comment_status":"closed","ping_status":"closed","template":"","meta":{"footnotes":""},"class_list":["post-3661","page","type-page","status-publish","has-post-thumbnail","hentry"],"aioseo_notices":[],"_links":{"self":[{"href":"https:\/\/upscapestudio.com\/en\/wp-json\/wp\/v2\/pages\/3661","targetHints":{"allow":["GET"]}}],"collection":[{"href":"https:\/\/upscapestudio.com\/en\/wp-json\/wp\/v2\/pages"}],"about":[{"href":"https:\/\/upscapestudio.com\/en\/wp-json\/wp\/v2\/types\/page"}],"author":[{"embeddable":true,"href":"https:\/\/upscapestudio.com\/en\/wp-json\/wp\/v2\/users\/1"}],"replies":[{"embeddable":true,"href":"https:\/\/upscapestudio.com\/en\/wp-json\/wp\/v2\/comments?post=3661"}],"version-history":[{"count":6,"href":"https:\/\/upscapestudio.com\/en\/wp-json\/wp\/v2\/pages\/3661\/revisions"}],"predecessor-version":[{"id":6505,"href":"https:\/\/upscapestudio.com\/en\/wp-json\/wp\/v2\/pages\/3661\/revisions\/6505"}],"up":[{"embeddable":true,"href":"https:\/\/upscapestudio.com\/en\/wp-json\/wp\/v2\/pages\/4246"}],"wp:featuredmedia":[{"embeddable":true,"href":"https:\/\/upscapestudio.com\/en\/wp-json\/wp\/v2\/media\/3703"}],"wp:attachment":[{"href":"https:\/\/upscapestudio.com\/en\/wp-json\/wp\/v2\/media?parent=3661"}],"curies":[{"name":"wp","href":"https:\/\/api.w.org\/{rel}","templated":true}]}}