{"id":4366,"date":"2023-02-15T19:30:16","date_gmt":"2023-02-15T19:30:16","guid":{"rendered":"https:\/\/upscapestudio.com\/?page_id=4366"},"modified":"2024-03-15T09:51:56","modified_gmt":"2024-03-15T09:51:56","slug":"contabilidade-sem-segredos","status":"publish","type":"page","link":"https:\/\/upscapestudio.com\/en\/projetos\/contabilidade-sem-segredos\/","title":{"rendered":"Contabilidade Sem Segredos"},"content":{"rendered":"<div data-elementor-type=\"wp-page\" data-elementor-id=\"4366\" class=\"elementor elementor-4366\" data-elementor-post-type=\"page\">\n\t\t\t\t\t\t<section class=\"elementor-section elementor-top-section elementor-element elementor-element-0c5154d elementor-section-boxed elementor-section-height-default elementor-section-height-default\" data-id=\"0c5154d\" data-element_type=\"section\" data-e-type=\"section\" data-settings=\"{&quot;background_background&quot;:&quot;classic&quot;}\">\n\t\t\t\t\t\t<div class=\"elementor-container elementor-column-gap-default\">\n\t\t\t\t\t<div class=\"elementor-column elementor-col-100 elementor-top-column elementor-element elementor-element-53e520e\" data-id=\"53e520e\" data-element_type=\"column\" data-e-type=\"column\">\n\t\t\t<div class=\"elementor-widget-wrap elementor-element-populated\">\n\t\t\t\t\t\t<div class=\"elementor-element elementor-element-b5767fd elementor-widget elementor-widget-heading\" data-id=\"b5767fd\" data-element_type=\"widget\" data-e-type=\"widget\" data-widget_type=\"heading.default\">\n\t\t\t\t<div class=\"elementor-widget-container\">\n\t\t\t\t\t<h1 class=\"elementor-heading-title elementor-size-default\">Contabilidade Sem Segredos<\/h1>\t\t\t\t<\/div>\n\t\t\t\t<\/div>\n\t\t\t\t<div class=\"elementor-element elementor-element-f583115 elementor-align-left elementor-mobile-align-left elementor-widget elementor-widget-button\" data-id=\"f583115\" data-element_type=\"widget\" data-e-type=\"widget\" data-widget_type=\"button.default\">\n\t\t\t\t<div class=\"elementor-widget-container\">\n\t\t\t\t\t\t\t\t\t<div class=\"elementor-button-wrapper\">\n\t\t\t\t\t<a class=\"elementor-button elementor-button-link elementor-size-xs\" href=\"https:\/\/upscapestudio.com\/en\/projetos\/\">\n\t\t\t\t\t\t<span class=\"elementor-button-content-wrapper\">\n\t\t\t\t\t\t\t\t\t<span class=\"elementor-button-text\">Go back<\/span>\n\t\t\t\t\t<\/span>\n\t\t\t\t\t<\/a>\n\t\t\t\t<\/div>\n\t\t\t\t\t\t\t\t<\/div>\n\t\t\t\t<\/div>\n\t\t\t\t\t<\/div>\n\t\t<\/div>\n\t\t\t\t\t<\/div>\n\t\t<\/section>\n\t\t\t\t<section class=\"elementor-section elementor-top-section elementor-element elementor-element-6142475 elementor-section-boxed elementor-section-height-default elementor-section-height-default\" data-id=\"6142475\" data-element_type=\"section\" data-e-type=\"section\">\n\t\t\t\t\t\t<div class=\"elementor-container elementor-column-gap-default\">\n\t\t\t\t\t<div class=\"elementor-column elementor-col-50 elementor-top-column elementor-element elementor-element-683e73a\" data-id=\"683e73a\" data-element_type=\"column\" data-e-type=\"column\">\n\t\t\t<div class=\"elementor-widget-wrap elementor-element-populated\">\n\t\t\t\t\t\t<div class=\"elementor-element elementor-element-d854be1 elementor-widget elementor-widget-image\" data-id=\"d854be1\" data-element_type=\"widget\" data-e-type=\"widget\" data-widget_type=\"image.default\">\n\t\t\t\t<div class=\"elementor-widget-container\">\n\t\t\t\t\t\t\t\t\t\t\t\t\t\t\t\t<a href=\"https:\/\/upscapestudio.com\/wp-content\/uploads\/2023\/02\/capa_contabilidade_sem_segredos.webp\" data-elementor-open-lightbox=\"yes\" data-e-action-hash=\"#elementor-action%3Aaction%3Dlightbox%26settings%3DeyJpZCI6NDM2OCwidXJsIjoiaHR0cHM6XC9cL3Vwc2NhcGVzdHVkaW8uY29tXC93cC1jb250ZW50XC91cGxvYWRzXC8yMDIzXC8wMlwvY2FwYV9jb250YWJpbGlkYWRlX3NlbV9zZWdyZWRvcy53ZWJwIn0%3D\">\n\t\t\t\t\t\t\t<img fetchpriority=\"high\" decoding=\"async\" width=\"1131\" height=\"758\" src=\"https:\/\/upscapestudio.com\/wp-content\/uploads\/2023\/02\/capa_contabilidade_sem_segredos.webp\" class=\"attachment-full size-full wp-image-4368\" alt=\"Capa do site Contabilidade Sem Segredos\" srcset=\"https:\/\/upscapestudio.com\/wp-content\/uploads\/2023\/02\/capa_contabilidade_sem_segredos.webp 1131w, https:\/\/upscapestudio.com\/wp-content\/uploads\/2023\/02\/capa_contabilidade_sem_segredos-1024x686.webp 1024w, https:\/\/upscapestudio.com\/wp-content\/uploads\/2023\/02\/capa_contabilidade_sem_segredos-768x515.webp 768w, https:\/\/upscapestudio.com\/wp-content\/uploads\/2023\/02\/capa_contabilidade_sem_segredos-18x12.webp 18w\" sizes=\"(max-width: 1131px) 100vw, 1131px\" \/>\t\t\t\t\t\t\t\t<\/a>\n\t\t\t\t\t\t\t\t\t\t\t\t\t\t\t<\/div>\n\t\t\t\t<\/div>\n\t\t\t\t\t<\/div>\n\t\t<\/div>\n\t\t\t\t<div class=\"elementor-column elementor-col-50 elementor-top-column elementor-element elementor-element-0de001b\" data-id=\"0de001b\" data-element_type=\"column\" data-e-type=\"column\">\n\t\t\t<div class=\"elementor-widget-wrap elementor-element-populated\">\n\t\t\t\t\t\t<div class=\"elementor-element elementor-element-22a3dce4 elementor-widget elementor-widget-text-editor\" data-id=\"22a3dce4\" data-element_type=\"widget\" data-e-type=\"widget\" data-widget_type=\"text-editor.default\">\n\t\t\t\t<div class=\"elementor-widget-container\">\n\t\t\t\t\t\t\t\t\t<p>Andr\u00e9 Carvalho is the accountant of the project Contabilidade Sem Segredos. On the site he offers various services - from consulting sessions to courses on accounting for entrepreneurs. We also publish landing pages regularly to sell new courses promoted through instagram, where he has more than 16,000 followers.<\/p>\t\t\t\t\t\t\t\t<\/div>\n\t\t\t\t<\/div>\n\t\t\t\t<div class=\"elementor-element elementor-element-eedceaf elementor-widget elementor-widget-heading\" data-id=\"eedceaf\" data-element_type=\"widget\" data-e-type=\"widget\" data-widget_type=\"heading.default\">\n\t\t\t\t<div class=\"elementor-widget-container\">\n\t\t\t\t\t<h2 class=\"elementor-heading-title elementor-size-default\">Modules<\/h2>\t\t\t\t<\/div>\n\t\t\t\t<\/div>\n\t\t\t\t<div class=\"elementor-element elementor-element-cb237b8 dots elementor-icon-list--layout-traditional elementor-list-item-link-full_width elementor-widget elementor-widget-icon-list\" data-id=\"cb237b8\" data-element_type=\"widget\" data-e-type=\"widget\" data-widget_type=\"icon-list.default\">\n\t\t\t\t<div class=\"elementor-widget-container\">\n\t\t\t\t\t\t\t<ul class=\"elementor-icon-list-items\">\n\t\t\t\t\t\t\t<li class=\"elementor-icon-list-item\">\n\t\t\t\t\t\t\t\t\t\t\t<span class=\"elementor-icon-list-icon\">\n\t\t\t\t\t\t\t<i aria-hidden=\"true\" class=\"fas fa-circle\"><\/i>\t\t\t\t\t\t<\/span>\n\t\t\t\t\t\t\t\t\t\t<span class=\"elementor-icon-list-text\">Online accounting course platform<\/span>\n\t\t\t\t\t\t\t\t\t<\/li>\n\t\t\t\t\t\t\t\t<li class=\"elementor-icon-list-item\">\n\t\t\t\t\t\t\t\t\t\t\t<span class=\"elementor-icon-list-icon\">\n\t\t\t\t\t\t\t<i aria-hidden=\"true\" class=\"fas fa-circle\"><\/i>\t\t\t\t\t\t<\/span>\n\t\t\t\t\t\t\t\t\t\t<span class=\"elementor-icon-list-text\">Consulting Session Bookings<\/span>\n\t\t\t\t\t\t\t\t\t<\/li>\n\t\t\t\t\t\t\t\t<li class=\"elementor-icon-list-item\">\n\t\t\t\t\t\t\t\t\t\t\t<span class=\"elementor-icon-list-icon\">\n\t\t\t\t\t\t\t<i aria-hidden=\"true\" class=\"fas fa-circle\"><\/i>\t\t\t\t\t\t<\/span>\n\t\t\t\t\t\t\t\t\t\t<span class=\"elementor-icon-list-text\">Online Store<\/span>\n\t\t\t\t\t\t\t\t\t<\/li>\n\t\t\t\t\t\t\t\t<li class=\"elementor-icon-list-item\">\n\t\t\t\t\t\t\t\t\t\t\t<span class=\"elementor-icon-list-icon\">\n\t\t\t\t\t\t\t<i aria-hidden=\"true\" class=\"fas fa-circle\"><\/i>\t\t\t\t\t\t<\/span>\n\t\t\t\t\t\t\t\t\t\t<span class=\"elementor-icon-list-text\">Integrated payments - mbway, multibanco and credit and debit cards<\/span>\n\t\t\t\t\t\t\t\t\t<\/li>\n\t\t\t\t\t\t\t\t<li class=\"elementor-icon-list-item\">\n\t\t\t\t\t\t\t\t\t\t\t<span class=\"elementor-icon-list-icon\">\n\t\t\t\t\t\t\t<i aria-hidden=\"true\" class=\"fas fa-circle\"><\/i>\t\t\t\t\t\t<\/span>\n\t\t\t\t\t\t\t\t\t\t<span class=\"elementor-icon-list-text\">Back-office where promotions and discount coupons are created.<\/span>\n\t\t\t\t\t\t\t\t\t<\/li>\n\t\t\t\t\t\t\t\t<li class=\"elementor-icon-list-item\">\n\t\t\t\t\t\t\t\t\t\t\t<span class=\"elementor-icon-list-icon\">\n\t\t\t\t\t\t\t<i aria-hidden=\"true\" class=\"fas fa-circle\"><\/i>\t\t\t\t\t\t<\/span>\n\t\t\t\t\t\t\t\t\t\t<span class=\"elementor-icon-list-text\">Newsletter<\/span>\n\t\t\t\t\t\t\t\t\t<\/li>\n\t\t\t\t\t\t\t\t<li class=\"elementor-icon-list-item\">\n\t\t\t\t\t\t\t\t\t\t\t<span class=\"elementor-icon-list-icon\">\n\t\t\t\t\t\t\t<i aria-hidden=\"true\" class=\"fas fa-circle\"><\/i>\t\t\t\t\t\t<\/span>\n\t\t\t\t\t\t\t\t\t\t<span class=\"elementor-icon-list-text\">Invoicing Program<\/span>\n\t\t\t\t\t\t\t\t\t<\/li>\n\t\t\t\t\t\t<\/ul>\n\t\t\t\t\t\t<\/div>\n\t\t\t\t<\/div>\n\t\t\t\t<div class=\"elementor-element elementor-element-bfc78bd elementor-align-left elementor-widget elementor-widget-button\" data-id=\"bfc78bd\" data-element_type=\"widget\" data-e-type=\"widget\" data-widget_type=\"button.default\">\n\t\t\t\t<div class=\"elementor-widget-container\">\n\t\t\t\t\t\t\t\t\t<div class=\"elementor-button-wrapper\">\n\t\t\t\t\t<a class=\"elementor-button elementor-button-link elementor-size-sm\" href=\"https:\/\/contabilidadesemsegredos.pt\/\" target=\"_blank\">\n\t\t\t\t\t\t<span class=\"elementor-button-content-wrapper\">\n\t\t\t\t\t\t\t\t\t<span class=\"elementor-button-text\">View website<\/span>\n\t\t\t\t\t<\/span>\n\t\t\t\t\t<\/a>\n\t\t\t\t<\/div>\n\t\t\t\t\t\t\t\t<\/div>\n\t\t\t\t<\/div>\n\t\t\t\t\t<\/div>\n\t\t<\/div>\n\t\t\t\t\t<\/div>\n\t\t<\/section>\n\t\t\t\t<section class=\"elementor-section elementor-top-section elementor-element elementor-element-44ff3db elementor-section-boxed elementor-section-height-default elementor-section-height-default\" data-id=\"44ff3db\" data-element_type=\"section\" data-e-type=\"section\" data-settings=\"{&quot;background_background&quot;:&quot;classic&quot;}\">\n\t\t\t\t\t\t<div class=\"elementor-container elementor-column-gap-default\">\n\t\t\t\t\t<div class=\"elementor-column elementor-col-50 elementor-top-column elementor-element elementor-element-2b32ecc\" data-id=\"2b32ecc\" data-element_type=\"column\" data-e-type=\"column\">\n\t\t\t<div class=\"elementor-widget-wrap elementor-element-populated\">\n\t\t\t\t\t\t<div class=\"elementor-element elementor-element-d24ff77 elementor-widget elementor-widget-heading\" data-id=\"d24ff77\" data-element_type=\"widget\" data-e-type=\"widget\" data-widget_type=\"heading.default\">\n\t\t\t\t<div class=\"elementor-widget-container\">\n\t\t\t\t\t<h2 class=\"elementor-heading-title elementor-size-default\">Testimony of Andr\u00e9 Carvalho<\/h2>\t\t\t\t<\/div>\n\t\t\t\t<\/div>\n\t\t\t\t<div class=\"elementor-element elementor-element-f5dd181 elementor-widget elementor-widget-text-editor\" data-id=\"f5dd181\" data-element_type=\"widget\" data-e-type=\"widget\" data-widget_type=\"text-editor.default\">\n\t\t\t\t<div class=\"elementor-widget-container\">\n\t\t\t\t\t\t\t\t\t<p>\"I have known Francisco for 2 years now and he is and was a very important help for the success of my business, so I recommend his work. Today I don't dismiss his work and whenever clients need a programmer or web designer I only have one person to recommend.\"<\/p>\t\t\t\t\t\t\t\t<\/div>\n\t\t\t\t<\/div>\n\t\t\t\t\t<\/div>\n\t\t<\/div>\n\t\t\t\t<div class=\"elementor-column elementor-col-50 elementor-top-column elementor-element elementor-element-46f1d4c\" data-id=\"46f1d4c\" data-element_type=\"column\" data-e-type=\"column\">\n\t\t\t<div class=\"elementor-widget-wrap elementor-element-populated\">\n\t\t\t\t\t\t<div class=\"elementor-element elementor-element-4e2e751 elementor-widget elementor-widget-image\" data-id=\"4e2e751\" data-element_type=\"widget\" data-e-type=\"widget\" data-widget_type=\"image.default\">\n\t\t\t\t<div class=\"elementor-widget-container\">\n\t\t\t\t\t\t\t\t\t\t\t\t\t\t\t<img decoding=\"async\" width=\"361\" height=\"361\" src=\"https:\/\/upscapestudio.com\/wp-content\/uploads\/2023\/02\/andre.webp\" class=\"attachment-large size-large wp-image-4370\" alt=\"Andr\u00e9 Carvalho - contabilidade sem segredos\" srcset=\"https:\/\/upscapestudio.com\/wp-content\/uploads\/2023\/02\/andre.webp 361w, https:\/\/upscapestudio.com\/wp-content\/uploads\/2023\/02\/andre-300x300.webp 300w, https:\/\/upscapestudio.com\/wp-content\/uploads\/2023\/02\/andre-150x150.webp 150w, https:\/\/upscapestudio.com\/wp-content\/uploads\/2023\/02\/andre-12x12.webp 12w\" sizes=\"(max-width: 361px) 100vw, 361px\" \/>\t\t\t\t\t\t\t\t\t\t\t\t\t\t\t<\/div>\n\t\t\t\t<\/div>\n\t\t\t\t\t<\/div>\n\t\t<\/div>\n\t\t\t\t\t<\/div>\n\t\t<\/section>\n\t\t\t\t<section class=\"elementor-section elementor-top-section elementor-element elementor-element-83dcf92 elementor-section-boxed elementor-section-height-default elementor-section-height-default\" data-id=\"83dcf92\" data-element_type=\"section\" data-e-type=\"section\" data-settings=\"{&quot;background_background&quot;:&quot;classic&quot;}\">\n\t\t\t\t\t\t<div class=\"elementor-container elementor-column-gap-default\">\n\t\t\t\t\t<div class=\"elementor-column elementor-col-100 elementor-top-column elementor-element elementor-element-526d04b\" data-id=\"526d04b\" data-element_type=\"column\" data-e-type=\"column\">\n\t\t\t<div class=\"elementor-widget-wrap elementor-element-populated\">\n\t\t\t\t\t\t<div class=\"elementor-element elementor-element-1312c11 elementor-widget elementor-widget-heading\" data-id=\"1312c11\" data-element_type=\"widget\" data-e-type=\"widget\" data-widget_type=\"heading.default\">\n\t\t\t\t<div class=\"elementor-widget-container\">\n\t\t\t\t\t<h2 class=\"elementor-heading-title elementor-size-default\">Sample pages of Contabilidade Sem Segredos<\/h2>\t\t\t\t<\/div>\n\t\t\t\t<\/div>\n\t\t\t\t<div class=\"elementor-element elementor-element-f45fa84 gallery-spacing-custom elementor-widget elementor-widget-image-gallery\" data-id=\"f45fa84\" data-element_type=\"widget\" data-e-type=\"widget\" data-widget_type=\"image-gallery.default\">\n\t\t\t\t<div class=\"elementor-widget-container\">\n\t\t\t\t\t\t\t<div class=\"elementor-image-gallery\">\n\t\t\t<div id='gallery-1' class='gallery galleryid-4366 gallery-columns-3 gallery-size-full'><figure class='gallery-item'>\n\t\t\t<div class='gallery-icon landscape'>\n\t\t\t\t<a data-elementor-open-lightbox=\"yes\" data-elementor-lightbox-slideshow=\"f45fa84\" data-e-action-hash=\"#elementor-action%3Aaction%3Dlightbox%26settings%3DeyJpZCI6NDM3NywidXJsIjoiaHR0cHM6XC9cL3Vwc2NhcGVzdHVkaW8uY29tXC93cC1jb250ZW50XC91cGxvYWRzXC8yMDIzXC8wMlwvY29udGFiaWxpZGFkZV9zZW1fc2VncmVkb3MxLndlYnAiLCJzbGlkZXNob3ciOiJmNDVmYTg0In0%3D\" href='https:\/\/upscapestudio.com\/wp-content\/uploads\/2023\/02\/contabilidade_sem_segredos1.webp'><img decoding=\"async\" width=\"1080\" height=\"1080\" src=\"https:\/\/upscapestudio.com\/wp-content\/uploads\/2023\/02\/contabilidade_sem_segredos1.webp\" class=\"attachment-full size-full\" alt=\"Sobre - Contabilidade Sem Segredos\" srcset=\"https:\/\/upscapestudio.com\/wp-content\/uploads\/2023\/02\/contabilidade_sem_segredos1.webp 1080w, https:\/\/upscapestudio.com\/wp-content\/uploads\/2023\/02\/contabilidade_sem_segredos1-300x300.webp 300w, https:\/\/upscapestudio.com\/wp-content\/uploads\/2023\/02\/contabilidade_sem_segredos1-1024x1024.webp 1024w, https:\/\/upscapestudio.com\/wp-content\/uploads\/2023\/02\/contabilidade_sem_segredos1-150x150.webp 150w, https:\/\/upscapestudio.com\/wp-content\/uploads\/2023\/02\/contabilidade_sem_segredos1-768x768.webp 768w, https:\/\/upscapestudio.com\/wp-content\/uploads\/2023\/02\/contabilidade_sem_segredos1-12x12.webp 12w\" sizes=\"(max-width: 1080px) 100vw, 1080px\" \/><\/a>\n\t\t\t<\/div><\/figure><figure class='gallery-item'>\n\t\t\t<div class='gallery-icon landscape'>\n\t\t\t\t<a data-elementor-open-lightbox=\"yes\" data-elementor-lightbox-slideshow=\"f45fa84\" data-e-action-hash=\"#elementor-action%3Aaction%3Dlightbox%26settings%3DeyJpZCI6NDM3NiwidXJsIjoiaHR0cHM6XC9cL3Vwc2NhcGVzdHVkaW8uY29tXC93cC1jb250ZW50XC91cGxvYWRzXC8yMDIzXC8wMlwvY29udGFiaWxpZGFkZV9zZW1fc2VncmVkb3MyLndlYnAiLCJzbGlkZXNob3ciOiJmNDVmYTg0In0%3D\" href='https:\/\/upscapestudio.com\/wp-content\/uploads\/2023\/02\/contabilidade_sem_segredos2.webp'><img loading=\"lazy\" decoding=\"async\" width=\"1080\" height=\"1080\" src=\"https:\/\/upscapestudio.com\/wp-content\/uploads\/2023\/02\/contabilidade_sem_segredos2.webp\" class=\"attachment-full size-full\" alt=\"Servi\u00e7os - Contabilidade Sem Segredos\" srcset=\"https:\/\/upscapestudio.com\/wp-content\/uploads\/2023\/02\/contabilidade_sem_segredos2.webp 1080w, https:\/\/upscapestudio.com\/wp-content\/uploads\/2023\/02\/contabilidade_sem_segredos2-300x300.webp 300w, https:\/\/upscapestudio.com\/wp-content\/uploads\/2023\/02\/contabilidade_sem_segredos2-1024x1024.webp 1024w, https:\/\/upscapestudio.com\/wp-content\/uploads\/2023\/02\/contabilidade_sem_segredos2-150x150.webp 150w, https:\/\/upscapestudio.com\/wp-content\/uploads\/2023\/02\/contabilidade_sem_segredos2-768x768.webp 768w, https:\/\/upscapestudio.com\/wp-content\/uploads\/2023\/02\/contabilidade_sem_segredos2-12x12.webp 12w\" sizes=\"(max-width: 1080px) 100vw, 1080px\" \/><\/a>\n\t\t\t<\/div><\/figure><figure class='gallery-item'>\n\t\t\t<div class='gallery-icon landscape'>\n\t\t\t\t<a data-elementor-open-lightbox=\"yes\" data-elementor-lightbox-slideshow=\"f45fa84\" data-e-action-hash=\"#elementor-action%3Aaction%3Dlightbox%26settings%3DeyJpZCI6NDM3MywidXJsIjoiaHR0cHM6XC9cL3Vwc2NhcGVzdHVkaW8uY29tXC93cC1jb250ZW50XC91cGxvYWRzXC8yMDIzXC8wMlwvY29udGFiaWxpZGFkZV9zZW1fc2VncmVkb3M1LndlYnAiLCJzbGlkZXNob3ciOiJmNDVmYTg0In0%3D\" href='https:\/\/upscapestudio.com\/wp-content\/uploads\/2023\/02\/contabilidade_sem_segredos5.webp'><img loading=\"lazy\" decoding=\"async\" width=\"1080\" height=\"1080\" src=\"https:\/\/upscapestudio.com\/wp-content\/uploads\/2023\/02\/contabilidade_sem_segredos5.webp\" class=\"attachment-full size-full\" alt=\"Curso Empreendedores 1.0 - Contabilidade Sem Segredos\" srcset=\"https:\/\/upscapestudio.com\/wp-content\/uploads\/2023\/02\/contabilidade_sem_segredos5.webp 1080w, https:\/\/upscapestudio.com\/wp-content\/uploads\/2023\/02\/contabilidade_sem_segredos5-300x300.webp 300w, https:\/\/upscapestudio.com\/wp-content\/uploads\/2023\/02\/contabilidade_sem_segredos5-1024x1024.webp 1024w, https:\/\/upscapestudio.com\/wp-content\/uploads\/2023\/02\/contabilidade_sem_segredos5-150x150.webp 150w, https:\/\/upscapestudio.com\/wp-content\/uploads\/2023\/02\/contabilidade_sem_segredos5-768x768.webp 768w, https:\/\/upscapestudio.com\/wp-content\/uploads\/2023\/02\/contabilidade_sem_segredos5-12x12.webp 12w\" sizes=\"(max-width: 1080px) 100vw, 1080px\" \/><\/a>\n\t\t\t<\/div><\/figure><figure class='gallery-item'>\n\t\t\t<div class='gallery-icon landscape'>\n\t\t\t\t<a data-elementor-open-lightbox=\"yes\" data-elementor-lightbox-slideshow=\"f45fa84\" data-e-action-hash=\"#elementor-action%3Aaction%3Dlightbox%26settings%3DeyJpZCI6NDM3NCwidXJsIjoiaHR0cHM6XC9cL3Vwc2NhcGVzdHVkaW8uY29tXC93cC1jb250ZW50XC91cGxvYWRzXC8yMDIzXC8wMlwvY29udGFiaWxpZGFkZV9zZW1fc2VncmVkb3M0LndlYnAiLCJzbGlkZXNob3ciOiJmNDVmYTg0In0%3D\" href='https:\/\/upscapestudio.com\/wp-content\/uploads\/2023\/02\/contabilidade_sem_segredos4.webp'><img loading=\"lazy\" decoding=\"async\" width=\"1080\" height=\"1080\" src=\"https:\/\/upscapestudio.com\/wp-content\/uploads\/2023\/02\/contabilidade_sem_segredos4.webp\" class=\"attachment-full size-full\" alt=\"Seguidores - Contabilidade Sem Segredos\" srcset=\"https:\/\/upscapestudio.com\/wp-content\/uploads\/2023\/02\/contabilidade_sem_segredos4.webp 1080w, https:\/\/upscapestudio.com\/wp-content\/uploads\/2023\/02\/contabilidade_sem_segredos4-300x300.webp 300w, https:\/\/upscapestudio.com\/wp-content\/uploads\/2023\/02\/contabilidade_sem_segredos4-1024x1024.webp 1024w, https:\/\/upscapestudio.com\/wp-content\/uploads\/2023\/02\/contabilidade_sem_segredos4-150x150.webp 150w, https:\/\/upscapestudio.com\/wp-content\/uploads\/2023\/02\/contabilidade_sem_segredos4-768x768.webp 768w, https:\/\/upscapestudio.com\/wp-content\/uploads\/2023\/02\/contabilidade_sem_segredos4-12x12.webp 12w\" sizes=\"(max-width: 1080px) 100vw, 1080px\" \/><\/a>\n\t\t\t<\/div><\/figure><figure class='gallery-item'>\n\t\t\t<div class='gallery-icon landscape'>\n\t\t\t\t<a data-elementor-open-lightbox=\"yes\" data-elementor-lightbox-slideshow=\"f45fa84\" data-e-action-hash=\"#elementor-action%3Aaction%3Dlightbox%26settings%3DeyJpZCI6NDM3MSwidXJsIjoiaHR0cHM6XC9cL3Vwc2NhcGVzdHVkaW8uY29tXC93cC1jb250ZW50XC91cGxvYWRzXC8yMDIzXC8wMlwvY29udGFiaWxpZGFkZV9zZW1fc2VncmVkb3M3LndlYnAiLCJzbGlkZXNob3ciOiJmNDVmYTg0In0%3D\" href='https:\/\/upscapestudio.com\/wp-content\/uploads\/2023\/02\/contabilidade_sem_segredos7.webp'><img loading=\"lazy\" decoding=\"async\" width=\"1080\" height=\"1080\" src=\"https:\/\/upscapestudio.com\/wp-content\/uploads\/2023\/02\/contabilidade_sem_segredos7.webp\" class=\"attachment-full size-full\" alt=\"Ecr\u00e3s de telem\u00f3vel e sess\u00f5es de consultoria - Contabilidade Sem Segredos\" srcset=\"https:\/\/upscapestudio.com\/wp-content\/uploads\/2023\/02\/contabilidade_sem_segredos7.webp 1080w, https:\/\/upscapestudio.com\/wp-content\/uploads\/2023\/02\/contabilidade_sem_segredos7-300x300.webp 300w, https:\/\/upscapestudio.com\/wp-content\/uploads\/2023\/02\/contabilidade_sem_segredos7-1024x1024.webp 1024w, https:\/\/upscapestudio.com\/wp-content\/uploads\/2023\/02\/contabilidade_sem_segredos7-150x150.webp 150w, https:\/\/upscapestudio.com\/wp-content\/uploads\/2023\/02\/contabilidade_sem_segredos7-768x768.webp 768w, https:\/\/upscapestudio.com\/wp-content\/uploads\/2023\/02\/contabilidade_sem_segredos7-12x12.webp 12w\" sizes=\"(max-width: 1080px) 100vw, 1080px\" \/><\/a>\n\t\t\t<\/div><\/figure><figure class='gallery-item'>\n\t\t\t<div class='gallery-icon landscape'>\n\t\t\t\t<a data-elementor-open-lightbox=\"yes\" data-elementor-lightbox-slideshow=\"f45fa84\" data-e-action-hash=\"#elementor-action%3Aaction%3Dlightbox%26settings%3DeyJpZCI6NDM3MiwidXJsIjoiaHR0cHM6XC9cL3Vwc2NhcGVzdHVkaW8uY29tXC93cC1jb250ZW50XC91cGxvYWRzXC8yMDIzXC8wMlwvY29udGFiaWxpZGFkZV9zZW1fc2VncmVkb3M2LndlYnAiLCJzbGlkZXNob3ciOiJmNDVmYTg0In0%3D\" href='https:\/\/upscapestudio.com\/wp-content\/uploads\/2023\/02\/contabilidade_sem_segredos6.webp'><img loading=\"lazy\" decoding=\"async\" width=\"1080\" height=\"1080\" src=\"https:\/\/upscapestudio.com\/wp-content\/uploads\/2023\/02\/contabilidade_sem_segredos6.webp\" class=\"attachment-full size-full\" alt=\"Contactos - Contabilidade Sem Segredos\" srcset=\"https:\/\/upscapestudio.com\/wp-content\/uploads\/2023\/02\/contabilidade_sem_segredos6.webp 1080w, https:\/\/upscapestudio.com\/wp-content\/uploads\/2023\/02\/contabilidade_sem_segredos6-300x300.webp 300w, https:\/\/upscapestudio.com\/wp-content\/uploads\/2023\/02\/contabilidade_sem_segredos6-1024x1024.webp 1024w, https:\/\/upscapestudio.com\/wp-content\/uploads\/2023\/02\/contabilidade_sem_segredos6-150x150.webp 150w, https:\/\/upscapestudio.com\/wp-content\/uploads\/2023\/02\/contabilidade_sem_segredos6-768x768.webp 768w, https:\/\/upscapestudio.com\/wp-content\/uploads\/2023\/02\/contabilidade_sem_segredos6-12x12.webp 12w\" sizes=\"(max-width: 1080px) 100vw, 1080px\" \/><\/a>\n\t\t\t<\/div><\/figure>\n\t\t<\/div>\n\t\t<\/div>\n\t\t\t\t\t\t<\/div>\n\t\t\t\t<\/div>\n\t\t\t\t<div class=\"elementor-element elementor-element-4e057f5 elementor-align-center elementor-widget elementor-widget-button\" data-id=\"4e057f5\" data-element_type=\"widget\" data-e-type=\"widget\" data-widget_type=\"button.default\">\n\t\t\t\t<div class=\"elementor-widget-container\">\n\t\t\t\t\t\t\t\t\t<div class=\"elementor-button-wrapper\">\n\t\t\t\t\t<a class=\"elementor-button elementor-button-link elementor-size-sm\" href=\"https:\/\/upscapestudio.com\/en\/projetos\/\">\n\t\t\t\t\t\t<span class=\"elementor-button-content-wrapper\">\n\t\t\t\t\t\t\t\t\t<span class=\"elementor-button-text\">View other projects<\/span>\n\t\t\t\t\t<\/span>\n\t\t\t\t\t<\/a>\n\t\t\t\t<\/div>\n\t\t\t\t\t\t\t\t<\/div>\n\t\t\t\t<\/div>\n\t\t\t\t\t<\/div>\n\t\t<\/div>\n\t\t\t\t\t<\/div>\n\t\t<\/section>\n\t\t\t\t<\/div>","protected":false},"excerpt":{"rendered":"<p>Contabilidade Sem Segredos Voltar atr\u00e1s O Andr\u00e9 Carvalho \u00e9 o contabilista do projeto Contabilidade Sem Segredos. No site oferece v\u00e1rios servi\u00e7os &#8211; desde sess\u00f5es de consultoria a cursos sobre contabilidade para empreendedores. Tamb\u00e9m vamos publicado landing pages regularmente para venda de novos cursos promovidos atrav\u00e9s do instagram, onde tem mais de 16.000 seguidores. M\u00f3dulos Plataforma [&hellip;]<\/p>\n","protected":false},"author":1,"featured_media":4377,"parent":4246,"menu_order":0,"comment_status":"closed","ping_status":"closed","template":"","meta":{"footnotes":""},"class_list":["post-4366","page","type-page","status-publish","has-post-thumbnail","hentry"],"aioseo_notices":[],"_links":{"self":[{"href":"https:\/\/upscapestudio.com\/en\/wp-json\/wp\/v2\/pages\/4366","targetHints":{"allow":["GET"]}}],"collection":[{"href":"https:\/\/upscapestudio.com\/en\/wp-json\/wp\/v2\/pages"}],"about":[{"href":"https:\/\/upscapestudio.com\/en\/wp-json\/wp\/v2\/types\/page"}],"author":[{"embeddable":true,"href":"https:\/\/upscapestudio.com\/en\/wp-json\/wp\/v2\/users\/1"}],"replies":[{"embeddable":true,"href":"https:\/\/upscapestudio.com\/en\/wp-json\/wp\/v2\/comments?post=4366"}],"version-history":[{"count":6,"href":"https:\/\/upscapestudio.com\/en\/wp-json\/wp\/v2\/pages\/4366\/revisions"}],"predecessor-version":[{"id":6523,"href":"https:\/\/upscapestudio.com\/en\/wp-json\/wp\/v2\/pages\/4366\/revisions\/6523"}],"up":[{"embeddable":true,"href":"https:\/\/upscapestudio.com\/en\/wp-json\/wp\/v2\/pages\/4246"}],"wp:featuredmedia":[{"embeddable":true,"href":"https:\/\/upscapestudio.com\/en\/wp-json\/wp\/v2\/media\/4377"}],"wp:attachment":[{"href":"https:\/\/upscapestudio.com\/en\/wp-json\/wp\/v2\/media?parent=4366"}],"curies":[{"name":"wp","href":"https:\/\/api.w.org\/{rel}","templated":true}]}}