{"id":4554,"date":"2023-02-21T10:50:19","date_gmt":"2023-02-21T10:50:19","guid":{"rendered":"https:\/\/upscapestudio.com\/?page_id=4554"},"modified":"2024-03-15T09:52:30","modified_gmt":"2024-03-15T09:52:30","slug":"livestoked","status":"publish","type":"page","link":"https:\/\/upscapestudio.com\/en\/projetos\/livestoked\/","title":{"rendered":"Livestoked"},"content":{"rendered":"<div data-elementor-type=\"wp-page\" data-elementor-id=\"4554\" class=\"elementor elementor-4554\" data-elementor-post-type=\"page\">\n\t\t\t\t\t\t<section class=\"elementor-section elementor-top-section elementor-element elementor-element-0c5154d elementor-section-boxed elementor-section-height-default elementor-section-height-default\" data-id=\"0c5154d\" data-element_type=\"section\" data-e-type=\"section\" data-settings=\"{&quot;background_background&quot;:&quot;classic&quot;}\">\n\t\t\t\t\t\t<div class=\"elementor-container elementor-column-gap-default\">\n\t\t\t\t\t<div class=\"elementor-column elementor-col-100 elementor-top-column elementor-element elementor-element-53e520e\" data-id=\"53e520e\" data-element_type=\"column\" data-e-type=\"column\">\n\t\t\t<div class=\"elementor-widget-wrap elementor-element-populated\">\n\t\t\t\t\t\t<div class=\"elementor-element elementor-element-b5767fd elementor-widget elementor-widget-heading\" data-id=\"b5767fd\" data-element_type=\"widget\" data-e-type=\"widget\" data-widget_type=\"heading.default\">\n\t\t\t\t<div class=\"elementor-widget-container\">\n\t\t\t\t\t<h1 class=\"elementor-heading-title elementor-size-default\">Livestocked Shapes<\/h1>\t\t\t\t<\/div>\n\t\t\t\t<\/div>\n\t\t\t\t<div class=\"elementor-element elementor-element-21d2b59 elementor-align-left elementor-mobile-align-left elementor-widget elementor-widget-button\" data-id=\"21d2b59\" data-element_type=\"widget\" data-e-type=\"widget\" data-widget_type=\"button.default\">\n\t\t\t\t<div class=\"elementor-widget-container\">\n\t\t\t\t\t\t\t\t\t<div class=\"elementor-button-wrapper\">\n\t\t\t\t\t<a class=\"elementor-button elementor-button-link elementor-size-xs\" href=\"https:\/\/upscapestudio.com\/en\/projetos\/\">\n\t\t\t\t\t\t<span class=\"elementor-button-content-wrapper\">\n\t\t\t\t\t\t\t\t\t<span class=\"elementor-button-text\">Go back<\/span>\n\t\t\t\t\t<\/span>\n\t\t\t\t\t<\/a>\n\t\t\t\t<\/div>\n\t\t\t\t\t\t\t\t<\/div>\n\t\t\t\t<\/div>\n\t\t\t\t\t<\/div>\n\t\t<\/div>\n\t\t\t\t\t<\/div>\n\t\t<\/section>\n\t\t\t\t<section class=\"elementor-section elementor-top-section elementor-element elementor-element-d96b271 elementor-section-boxed elementor-section-height-default elementor-section-height-default\" data-id=\"d96b271\" data-element_type=\"section\" data-e-type=\"section\">\n\t\t\t\t\t\t<div class=\"elementor-container elementor-column-gap-default\">\n\t\t\t\t\t<div class=\"elementor-column elementor-col-50 elementor-top-column elementor-element elementor-element-343468c\" data-id=\"343468c\" data-element_type=\"column\" data-e-type=\"column\">\n\t\t\t<div class=\"elementor-widget-wrap elementor-element-populated\">\n\t\t\t\t\t\t<div class=\"elementor-element elementor-element-d854be1 elementor-widget elementor-widget-image\" data-id=\"d854be1\" data-element_type=\"widget\" data-e-type=\"widget\" data-widget_type=\"image.default\">\n\t\t\t\t<div class=\"elementor-widget-container\">\n\t\t\t\t\t\t\t\t\t\t\t\t\t\t\t\t<a href=\"https:\/\/upscapestudio.com\/wp-content\/uploads\/2023\/02\/capa-site-livestoked-shapes.png\" data-elementor-open-lightbox=\"yes\" data-e-action-hash=\"#elementor-action%3Aaction%3Dlightbox%26settings%3DeyJpZCI6NDU1NywidXJsIjoiaHR0cHM6XC9cL3Vwc2NhcGVzdHVkaW8uY29tXC93cC1jb250ZW50XC91cGxvYWRzXC8yMDIzXC8wMlwvY2FwYS1zaXRlLWxpdmVzdG9rZWQtc2hhcGVzLnBuZyJ9\">\n\t\t\t\t\t\t\t<img fetchpriority=\"high\" decoding=\"async\" width=\"1082\" height=\"957\" src=\"https:\/\/upscapestudio.com\/wp-content\/uploads\/2023\/02\/capa-site-livestoked-shapes.png\" class=\"attachment-full size-full wp-image-4557\" alt=\"Capa do site Livestoked Shapes - desenvolvido por Francisco Ferreira, Upscape Studio\" srcset=\"https:\/\/upscapestudio.com\/wp-content\/uploads\/2023\/02\/capa-site-livestoked-shapes.png.webp 1082w, https:\/\/upscapestudio.com\/wp-content\/uploads\/2023\/02\/capa-site-livestoked-shapes-1024x906.png.webp 1024w, https:\/\/upscapestudio.com\/wp-content\/uploads\/2023\/02\/capa-site-livestoked-shapes-768x679.png.webp 768w, https:\/\/upscapestudio.com\/wp-content\/uploads\/2023\/02\/capa-site-livestoked-shapes-14x12.png.webp 14w\" sizes=\"(max-width: 1082px) 100vw, 1082px\" \/>\t\t\t\t\t\t\t\t<\/a>\n\t\t\t\t\t\t\t\t\t\t\t\t\t\t\t<\/div>\n\t\t\t\t<\/div>\n\t\t\t\t\t<\/div>\n\t\t<\/div>\n\t\t\t\t<div class=\"elementor-column elementor-col-50 elementor-top-column elementor-element elementor-element-f312d0a\" data-id=\"f312d0a\" data-element_type=\"column\" data-e-type=\"column\">\n\t\t\t<div class=\"elementor-widget-wrap elementor-element-populated\">\n\t\t\t\t\t\t<div class=\"elementor-element elementor-element-22a3dce4 elementor-widget elementor-widget-text-editor\" data-id=\"22a3dce4\" data-element_type=\"widget\" data-e-type=\"widget\" data-widget_type=\"text-editor.default\">\n\t\t\t\t<div class=\"elementor-widget-container\">\n\t\t\t\t\t\t\t\t\t<p>Livestoked is a surfboard brand from Ferrel, Peniche. Manel has a gift for shaping and his boards distinguish themselves by being completely hand made and by incorporating various artistic elements.<\/p>\t\t\t\t\t\t\t\t<\/div>\n\t\t\t\t<\/div>\n\t\t\t\t<div class=\"elementor-element elementor-element-eedceaf elementor-widget elementor-widget-heading\" data-id=\"eedceaf\" data-element_type=\"widget\" data-e-type=\"widget\" data-widget_type=\"heading.default\">\n\t\t\t\t<div class=\"elementor-widget-container\">\n\t\t\t\t\t<h2 class=\"elementor-heading-title elementor-size-default\">Modules<\/h2>\t\t\t\t<\/div>\n\t\t\t\t<\/div>\n\t\t\t\t<div class=\"elementor-element elementor-element-cb237b8 dots elementor-icon-list--layout-traditional elementor-list-item-link-full_width elementor-widget elementor-widget-icon-list\" data-id=\"cb237b8\" data-element_type=\"widget\" data-e-type=\"widget\" data-widget_type=\"icon-list.default\">\n\t\t\t\t<div class=\"elementor-widget-container\">\n\t\t\t\t\t\t\t<ul class=\"elementor-icon-list-items\">\n\t\t\t\t\t\t\t<li class=\"elementor-icon-list-item\">\n\t\t\t\t\t\t\t\t\t\t\t<span class=\"elementor-icon-list-icon\">\n\t\t\t\t\t\t\t<i aria-hidden=\"true\" class=\"fas fa-circle\"><\/i>\t\t\t\t\t\t<\/span>\n\t\t\t\t\t\t\t\t\t\t<span class=\"elementor-icon-list-text\">Photo Gallery<\/span>\n\t\t\t\t\t\t\t\t\t<\/li>\n\t\t\t\t\t\t\t\t<li class=\"elementor-icon-list-item\">\n\t\t\t\t\t\t\t\t\t\t\t<span class=\"elementor-icon-list-icon\">\n\t\t\t\t\t\t\t<i aria-hidden=\"true\" class=\"fas fa-circle\"><\/i>\t\t\t\t\t\t<\/span>\n\t\t\t\t\t\t\t\t\t\t<span class=\"elementor-icon-list-text\">Page with the 7 models of Livestoked boards<\/span>\n\t\t\t\t\t\t\t\t\t<\/li>\n\t\t\t\t\t\t\t\t<li class=\"elementor-icon-list-item\">\n\t\t\t\t\t\t\t\t\t\t\t<span class=\"elementor-icon-list-icon\">\n\t\t\t\t\t\t\t<i aria-hidden=\"true\" class=\"fas fa-circle\"><\/i>\t\t\t\t\t\t<\/span>\n\t\t\t\t\t\t\t\t\t\t<span class=\"elementor-icon-list-text\">Online store with Livestoked t-shirts<\/span>\n\t\t\t\t\t\t\t\t\t<\/li>\n\t\t\t\t\t\t\t\t<li class=\"elementor-icon-list-item\">\n\t\t\t\t\t\t\t\t\t\t\t<span class=\"elementor-icon-list-icon\">\n\t\t\t\t\t\t\t<i aria-hidden=\"true\" class=\"fas fa-circle\"><\/i>\t\t\t\t\t\t<\/span>\n\t\t\t\t\t\t\t\t\t\t<span class=\"elementor-icon-list-text\">Integrated payments - mbway, multibanco and credit and debit cards<\/span>\n\t\t\t\t\t\t\t\t\t<\/li>\n\t\t\t\t\t\t\t\t<li class=\"elementor-icon-list-item\">\n\t\t\t\t\t\t\t\t\t\t\t<span class=\"elementor-icon-list-icon\">\n\t\t\t\t\t\t\t<i aria-hidden=\"true\" class=\"fas fa-circle\"><\/i>\t\t\t\t\t\t<\/span>\n\t\t\t\t\t\t\t\t\t\t<span class=\"elementor-icon-list-text\">Contact page with form<\/span>\n\t\t\t\t\t\t\t\t\t<\/li>\n\t\t\t\t\t\t<\/ul>\n\t\t\t\t\t\t<\/div>\n\t\t\t\t<\/div>\n\t\t\t\t<div class=\"elementor-element elementor-element-bfc78bd elementor-align-left elementor-widget elementor-widget-button\" data-id=\"bfc78bd\" data-element_type=\"widget\" data-e-type=\"widget\" data-widget_type=\"button.default\">\n\t\t\t\t<div class=\"elementor-widget-container\">\n\t\t\t\t\t\t\t\t\t<div class=\"elementor-button-wrapper\">\n\t\t\t\t\t<a class=\"elementor-button elementor-button-link elementor-size-sm\" href=\"https:\/\/livestokedshapes.com\/\" target=\"_blank\">\n\t\t\t\t\t\t<span class=\"elementor-button-content-wrapper\">\n\t\t\t\t\t\t\t\t\t<span class=\"elementor-button-text\">View website<\/span>\n\t\t\t\t\t<\/span>\n\t\t\t\t\t<\/a>\n\t\t\t\t<\/div>\n\t\t\t\t\t\t\t\t<\/div>\n\t\t\t\t<\/div>\n\t\t\t\t\t<\/div>\n\t\t<\/div>\n\t\t\t\t\t<\/div>\n\t\t<\/section>\n\t\t\t\t<section class=\"elementor-section elementor-top-section elementor-element elementor-element-44ff3db elementor-section-boxed elementor-section-height-default elementor-section-height-default\" data-id=\"44ff3db\" data-element_type=\"section\" data-e-type=\"section\" data-settings=\"{&quot;background_background&quot;:&quot;classic&quot;}\">\n\t\t\t\t\t\t<div class=\"elementor-container elementor-column-gap-default\">\n\t\t\t\t\t<div class=\"elementor-column elementor-col-50 elementor-top-column elementor-element elementor-element-2b32ecc\" data-id=\"2b32ecc\" data-element_type=\"column\" data-e-type=\"column\">\n\t\t\t<div class=\"elementor-widget-wrap elementor-element-populated\">\n\t\t\t\t\t\t<div class=\"elementor-element elementor-element-d24ff77 elementor-widget elementor-widget-heading\" data-id=\"d24ff77\" data-element_type=\"widget\" data-e-type=\"widget\" data-widget_type=\"heading.default\">\n\t\t\t\t<div class=\"elementor-widget-container\">\n\t\t\t\t\t<h2 class=\"elementor-heading-title elementor-size-default\">Testimony of Manel Sousa<\/h2>\t\t\t\t<\/div>\n\t\t\t\t<\/div>\n\t\t\t\t<div class=\"elementor-element elementor-element-f5dd181 elementor-widget elementor-widget-text-editor\" data-id=\"f5dd181\" data-element_type=\"widget\" data-e-type=\"widget\" data-widget_type=\"text-editor.default\">\n\t\t\t\t<div class=\"elementor-widget-container\">\n\t\t\t\t\t\t\t\t\t<p>\u201cFrancisco did my website and I highly recommend that you do the same if you are looking to get a website for your business!<\/p><p>He has an excellent work ethic and is able to make you a website to match your specific needs.<\/p><p>He can also do maintenance, update work as well as web-shops.<\/p><p>Many thanks<span style=\"font-family: var( --e-global-typography-text-font-family ), Sans-serif; font-size: 16px;\">&#8220;<\/span><\/p>\t\t\t\t\t\t\t\t<\/div>\n\t\t\t\t<\/div>\n\t\t\t\t\t<\/div>\n\t\t<\/div>\n\t\t\t\t<div class=\"elementor-column elementor-col-50 elementor-top-column elementor-element elementor-element-46f1d4c\" data-id=\"46f1d4c\" data-element_type=\"column\" data-e-type=\"column\">\n\t\t\t<div class=\"elementor-widget-wrap elementor-element-populated\">\n\t\t\t\t\t\t<div class=\"elementor-element elementor-element-912056a elementor-widget elementor-widget-image\" data-id=\"912056a\" data-element_type=\"widget\" data-e-type=\"widget\" data-widget_type=\"image.default\">\n\t\t\t\t<div class=\"elementor-widget-container\">\n\t\t\t\t\t\t\t\t\t\t\t\t\t\t\t<img decoding=\"async\" width=\"300\" height=\"300\" src=\"https:\/\/upscapestudio.com\/wp-content\/uploads\/2023\/02\/manuel-sousa.webp\" class=\"attachment-large size-large wp-image-4155\" alt=\"Manel Sousa - Livestoked Shapes\" srcset=\"https:\/\/upscapestudio.com\/wp-content\/uploads\/2023\/02\/manuel-sousa.webp 300w, https:\/\/upscapestudio.com\/wp-content\/uploads\/2023\/02\/manuel-sousa-150x150.webp 150w, https:\/\/upscapestudio.com\/wp-content\/uploads\/2023\/02\/manuel-sousa-12x12.webp 12w\" sizes=\"(max-width: 300px) 100vw, 300px\" \/>\t\t\t\t\t\t\t\t\t\t\t\t\t\t\t<\/div>\n\t\t\t\t<\/div>\n\t\t\t\t\t<\/div>\n\t\t<\/div>\n\t\t\t\t\t<\/div>\n\t\t<\/section>\n\t\t\t\t<section class=\"elementor-section elementor-top-section elementor-element elementor-element-83dcf92 elementor-section-boxed elementor-section-height-default elementor-section-height-default\" data-id=\"83dcf92\" data-element_type=\"section\" data-e-type=\"section\" data-settings=\"{&quot;background_background&quot;:&quot;classic&quot;}\">\n\t\t\t\t\t\t<div class=\"elementor-container elementor-column-gap-default\">\n\t\t\t\t\t<div class=\"elementor-column elementor-col-100 elementor-top-column elementor-element elementor-element-526d04b\" data-id=\"526d04b\" data-element_type=\"column\" data-e-type=\"column\">\n\t\t\t<div class=\"elementor-widget-wrap elementor-element-populated\">\n\t\t\t\t\t\t<div class=\"elementor-element elementor-element-1312c11 elementor-widget elementor-widget-heading\" data-id=\"1312c11\" data-element_type=\"widget\" data-e-type=\"widget\" data-widget_type=\"heading.default\">\n\t\t\t\t<div class=\"elementor-widget-container\">\n\t\t\t\t\t<h2 class=\"elementor-heading-title elementor-size-default\">Sample pages of Livestoked Shapes<\/h2>\t\t\t\t<\/div>\n\t\t\t\t<\/div>\n\t\t\t\t<div class=\"elementor-element elementor-element-f45fa84 gallery-spacing-custom elementor-widget elementor-widget-image-gallery\" data-id=\"f45fa84\" data-element_type=\"widget\" data-e-type=\"widget\" data-widget_type=\"image-gallery.default\">\n\t\t\t\t<div class=\"elementor-widget-container\">\n\t\t\t\t\t\t\t<div class=\"elementor-image-gallery\">\n\t\t\t<div id='gallery-1' class='gallery galleryid-4554 gallery-columns-3 gallery-size-full'><figure class='gallery-item'>\n\t\t\t<div class='gallery-icon landscape'>\n\t\t\t\t<a data-elementor-open-lightbox=\"yes\" data-elementor-lightbox-slideshow=\"f45fa84\" data-e-action-hash=\"#elementor-action%3Aaction%3Dlightbox%26settings%3DeyJpZCI6NDU2MiwidXJsIjoiaHR0cHM6XC9cL3Vwc2NhcGVzdHVkaW8uY29tXC93cC1jb250ZW50XC91cGxvYWRzXC8yMDIzXC8wMlwvc2l0ZS1saXZlc3Rva2VkLXNoYXBlcy02LndlYnAiLCJzbGlkZXNob3ciOiJmNDVmYTg0In0%3D\" href='https:\/\/upscapestudio.com\/wp-content\/uploads\/2023\/02\/site-livestoked-shapes-6.webp'><img decoding=\"async\" width=\"1080\" height=\"1080\" src=\"https:\/\/upscapestudio.com\/wp-content\/uploads\/2023\/02\/site-livestoked-shapes-6.webp\" class=\"attachment-full size-full\" alt=\"Ecr\u00e3s de telem\u00f3vel com p\u00e1gina principal e shapes - site Livestoked Shapes\" srcset=\"https:\/\/upscapestudio.com\/wp-content\/uploads\/2023\/02\/site-livestoked-shapes-6.webp 1080w, https:\/\/upscapestudio.com\/wp-content\/uploads\/2023\/02\/site-livestoked-shapes-6-300x300.webp 300w, https:\/\/upscapestudio.com\/wp-content\/uploads\/2023\/02\/site-livestoked-shapes-6-1024x1024.webp 1024w, https:\/\/upscapestudio.com\/wp-content\/uploads\/2023\/02\/site-livestoked-shapes-6-150x150.webp 150w, https:\/\/upscapestudio.com\/wp-content\/uploads\/2023\/02\/site-livestoked-shapes-6-768x768.webp 768w, https:\/\/upscapestudio.com\/wp-content\/uploads\/2023\/02\/site-livestoked-shapes-6-12x12.webp 12w\" sizes=\"(max-width: 1080px) 100vw, 1080px\" \/><\/a>\n\t\t\t<\/div><\/figure><figure class='gallery-item'>\n\t\t\t<div class='gallery-icon landscape'>\n\t\t\t\t<a data-elementor-open-lightbox=\"yes\" data-elementor-lightbox-slideshow=\"f45fa84\" data-e-action-hash=\"#elementor-action%3Aaction%3Dlightbox%26settings%3DeyJpZCI6NDU2MSwidXJsIjoiaHR0cHM6XC9cL3Vwc2NhcGVzdHVkaW8uY29tXC93cC1jb250ZW50XC91cGxvYWRzXC8yMDIzXC8wMlwvc2l0ZS1saXZlc3Rva2VkLXNoYXBlcy0xLndlYnAiLCJzbGlkZXNob3ciOiJmNDVmYTg0In0%3D\" href='https:\/\/upscapestudio.com\/wp-content\/uploads\/2023\/02\/site-livestoked-shapes-1.webp'><img loading=\"lazy\" decoding=\"async\" width=\"1080\" height=\"1080\" src=\"https:\/\/upscapestudio.com\/wp-content\/uploads\/2023\/02\/site-livestoked-shapes-1.webp\" class=\"attachment-full size-full\" alt=\"Capa do site - Livestoked Shapes\" srcset=\"https:\/\/upscapestudio.com\/wp-content\/uploads\/2023\/02\/site-livestoked-shapes-1.webp 1080w, https:\/\/upscapestudio.com\/wp-content\/uploads\/2023\/02\/site-livestoked-shapes-1-300x300.webp 300w, https:\/\/upscapestudio.com\/wp-content\/uploads\/2023\/02\/site-livestoked-shapes-1-1024x1024.webp 1024w, https:\/\/upscapestudio.com\/wp-content\/uploads\/2023\/02\/site-livestoked-shapes-1-150x150.webp 150w, https:\/\/upscapestudio.com\/wp-content\/uploads\/2023\/02\/site-livestoked-shapes-1-768x768.webp 768w, https:\/\/upscapestudio.com\/wp-content\/uploads\/2023\/02\/site-livestoked-shapes-1-12x12.webp 12w\" sizes=\"(max-width: 1080px) 100vw, 1080px\" \/><\/a>\n\t\t\t<\/div><\/figure><figure class='gallery-item'>\n\t\t\t<div class='gallery-icon landscape'>\n\t\t\t\t<a data-elementor-open-lightbox=\"yes\" data-elementor-lightbox-slideshow=\"f45fa84\" data-e-action-hash=\"#elementor-action%3Aaction%3Dlightbox%26settings%3DeyJpZCI6NDU2MywidXJsIjoiaHR0cHM6XC9cL3Vwc2NhcGVzdHVkaW8uY29tXC93cC1jb250ZW50XC91cGxvYWRzXC8yMDIzXC8wMlwvc2l0ZS1saXZlc3Rva2VkLXNoYXBlcy01LndlYnAiLCJzbGlkZXNob3ciOiJmNDVmYTg0In0%3D\" href='https:\/\/upscapestudio.com\/wp-content\/uploads\/2023\/02\/site-livestoked-shapes-5.webp'><img loading=\"lazy\" decoding=\"async\" width=\"1080\" height=\"1080\" src=\"https:\/\/upscapestudio.com\/wp-content\/uploads\/2023\/02\/site-livestoked-shapes-5.webp\" class=\"attachment-full size-full\" alt=\"Galeria de fotos - Livestoked Shapes\" srcset=\"https:\/\/upscapestudio.com\/wp-content\/uploads\/2023\/02\/site-livestoked-shapes-5.webp 1080w, https:\/\/upscapestudio.com\/wp-content\/uploads\/2023\/02\/site-livestoked-shapes-5-300x300.webp 300w, https:\/\/upscapestudio.com\/wp-content\/uploads\/2023\/02\/site-livestoked-shapes-5-1024x1024.webp 1024w, https:\/\/upscapestudio.com\/wp-content\/uploads\/2023\/02\/site-livestoked-shapes-5-150x150.webp 150w, https:\/\/upscapestudio.com\/wp-content\/uploads\/2023\/02\/site-livestoked-shapes-5-768x768.webp 768w, https:\/\/upscapestudio.com\/wp-content\/uploads\/2023\/02\/site-livestoked-shapes-5-12x12.webp 12w\" sizes=\"(max-width: 1080px) 100vw, 1080px\" \/><\/a>\n\t\t\t<\/div><\/figure><figure class='gallery-item'>\n\t\t\t<div class='gallery-icon landscape'>\n\t\t\t\t<a data-elementor-open-lightbox=\"yes\" data-elementor-lightbox-slideshow=\"f45fa84\" data-e-action-hash=\"#elementor-action%3Aaction%3Dlightbox%26settings%3DeyJpZCI6NDU2NSwidXJsIjoiaHR0cHM6XC9cL3Vwc2NhcGVzdHVkaW8uY29tXC93cC1jb250ZW50XC91cGxvYWRzXC8yMDIzXC8wMlwvc2l0ZS1saXZlc3Rva2VkLXNoYXBlcy0zLndlYnAiLCJzbGlkZXNob3ciOiJmNDVmYTg0In0%3D\" href='https:\/\/upscapestudio.com\/wp-content\/uploads\/2023\/02\/site-livestoked-shapes-3.webp'><img loading=\"lazy\" decoding=\"async\" width=\"1080\" height=\"1080\" src=\"https:\/\/upscapestudio.com\/wp-content\/uploads\/2023\/02\/site-livestoked-shapes-3.webp\" class=\"attachment-full size-full\" alt=\"Bossa Shape - Livestoked Shapes\" srcset=\"https:\/\/upscapestudio.com\/wp-content\/uploads\/2023\/02\/site-livestoked-shapes-3.webp 1080w, https:\/\/upscapestudio.com\/wp-content\/uploads\/2023\/02\/site-livestoked-shapes-3-300x300.webp 300w, https:\/\/upscapestudio.com\/wp-content\/uploads\/2023\/02\/site-livestoked-shapes-3-1024x1024.webp 1024w, https:\/\/upscapestudio.com\/wp-content\/uploads\/2023\/02\/site-livestoked-shapes-3-150x150.webp 150w, https:\/\/upscapestudio.com\/wp-content\/uploads\/2023\/02\/site-livestoked-shapes-3-768x768.webp 768w, https:\/\/upscapestudio.com\/wp-content\/uploads\/2023\/02\/site-livestoked-shapes-3-12x12.webp 12w\" sizes=\"(max-width: 1080px) 100vw, 1080px\" \/><\/a>\n\t\t\t<\/div><\/figure><figure class='gallery-item'>\n\t\t\t<div class='gallery-icon landscape'>\n\t\t\t\t<a data-elementor-open-lightbox=\"yes\" data-elementor-lightbox-slideshow=\"f45fa84\" data-e-action-hash=\"#elementor-action%3Aaction%3Dlightbox%26settings%3DeyJpZCI6NDU2NCwidXJsIjoiaHR0cHM6XC9cL3Vwc2NhcGVzdHVkaW8uY29tXC93cC1jb250ZW50XC91cGxvYWRzXC8yMDIzXC8wMlwvc2l0ZS1saXZlc3Rva2VkLXNoYXBlcy00LndlYnAiLCJzbGlkZXNob3ciOiJmNDVmYTg0In0%3D\" href='https:\/\/upscapestudio.com\/wp-content\/uploads\/2023\/02\/site-livestoked-shapes-4.webp'><img loading=\"lazy\" decoding=\"async\" width=\"1080\" height=\"1080\" src=\"https:\/\/upscapestudio.com\/wp-content\/uploads\/2023\/02\/site-livestoked-shapes-4.webp\" class=\"attachment-full size-full\" alt=\"T-shirts - Livestoked Shapes\" srcset=\"https:\/\/upscapestudio.com\/wp-content\/uploads\/2023\/02\/site-livestoked-shapes-4.webp 1080w, https:\/\/upscapestudio.com\/wp-content\/uploads\/2023\/02\/site-livestoked-shapes-4-300x300.webp 300w, https:\/\/upscapestudio.com\/wp-content\/uploads\/2023\/02\/site-livestoked-shapes-4-1024x1024.webp 1024w, https:\/\/upscapestudio.com\/wp-content\/uploads\/2023\/02\/site-livestoked-shapes-4-150x150.webp 150w, https:\/\/upscapestudio.com\/wp-content\/uploads\/2023\/02\/site-livestoked-shapes-4-768x768.webp 768w, https:\/\/upscapestudio.com\/wp-content\/uploads\/2023\/02\/site-livestoked-shapes-4-12x12.webp 12w\" sizes=\"(max-width: 1080px) 100vw, 1080px\" \/><\/a>\n\t\t\t<\/div><\/figure><figure class='gallery-item'>\n\t\t\t<div class='gallery-icon landscape'>\n\t\t\t\t<a data-elementor-open-lightbox=\"yes\" data-elementor-lightbox-slideshow=\"f45fa84\" data-e-action-hash=\"#elementor-action%3Aaction%3Dlightbox%26settings%3DeyJpZCI6NDU2NiwidXJsIjoiaHR0cHM6XC9cL3Vwc2NhcGVzdHVkaW8uY29tXC93cC1jb250ZW50XC91cGxvYWRzXC8yMDIzXC8wMlwvc2l0ZS1saXZlc3Rva2VkLXNoYXBlcy0yLndlYnAiLCJzbGlkZXNob3ciOiJmNDVmYTg0In0%3D\" href='https:\/\/upscapestudio.com\/wp-content\/uploads\/2023\/02\/site-livestoked-shapes-2.webp'><img loading=\"lazy\" decoding=\"async\" width=\"1080\" height=\"1080\" src=\"https:\/\/upscapestudio.com\/wp-content\/uploads\/2023\/02\/site-livestoked-shapes-2.webp\" class=\"attachment-full size-full\" alt=\"Rodap\u00e9 - Livestoked Shapes\" srcset=\"https:\/\/upscapestudio.com\/wp-content\/uploads\/2023\/02\/site-livestoked-shapes-2.webp 1080w, https:\/\/upscapestudio.com\/wp-content\/uploads\/2023\/02\/site-livestoked-shapes-2-300x300.webp 300w, https:\/\/upscapestudio.com\/wp-content\/uploads\/2023\/02\/site-livestoked-shapes-2-1024x1024.webp 1024w, https:\/\/upscapestudio.com\/wp-content\/uploads\/2023\/02\/site-livestoked-shapes-2-150x150.webp 150w, https:\/\/upscapestudio.com\/wp-content\/uploads\/2023\/02\/site-livestoked-shapes-2-768x768.webp 768w, https:\/\/upscapestudio.com\/wp-content\/uploads\/2023\/02\/site-livestoked-shapes-2-12x12.webp 12w\" sizes=\"(max-width: 1080px) 100vw, 1080px\" \/><\/a>\n\t\t\t<\/div><\/figure>\n\t\t<\/div>\n\t\t<\/div>\n\t\t\t\t\t\t<\/div>\n\t\t\t\t<\/div>\n\t\t\t\t<div class=\"elementor-element elementor-element-4e057f5 elementor-align-center elementor-widget elementor-widget-button\" data-id=\"4e057f5\" data-element_type=\"widget\" data-e-type=\"widget\" data-widget_type=\"button.default\">\n\t\t\t\t<div class=\"elementor-widget-container\">\n\t\t\t\t\t\t\t\t\t<div class=\"elementor-button-wrapper\">\n\t\t\t\t\t<a class=\"elementor-button elementor-button-link elementor-size-sm\" href=\"https:\/\/upscapestudio.com\/en\/projetos\/\">\n\t\t\t\t\t\t<span class=\"elementor-button-content-wrapper\">\n\t\t\t\t\t\t\t\t\t<span class=\"elementor-button-text\">View other projects<\/span>\n\t\t\t\t\t<\/span>\n\t\t\t\t\t<\/a>\n\t\t\t\t<\/div>\n\t\t\t\t\t\t\t\t<\/div>\n\t\t\t\t<\/div>\n\t\t\t\t\t<\/div>\n\t\t<\/div>\n\t\t\t\t\t<\/div>\n\t\t<\/section>\n\t\t\t\t<\/div>","protected":false},"excerpt":{"rendered":"<p>Livestoked Shapes Voltar atr\u00e1s A Livestoked \u00e9 uma marca de pranchas de surf de Ferrel, Peniche. O Manel tem um dom para o shaping e as suas pranchas distinguem-se por serem completamente feitas \u00e0 m\u00e3o e por incorporarem v\u00e1rios elementos art\u00edsticos. M\u00f3dulos Galeria de fotos P\u00e1gina com os 7 modelos de pranchas da Livestoked Loja [&hellip;]<\/p>\n","protected":false},"author":1,"featured_media":4565,"parent":4246,"menu_order":0,"comment_status":"closed","ping_status":"closed","template":"","meta":{"footnotes":""},"class_list":["post-4554","page","type-page","status-publish","has-post-thumbnail","hentry"],"aioseo_notices":[],"_links":{"self":[{"href":"https:\/\/upscapestudio.com\/en\/wp-json\/wp\/v2\/pages\/4554","targetHints":{"allow":["GET"]}}],"collection":[{"href":"https:\/\/upscapestudio.com\/en\/wp-json\/wp\/v2\/pages"}],"about":[{"href":"https:\/\/upscapestudio.com\/en\/wp-json\/wp\/v2\/types\/page"}],"author":[{"embeddable":true,"href":"https:\/\/upscapestudio.com\/en\/wp-json\/wp\/v2\/users\/1"}],"replies":[{"embeddable":true,"href":"https:\/\/upscapestudio.com\/en\/wp-json\/wp\/v2\/comments?post=4554"}],"version-history":[{"count":6,"href":"https:\/\/upscapestudio.com\/en\/wp-json\/wp\/v2\/pages\/4554\/revisions"}],"predecessor-version":[{"id":6535,"href":"https:\/\/upscapestudio.com\/en\/wp-json\/wp\/v2\/pages\/4554\/revisions\/6535"}],"up":[{"embeddable":true,"href":"https:\/\/upscapestudio.com\/en\/wp-json\/wp\/v2\/pages\/4246"}],"wp:featuredmedia":[{"embeddable":true,"href":"https:\/\/upscapestudio.com\/en\/wp-json\/wp\/v2\/media\/4565"}],"wp:attachment":[{"href":"https:\/\/upscapestudio.com\/en\/wp-json\/wp\/v2\/media?parent=4554"}],"curies":[{"name":"wp","href":"https:\/\/api.w.org\/{rel}","templated":true}]}}