{"id":5053,"date":"2023-03-29T11:30:30","date_gmt":"2023-03-29T11:30:30","guid":{"rendered":"https:\/\/upscapestudio.com\/?page_id=5053"},"modified":"2024-03-15T09:52:49","modified_gmt":"2024-03-15T09:52:49","slug":"maria-sacramento-santos","status":"publish","type":"page","link":"https:\/\/upscapestudio.com\/en\/projetos\/maria-sacramento-santos\/","title":{"rendered":"Maria Sacramento Santos"},"content":{"rendered":"<div data-elementor-type=\"wp-page\" data-elementor-id=\"5053\" class=\"elementor elementor-5053\" data-elementor-post-type=\"page\">\n\t\t\t\t\t\t<section class=\"elementor-section elementor-top-section elementor-element elementor-element-0c5154d elementor-section-boxed elementor-section-height-default elementor-section-height-default\" data-id=\"0c5154d\" data-element_type=\"section\" data-e-type=\"section\" data-settings=\"{&quot;background_background&quot;:&quot;classic&quot;}\">\n\t\t\t\t\t\t<div class=\"elementor-container elementor-column-gap-default\">\n\t\t\t\t\t<div class=\"elementor-column elementor-col-100 elementor-top-column elementor-element elementor-element-53e520e\" data-id=\"53e520e\" data-element_type=\"column\" data-e-type=\"column\">\n\t\t\t<div class=\"elementor-widget-wrap elementor-element-populated\">\n\t\t\t\t\t\t<div class=\"elementor-element elementor-element-b5767fd elementor-widget elementor-widget-heading\" data-id=\"b5767fd\" data-element_type=\"widget\" data-e-type=\"widget\" data-widget_type=\"heading.default\">\n\t\t\t\t<div class=\"elementor-widget-container\">\n\t\t\t\t\t<h1 class=\"elementor-heading-title elementor-size-default\">Maria Sacramento Santos<\/h1>\t\t\t\t<\/div>\n\t\t\t\t<\/div>\n\t\t\t\t<div class=\"elementor-element elementor-element-b8e7a19 elementor-align-left elementor-mobile-align-left elementor-widget elementor-widget-button\" data-id=\"b8e7a19\" data-element_type=\"widget\" data-e-type=\"widget\" data-widget_type=\"button.default\">\n\t\t\t\t<div class=\"elementor-widget-container\">\n\t\t\t\t\t\t\t\t\t<div class=\"elementor-button-wrapper\">\n\t\t\t\t\t<a class=\"elementor-button elementor-button-link elementor-size-xs\" href=\"https:\/\/upscapestudio.com\/en\/projetos\/\">\n\t\t\t\t\t\t<span class=\"elementor-button-content-wrapper\">\n\t\t\t\t\t\t\t\t\t<span class=\"elementor-button-text\">Go back<\/span>\n\t\t\t\t\t<\/span>\n\t\t\t\t\t<\/a>\n\t\t\t\t<\/div>\n\t\t\t\t\t\t\t\t<\/div>\n\t\t\t\t<\/div>\n\t\t\t\t\t<\/div>\n\t\t<\/div>\n\t\t\t\t\t<\/div>\n\t\t<\/section>\n\t\t\t\t<section class=\"elementor-section elementor-top-section elementor-element elementor-element-d96b271 elementor-section-boxed elementor-section-height-default elementor-section-height-default\" data-id=\"d96b271\" data-element_type=\"section\" data-e-type=\"section\">\n\t\t\t\t\t\t<div class=\"elementor-container elementor-column-gap-default\">\n\t\t\t\t\t<div class=\"elementor-column elementor-col-50 elementor-top-column elementor-element elementor-element-343468c\" data-id=\"343468c\" data-element_type=\"column\" data-e-type=\"column\">\n\t\t\t<div class=\"elementor-widget-wrap elementor-element-populated\">\n\t\t\t\t\t\t<div class=\"elementor-element elementor-element-d854be1 elementor-widget elementor-widget-image\" data-id=\"d854be1\" data-element_type=\"widget\" data-e-type=\"widget\" data-widget_type=\"image.default\">\n\t\t\t\t<div class=\"elementor-widget-container\">\n\t\t\t\t\t\t\t\t\t\t\t\t\t\t\t\t<a href=\"https:\/\/upscapestudio.com\/wp-content\/uploads\/2023\/03\/capa-maria-sacramento-santos.webp\" data-elementor-open-lightbox=\"yes\" data-e-action-hash=\"#elementor-action%3Aaction%3Dlightbox%26settings%3DeyJpZCI6NTA1NSwidXJsIjoiaHR0cHM6XC9cL3Vwc2NhcGVzdHVkaW8uY29tXC93cC1jb250ZW50XC91cGxvYWRzXC8yMDIzXC8wM1wvY2FwYS1tYXJpYS1zYWNyYW1lbnRvLXNhbnRvcy53ZWJwIn0%3D\">\n\t\t\t\t\t\t\t<img fetchpriority=\"high\" decoding=\"async\" width=\"1184\" height=\"960\" src=\"https:\/\/upscapestudio.com\/wp-content\/uploads\/2023\/03\/capa-maria-sacramento-santos.webp\" class=\"attachment-full size-full wp-image-5055\" alt=\"Capa do site Maria Sacramento Santos - desenvolvido por Francisco Ferreira, Upscape Studio\" srcset=\"https:\/\/upscapestudio.com\/wp-content\/uploads\/2023\/03\/capa-maria-sacramento-santos.webp 1184w, https:\/\/upscapestudio.com\/wp-content\/uploads\/2023\/03\/capa-maria-sacramento-santos-1024x830.webp 1024w, https:\/\/upscapestudio.com\/wp-content\/uploads\/2023\/03\/capa-maria-sacramento-santos-768x623.webp 768w, https:\/\/upscapestudio.com\/wp-content\/uploads\/2023\/03\/capa-maria-sacramento-santos-15x12.webp 15w\" sizes=\"(max-width: 1184px) 100vw, 1184px\" \/>\t\t\t\t\t\t\t\t<\/a>\n\t\t\t\t\t\t\t\t\t\t\t\t\t\t\t<\/div>\n\t\t\t\t<\/div>\n\t\t\t\t\t<\/div>\n\t\t<\/div>\n\t\t\t\t<div class=\"elementor-column elementor-col-50 elementor-top-column elementor-element elementor-element-f312d0a\" data-id=\"f312d0a\" data-element_type=\"column\" data-e-type=\"column\">\n\t\t\t<div class=\"elementor-widget-wrap elementor-element-populated\">\n\t\t\t\t\t\t<div class=\"elementor-element elementor-element-22a3dce4 elementor-widget elementor-widget-text-editor\" data-id=\"22a3dce4\" data-element_type=\"widget\" data-e-type=\"widget\" data-widget_type=\"text-editor.default\">\n\t\t\t\t<div class=\"elementor-widget-container\">\n\t\t\t\t\t\t\t\t\t<p>Maria Sacramento Santos is a hypnotherapist and individual and business mentor. On the site she presents information about her services, the places where she works and shares lots of content, including articles and videos, about her activity.\u00a0<\/p>\t\t\t\t\t\t\t\t<\/div>\n\t\t\t\t<\/div>\n\t\t\t\t<div class=\"elementor-element elementor-element-eedceaf elementor-widget elementor-widget-heading\" data-id=\"eedceaf\" data-element_type=\"widget\" data-e-type=\"widget\" data-widget_type=\"heading.default\">\n\t\t\t\t<div class=\"elementor-widget-container\">\n\t\t\t\t\t<h2 class=\"elementor-heading-title elementor-size-default\">Modules<\/h2>\t\t\t\t<\/div>\n\t\t\t\t<\/div>\n\t\t\t\t<div class=\"elementor-element elementor-element-cb237b8 dots elementor-icon-list--layout-traditional elementor-list-item-link-full_width elementor-widget elementor-widget-icon-list\" data-id=\"cb237b8\" data-element_type=\"widget\" data-e-type=\"widget\" data-widget_type=\"icon-list.default\">\n\t\t\t\t<div class=\"elementor-widget-container\">\n\t\t\t\t\t\t\t<ul class=\"elementor-icon-list-items\">\n\t\t\t\t\t\t\t<li class=\"elementor-icon-list-item\">\n\t\t\t\t\t\t\t\t\t\t\t<span class=\"elementor-icon-list-icon\">\n\t\t\t\t\t\t\t<i aria-hidden=\"true\" class=\"fas fa-circle\"><\/i>\t\t\t\t\t\t<\/span>\n\t\t\t\t\t\t\t\t\t\t<span class=\"elementor-icon-list-text\">Pages with information about hypnotherapy and mentoring services<\/span>\n\t\t\t\t\t\t\t\t\t<\/li>\n\t\t\t\t\t\t\t\t<li class=\"elementor-icon-list-item\">\n\t\t\t\t\t\t\t\t\t\t\t<span class=\"elementor-icon-list-icon\">\n\t\t\t\t\t\t\t<i aria-hidden=\"true\" class=\"fas fa-circle\"><\/i>\t\t\t\t\t\t<\/span>\n\t\t\t\t\t\t\t\t\t\t<span class=\"elementor-icon-list-text\">Blog with several categories: articles, videos and guests<\/span>\n\t\t\t\t\t\t\t\t\t<\/li>\n\t\t\t\t\t\t\t\t<li class=\"elementor-icon-list-item\">\n\t\t\t\t\t\t\t\t\t\t\t<span class=\"elementor-icon-list-icon\">\n\t\t\t\t\t\t\t<i aria-hidden=\"true\" class=\"fas fa-circle\"><\/i>\t\t\t\t\t\t<\/span>\n\t\t\t\t\t\t\t\t\t\t<span class=\"elementor-icon-list-text\">Testimonial Carousel<\/span>\n\t\t\t\t\t\t\t\t\t<\/li>\n\t\t\t\t\t\t\t\t<li class=\"elementor-icon-list-item\">\n\t\t\t\t\t\t\t\t\t\t\t<span class=\"elementor-icon-list-icon\">\n\t\t\t\t\t\t\t<i aria-hidden=\"true\" class=\"fas fa-circle\"><\/i>\t\t\t\t\t\t<\/span>\n\t\t\t\t\t\t\t\t\t\t<span class=\"elementor-icon-list-text\">Integration with social networks<\/span>\n\t\t\t\t\t\t\t\t\t<\/li>\n\t\t\t\t\t\t\t\t<li class=\"elementor-icon-list-item\">\n\t\t\t\t\t\t\t\t\t\t\t<span class=\"elementor-icon-list-icon\">\n\t\t\t\t\t\t\t<i aria-hidden=\"true\" class=\"fas fa-circle\"><\/i>\t\t\t\t\t\t<\/span>\n\t\t\t\t\t\t\t\t\t\t<span class=\"elementor-icon-list-text\">Contact page with clinics and form<\/span>\n\t\t\t\t\t\t\t\t\t<\/li>\n\t\t\t\t\t\t<\/ul>\n\t\t\t\t\t\t<\/div>\n\t\t\t\t<\/div>\n\t\t\t\t<div class=\"elementor-element elementor-element-bfc78bd elementor-align-left elementor-widget elementor-widget-button\" data-id=\"bfc78bd\" data-element_type=\"widget\" data-e-type=\"widget\" data-widget_type=\"button.default\">\n\t\t\t\t<div class=\"elementor-widget-container\">\n\t\t\t\t\t\t\t\t\t<div class=\"elementor-button-wrapper\">\n\t\t\t\t\t<a class=\"elementor-button elementor-button-link elementor-size-sm\" href=\"https:\/\/mariasacramentosantos.pt\/\" target=\"_blank\">\n\t\t\t\t\t\t<span class=\"elementor-button-content-wrapper\">\n\t\t\t\t\t\t\t\t\t<span class=\"elementor-button-text\">View website<\/span>\n\t\t\t\t\t<\/span>\n\t\t\t\t\t<\/a>\n\t\t\t\t<\/div>\n\t\t\t\t\t\t\t\t<\/div>\n\t\t\t\t<\/div>\n\t\t\t\t\t<\/div>\n\t\t<\/div>\n\t\t\t\t\t<\/div>\n\t\t<\/section>\n\t\t\t\t<section class=\"elementor-section elementor-top-section elementor-element elementor-element-44ff3db elementor-section-boxed elementor-section-height-default elementor-section-height-default\" data-id=\"44ff3db\" data-element_type=\"section\" data-e-type=\"section\" data-settings=\"{&quot;background_background&quot;:&quot;classic&quot;}\">\n\t\t\t\t\t\t<div class=\"elementor-container elementor-column-gap-default\">\n\t\t\t\t\t<div class=\"elementor-column elementor-col-50 elementor-top-column elementor-element elementor-element-2b32ecc\" data-id=\"2b32ecc\" data-element_type=\"column\" data-e-type=\"column\">\n\t\t\t<div class=\"elementor-widget-wrap elementor-element-populated\">\n\t\t\t\t\t\t<div class=\"elementor-element elementor-element-d24ff77 elementor-widget elementor-widget-heading\" data-id=\"d24ff77\" data-element_type=\"widget\" data-e-type=\"widget\" data-widget_type=\"heading.default\">\n\t\t\t\t<div class=\"elementor-widget-container\">\n\t\t\t\t\t<h2 class=\"elementor-heading-title elementor-size-default\">Testimony of MARY SACRAMENT SANTOS<\/h2>\t\t\t\t<\/div>\n\t\t\t\t<\/div>\n\t\t\t\t<div class=\"elementor-element elementor-element-f5dd181 elementor-widget elementor-widget-text-editor\" data-id=\"f5dd181\" data-element_type=\"widget\" data-e-type=\"widget\" data-widget_type=\"text-editor.default\">\n\t\t\t\t<div class=\"elementor-widget-container\">\n\t\t\t\t\t\t\t\t\t<p>\"Grateful Francisco for giving shape to what I had envisioned!<\/p><p>In fact, it got much better, thanks to his commitment, dedication, knowledge, and also patience with my lack of knowledge, guiding me through the whole process and teaching me how to maneuver this tool.<\/p><p>I wish you continued success!<\/p><p>I highly recommend it! The experience and satisfaction was the best.<\/p><p>The site when it grows, will be with you! Cheers\ud83c\udf1f<span style=\"font-family: var( --e-global-typography-text-font-family ), Sans-serif;\">&#8220;<\/span><\/p>\t\t\t\t\t\t\t\t<\/div>\n\t\t\t\t<\/div>\n\t\t\t\t\t<\/div>\n\t\t<\/div>\n\t\t\t\t<div class=\"elementor-column elementor-col-50 elementor-top-column elementor-element elementor-element-46f1d4c\" data-id=\"46f1d4c\" data-element_type=\"column\" data-e-type=\"column\">\n\t\t\t<div class=\"elementor-widget-wrap elementor-element-populated\">\n\t\t\t\t\t\t<div class=\"elementor-element elementor-element-912056a elementor-widget elementor-widget-image\" data-id=\"912056a\" data-element_type=\"widget\" data-e-type=\"widget\" data-widget_type=\"image.default\">\n\t\t\t\t<div class=\"elementor-widget-container\">\n\t\t\t\t\t\t\t\t\t\t\t\t\t\t\t<img decoding=\"async\" width=\"250\" height=\"250\" src=\"https:\/\/upscapestudio.com\/wp-content\/uploads\/2023\/02\/maria_sacramento_santos.webp\" class=\"attachment-large size-large wp-image-3584\" alt=\"\" srcset=\"https:\/\/upscapestudio.com\/wp-content\/uploads\/2023\/02\/maria_sacramento_santos.webp 250w, https:\/\/upscapestudio.com\/wp-content\/uploads\/2023\/02\/maria_sacramento_santos-150x150.webp 150w, https:\/\/upscapestudio.com\/wp-content\/uploads\/2023\/02\/maria_sacramento_santos-12x12.webp 12w\" sizes=\"(max-width: 250px) 100vw, 250px\" \/>\t\t\t\t\t\t\t\t\t\t\t\t\t\t\t<\/div>\n\t\t\t\t<\/div>\n\t\t\t\t\t<\/div>\n\t\t<\/div>\n\t\t\t\t\t<\/div>\n\t\t<\/section>\n\t\t\t\t<section class=\"elementor-section elementor-top-section elementor-element elementor-element-83dcf92 elementor-section-boxed elementor-section-height-default elementor-section-height-default\" data-id=\"83dcf92\" data-element_type=\"section\" data-e-type=\"section\" data-settings=\"{&quot;background_background&quot;:&quot;classic&quot;}\">\n\t\t\t\t\t\t<div class=\"elementor-container elementor-column-gap-default\">\n\t\t\t\t\t<div class=\"elementor-column elementor-col-100 elementor-top-column elementor-element elementor-element-526d04b\" data-id=\"526d04b\" data-element_type=\"column\" data-e-type=\"column\">\n\t\t\t<div class=\"elementor-widget-wrap elementor-element-populated\">\n\t\t\t\t\t\t<div class=\"elementor-element elementor-element-1312c11 elementor-widget elementor-widget-heading\" data-id=\"1312c11\" data-element_type=\"widget\" data-e-type=\"widget\" data-widget_type=\"heading.default\">\n\t\t\t\t<div class=\"elementor-widget-container\">\n\t\t\t\t\t<h2 class=\"elementor-heading-title elementor-size-default\">Sample pages of the website<\/h2>\t\t\t\t<\/div>\n\t\t\t\t<\/div>\n\t\t\t\t<div class=\"elementor-element elementor-element-f45fa84 gallery-spacing-custom elementor-widget elementor-widget-image-gallery\" data-id=\"f45fa84\" data-element_type=\"widget\" data-e-type=\"widget\" data-widget_type=\"image-gallery.default\">\n\t\t\t\t<div class=\"elementor-widget-container\">\n\t\t\t\t\t\t\t<div class=\"elementor-image-gallery\">\n\t\t\t<div id='gallery-1' class='gallery galleryid-5053 gallery-columns-3 gallery-size-full'><figure class='gallery-item'>\n\t\t\t<div class='gallery-icon landscape'>\n\t\t\t\t<a data-elementor-open-lightbox=\"yes\" data-elementor-lightbox-slideshow=\"f45fa84\" data-e-action-hash=\"#elementor-action%3Aaction%3Dlightbox%26settings%3DeyJpZCI6NTA1NiwidXJsIjoiaHR0cHM6XC9cL3Vwc2NhcGVzdHVkaW8uY29tXC93cC1jb250ZW50XC91cGxvYWRzXC8yMDIzXC8wM1wvc2l0ZS1tYXJpYS1zYWNyYW1lbnRvLXNhbnRvcy02LndlYnAiLCJzbGlkZXNob3ciOiJmNDVmYTg0In0%3D\" href='https:\/\/upscapestudio.com\/wp-content\/uploads\/2023\/03\/site-maria-sacramento-santos-6.webp'><img decoding=\"async\" width=\"1080\" height=\"1080\" src=\"https:\/\/upscapestudio.com\/wp-content\/uploads\/2023\/03\/site-maria-sacramento-santos-6.webp\" class=\"attachment-full size-full\" alt=\"Sobre a Maria - site Maria Sacramento Santos\" srcset=\"https:\/\/upscapestudio.com\/wp-content\/uploads\/2023\/03\/site-maria-sacramento-santos-6.webp 1080w, https:\/\/upscapestudio.com\/wp-content\/uploads\/2023\/03\/site-maria-sacramento-santos-6-300x300.webp 300w, https:\/\/upscapestudio.com\/wp-content\/uploads\/2023\/03\/site-maria-sacramento-santos-6-1024x1024.webp 1024w, https:\/\/upscapestudio.com\/wp-content\/uploads\/2023\/03\/site-maria-sacramento-santos-6-150x150.webp 150w, https:\/\/upscapestudio.com\/wp-content\/uploads\/2023\/03\/site-maria-sacramento-santos-6-768x768.webp 768w, https:\/\/upscapestudio.com\/wp-content\/uploads\/2023\/03\/site-maria-sacramento-santos-6-12x12.webp 12w\" sizes=\"(max-width: 1080px) 100vw, 1080px\" \/><\/a>\n\t\t\t<\/div><\/figure><figure class='gallery-item'>\n\t\t\t<div class='gallery-icon landscape'>\n\t\t\t\t<a data-elementor-open-lightbox=\"yes\" data-elementor-lightbox-slideshow=\"f45fa84\" data-e-action-hash=\"#elementor-action%3Aaction%3Dlightbox%26settings%3DeyJpZCI6NTA1OCwidXJsIjoiaHR0cHM6XC9cL3Vwc2NhcGVzdHVkaW8uY29tXC93cC1jb250ZW50XC91cGxvYWRzXC8yMDIzXC8wM1wvc2l0ZS1tYXJpYS1zYWNyYW1lbnRvLXNhbnRvcy0yLndlYnAiLCJzbGlkZXNob3ciOiJmNDVmYTg0In0%3D\" href='https:\/\/upscapestudio.com\/wp-content\/uploads\/2023\/03\/site-maria-sacramento-santos-2.webp'><img loading=\"lazy\" decoding=\"async\" width=\"1080\" height=\"1080\" src=\"https:\/\/upscapestudio.com\/wp-content\/uploads\/2023\/03\/site-maria-sacramento-santos-2.webp\" class=\"attachment-full size-full\" alt=\"Cl\u00ednicas - site Maria Sacramento Santos\" srcset=\"https:\/\/upscapestudio.com\/wp-content\/uploads\/2023\/03\/site-maria-sacramento-santos-2.webp 1080w, https:\/\/upscapestudio.com\/wp-content\/uploads\/2023\/03\/site-maria-sacramento-santos-2-300x300.webp 300w, https:\/\/upscapestudio.com\/wp-content\/uploads\/2023\/03\/site-maria-sacramento-santos-2-1024x1024.webp 1024w, https:\/\/upscapestudio.com\/wp-content\/uploads\/2023\/03\/site-maria-sacramento-santos-2-150x150.webp 150w, https:\/\/upscapestudio.com\/wp-content\/uploads\/2023\/03\/site-maria-sacramento-santos-2-768x768.webp 768w, https:\/\/upscapestudio.com\/wp-content\/uploads\/2023\/03\/site-maria-sacramento-santos-2-12x12.webp 12w\" sizes=\"(max-width: 1080px) 100vw, 1080px\" \/><\/a>\n\t\t\t<\/div><\/figure><figure class='gallery-item'>\n\t\t\t<div class='gallery-icon landscape'>\n\t\t\t\t<a data-elementor-open-lightbox=\"yes\" data-elementor-lightbox-slideshow=\"f45fa84\" data-e-action-hash=\"#elementor-action%3Aaction%3Dlightbox%26settings%3DeyJpZCI6NTA1NywidXJsIjoiaHR0cHM6XC9cL3Vwc2NhcGVzdHVkaW8uY29tXC93cC1jb250ZW50XC91cGxvYWRzXC8yMDIzXC8wM1wvc2l0ZS1tYXJpYS1zYWNyYW1lbnRvLXNhbnRvcy0xLndlYnAiLCJzbGlkZXNob3ciOiJmNDVmYTg0In0%3D\" href='https:\/\/upscapestudio.com\/wp-content\/uploads\/2023\/03\/site-maria-sacramento-santos-1.webp'><img loading=\"lazy\" decoding=\"async\" width=\"1080\" height=\"1080\" src=\"https:\/\/upscapestudio.com\/wp-content\/uploads\/2023\/03\/site-maria-sacramento-santos-1.webp\" class=\"attachment-full size-full\" alt=\"Capa do website - site Maria Sacramento Santos\" srcset=\"https:\/\/upscapestudio.com\/wp-content\/uploads\/2023\/03\/site-maria-sacramento-santos-1.webp 1080w, https:\/\/upscapestudio.com\/wp-content\/uploads\/2023\/03\/site-maria-sacramento-santos-1-300x300.webp 300w, https:\/\/upscapestudio.com\/wp-content\/uploads\/2023\/03\/site-maria-sacramento-santos-1-1024x1024.webp 1024w, https:\/\/upscapestudio.com\/wp-content\/uploads\/2023\/03\/site-maria-sacramento-santos-1-150x150.webp 150w, https:\/\/upscapestudio.com\/wp-content\/uploads\/2023\/03\/site-maria-sacramento-santos-1-768x768.webp 768w, https:\/\/upscapestudio.com\/wp-content\/uploads\/2023\/03\/site-maria-sacramento-santos-1-12x12.webp 12w\" sizes=\"(max-width: 1080px) 100vw, 1080px\" \/><\/a>\n\t\t\t<\/div><\/figure><figure class='gallery-item'>\n\t\t\t<div class='gallery-icon landscape'>\n\t\t\t\t<a data-elementor-open-lightbox=\"yes\" data-elementor-lightbox-slideshow=\"f45fa84\" data-e-action-hash=\"#elementor-action%3Aaction%3Dlightbox%26settings%3DeyJpZCI6NTA2MSwidXJsIjoiaHR0cHM6XC9cL3Vwc2NhcGVzdHVkaW8uY29tXC93cC1jb250ZW50XC91cGxvYWRzXC8yMDIzXC8wM1wvc2l0ZS1tYXJpYS1zYWNyYW1lbnRvLXNhbnRvcy01LndlYnAiLCJzbGlkZXNob3ciOiJmNDVmYTg0In0%3D\" href='https:\/\/upscapestudio.com\/wp-content\/uploads\/2023\/03\/site-maria-sacramento-santos-5.webp'><img loading=\"lazy\" decoding=\"async\" width=\"1080\" height=\"1080\" src=\"https:\/\/upscapestudio.com\/wp-content\/uploads\/2023\/03\/site-maria-sacramento-santos-5.webp\" class=\"attachment-full size-full\" alt=\"Ecr\u00e3s de telem\u00f3vel, hipnoterapia e rodap\u00e9 - site Maria Sacramento Santos\" srcset=\"https:\/\/upscapestudio.com\/wp-content\/uploads\/2023\/03\/site-maria-sacramento-santos-5.webp 1080w, https:\/\/upscapestudio.com\/wp-content\/uploads\/2023\/03\/site-maria-sacramento-santos-5-300x300.webp 300w, https:\/\/upscapestudio.com\/wp-content\/uploads\/2023\/03\/site-maria-sacramento-santos-5-1024x1024.webp 1024w, https:\/\/upscapestudio.com\/wp-content\/uploads\/2023\/03\/site-maria-sacramento-santos-5-150x150.webp 150w, https:\/\/upscapestudio.com\/wp-content\/uploads\/2023\/03\/site-maria-sacramento-santos-5-768x768.webp 768w, https:\/\/upscapestudio.com\/wp-content\/uploads\/2023\/03\/site-maria-sacramento-santos-5-12x12.webp 12w\" sizes=\"(max-width: 1080px) 100vw, 1080px\" \/><\/a>\n\t\t\t<\/div><\/figure><figure class='gallery-item'>\n\t\t\t<div class='gallery-icon landscape'>\n\t\t\t\t<a data-elementor-open-lightbox=\"yes\" data-elementor-lightbox-slideshow=\"f45fa84\" data-e-action-hash=\"#elementor-action%3Aaction%3Dlightbox%26settings%3DeyJpZCI6NTA2MCwidXJsIjoiaHR0cHM6XC9cL3Vwc2NhcGVzdHVkaW8uY29tXC93cC1jb250ZW50XC91cGxvYWRzXC8yMDIzXC8wM1wvc2l0ZS1tYXJpYS1zYWNyYW1lbnRvLXNhbnRvcy00LndlYnAiLCJzbGlkZXNob3ciOiJmNDVmYTg0In0%3D\" href='https:\/\/upscapestudio.com\/wp-content\/uploads\/2023\/03\/site-maria-sacramento-santos-4.webp'><img loading=\"lazy\" decoding=\"async\" width=\"1080\" height=\"1080\" src=\"https:\/\/upscapestudio.com\/wp-content\/uploads\/2023\/03\/site-maria-sacramento-santos-4.webp\" class=\"attachment-full size-full\" alt=\"Mentoria Empresarial - site Maria Sacramento Santos\" srcset=\"https:\/\/upscapestudio.com\/wp-content\/uploads\/2023\/03\/site-maria-sacramento-santos-4.webp 1080w, https:\/\/upscapestudio.com\/wp-content\/uploads\/2023\/03\/site-maria-sacramento-santos-4-300x300.webp 300w, https:\/\/upscapestudio.com\/wp-content\/uploads\/2023\/03\/site-maria-sacramento-santos-4-1024x1024.webp 1024w, https:\/\/upscapestudio.com\/wp-content\/uploads\/2023\/03\/site-maria-sacramento-santos-4-150x150.webp 150w, https:\/\/upscapestudio.com\/wp-content\/uploads\/2023\/03\/site-maria-sacramento-santos-4-768x768.webp 768w, https:\/\/upscapestudio.com\/wp-content\/uploads\/2023\/03\/site-maria-sacramento-santos-4-12x12.webp 12w\" sizes=\"(max-width: 1080px) 100vw, 1080px\" \/><\/a>\n\t\t\t<\/div><\/figure><figure class='gallery-item'>\n\t\t\t<div class='gallery-icon landscape'>\n\t\t\t\t<a data-elementor-open-lightbox=\"yes\" data-elementor-lightbox-slideshow=\"f45fa84\" data-e-action-hash=\"#elementor-action%3Aaction%3Dlightbox%26settings%3DeyJpZCI6NTA1OSwidXJsIjoiaHR0cHM6XC9cL3Vwc2NhcGVzdHVkaW8uY29tXC93cC1jb250ZW50XC91cGxvYWRzXC8yMDIzXC8wM1wvc2l0ZS1tYXJpYS1zYWNyYW1lbnRvLXNhbnRvcy0zLndlYnAiLCJzbGlkZXNob3ciOiJmNDVmYTg0In0%3D\" href='https:\/\/upscapestudio.com\/wp-content\/uploads\/2023\/03\/site-maria-sacramento-santos-3.webp'><img loading=\"lazy\" decoding=\"async\" width=\"1080\" height=\"1080\" src=\"https:\/\/upscapestudio.com\/wp-content\/uploads\/2023\/03\/site-maria-sacramento-santos-3.webp\" class=\"attachment-full size-full\" alt=\"Blog - site Maria Sacramento Santos\" srcset=\"https:\/\/upscapestudio.com\/wp-content\/uploads\/2023\/03\/site-maria-sacramento-santos-3.webp 1080w, https:\/\/upscapestudio.com\/wp-content\/uploads\/2023\/03\/site-maria-sacramento-santos-3-300x300.webp 300w, https:\/\/upscapestudio.com\/wp-content\/uploads\/2023\/03\/site-maria-sacramento-santos-3-1024x1024.webp 1024w, https:\/\/upscapestudio.com\/wp-content\/uploads\/2023\/03\/site-maria-sacramento-santos-3-150x150.webp 150w, https:\/\/upscapestudio.com\/wp-content\/uploads\/2023\/03\/site-maria-sacramento-santos-3-768x768.webp 768w, https:\/\/upscapestudio.com\/wp-content\/uploads\/2023\/03\/site-maria-sacramento-santos-3-12x12.webp 12w\" sizes=\"(max-width: 1080px) 100vw, 1080px\" \/><\/a>\n\t\t\t<\/div><\/figure>\n\t\t<\/div>\n\t\t<\/div>\n\t\t\t\t\t\t<\/div>\n\t\t\t\t<\/div>\n\t\t\t\t<div class=\"elementor-element elementor-element-4e057f5 elementor-align-center elementor-widget elementor-widget-button\" data-id=\"4e057f5\" data-element_type=\"widget\" data-e-type=\"widget\" data-widget_type=\"button.default\">\n\t\t\t\t<div class=\"elementor-widget-container\">\n\t\t\t\t\t\t\t\t\t<div class=\"elementor-button-wrapper\">\n\t\t\t\t\t<a class=\"elementor-button elementor-button-link elementor-size-sm\" href=\"https:\/\/upscapestudio.com\/en\/projetos\/\">\n\t\t\t\t\t\t<span class=\"elementor-button-content-wrapper\">\n\t\t\t\t\t\t\t\t\t<span class=\"elementor-button-text\">View other projects<\/span>\n\t\t\t\t\t<\/span>\n\t\t\t\t\t<\/a>\n\t\t\t\t<\/div>\n\t\t\t\t\t\t\t\t<\/div>\n\t\t\t\t<\/div>\n\t\t\t\t\t<\/div>\n\t\t<\/div>\n\t\t\t\t\t<\/div>\n\t\t<\/section>\n\t\t\t\t<\/div>","protected":false},"excerpt":{"rendered":"<p>Maria Sacramento Santos Voltar atr\u00e1s A Maria Sacramento Santos \u00e9 hipnoterapeuta e mentora individual e em contexto empresarial. No site apresenta informa\u00e7\u00f5es sobre os seus servi\u00e7os, os locais onde trabalha e partilha imensos conte\u00fados, entre artigos e v\u00eddeos, sobre a sua atividade.\u00a0 M\u00f3dulos P\u00e1ginas com informa\u00e7\u00e3o sobre servi\u00e7os de hipnoterapia e mentoria Blog com v\u00e1rias [&hellip;]<\/p>\n","protected":false},"author":1,"featured_media":5057,"parent":4246,"menu_order":0,"comment_status":"closed","ping_status":"closed","template":"","meta":{"footnotes":""},"class_list":["post-5053","page","type-page","status-publish","has-post-thumbnail","hentry"],"aioseo_notices":[],"_links":{"self":[{"href":"https:\/\/upscapestudio.com\/en\/wp-json\/wp\/v2\/pages\/5053","targetHints":{"allow":["GET"]}}],"collection":[{"href":"https:\/\/upscapestudio.com\/en\/wp-json\/wp\/v2\/pages"}],"about":[{"href":"https:\/\/upscapestudio.com\/en\/wp-json\/wp\/v2\/types\/page"}],"author":[{"embeddable":true,"href":"https:\/\/upscapestudio.com\/en\/wp-json\/wp\/v2\/users\/1"}],"replies":[{"embeddable":true,"href":"https:\/\/upscapestudio.com\/en\/wp-json\/wp\/v2\/comments?post=5053"}],"version-history":[{"count":12,"href":"https:\/\/upscapestudio.com\/en\/wp-json\/wp\/v2\/pages\/5053\/revisions"}],"predecessor-version":[{"id":6547,"href":"https:\/\/upscapestudio.com\/en\/wp-json\/wp\/v2\/pages\/5053\/revisions\/6547"}],"up":[{"embeddable":true,"href":"https:\/\/upscapestudio.com\/en\/wp-json\/wp\/v2\/pages\/4246"}],"wp:featuredmedia":[{"embeddable":true,"href":"https:\/\/upscapestudio.com\/en\/wp-json\/wp\/v2\/media\/5057"}],"wp:attachment":[{"href":"https:\/\/upscapestudio.com\/en\/wp-json\/wp\/v2\/media?parent=5053"}],"curies":[{"name":"wp","href":"https:\/\/api.w.org\/{rel}","templated":true}]}}