{"id":5110,"date":"2023-03-30T16:38:03","date_gmt":"2023-03-30T16:38:03","guid":{"rendered":"https:\/\/upscapestudio.com\/?page_id=5110"},"modified":"2025-05-29T17:25:03","modified_gmt":"2025-05-29T16:25:03","slug":"ana-isabel-freitas","status":"publish","type":"page","link":"https:\/\/upscapestudio.com\/en\/projetos\/ana-isabel-freitas\/","title":{"rendered":"Ana Isabel Freitas"},"content":{"rendered":"<div data-elementor-type=\"wp-page\" data-elementor-id=\"5110\" class=\"elementor elementor-5110\" data-elementor-post-type=\"page\">\n\t\t\t\t\t\t<section class=\"elementor-section elementor-top-section elementor-element elementor-element-0c5154d elementor-section-boxed elementor-section-height-default elementor-section-height-default\" data-id=\"0c5154d\" data-element_type=\"section\" data-e-type=\"section\" data-settings=\"{&quot;background_background&quot;:&quot;classic&quot;}\">\n\t\t\t\t\t\t<div class=\"elementor-container elementor-column-gap-default\">\n\t\t\t\t\t<div class=\"elementor-column elementor-col-100 elementor-top-column elementor-element elementor-element-53e520e\" data-id=\"53e520e\" data-element_type=\"column\" data-e-type=\"column\">\n\t\t\t<div class=\"elementor-widget-wrap elementor-element-populated\">\n\t\t\t\t\t\t<div class=\"elementor-element elementor-element-b5767fd elementor-widget elementor-widget-heading\" data-id=\"b5767fd\" data-element_type=\"widget\" data-e-type=\"widget\" data-widget_type=\"heading.default\">\n\t\t\t\t<div class=\"elementor-widget-container\">\n\t\t\t\t\t<h1 class=\"elementor-heading-title elementor-size-default\">Ana Isabel Freitas<\/h1>\t\t\t\t<\/div>\n\t\t\t\t<\/div>\n\t\t\t\t<div class=\"elementor-element elementor-element-5791d50 elementor-align-left elementor-mobile-align-left elementor-widget elementor-widget-button\" data-id=\"5791d50\" data-element_type=\"widget\" data-e-type=\"widget\" data-widget_type=\"button.default\">\n\t\t\t\t<div class=\"elementor-widget-container\">\n\t\t\t\t\t\t\t\t\t<div class=\"elementor-button-wrapper\">\n\t\t\t\t\t<a class=\"elementor-button elementor-button-link elementor-size-xs\" href=\"https:\/\/upscapestudio.com\/en\/projetos\/\">\n\t\t\t\t\t\t<span class=\"elementor-button-content-wrapper\">\n\t\t\t\t\t\t\t\t\t<span class=\"elementor-button-text\">Go back<\/span>\n\t\t\t\t\t<\/span>\n\t\t\t\t\t<\/a>\n\t\t\t\t<\/div>\n\t\t\t\t\t\t\t\t<\/div>\n\t\t\t\t<\/div>\n\t\t\t\t\t<\/div>\n\t\t<\/div>\n\t\t\t\t\t<\/div>\n\t\t<\/section>\n\t\t\t\t<section class=\"elementor-section elementor-top-section elementor-element elementor-element-d96b271 elementor-section-boxed elementor-section-height-default elementor-section-height-default\" data-id=\"d96b271\" data-element_type=\"section\" data-e-type=\"section\">\n\t\t\t\t\t\t<div class=\"elementor-container elementor-column-gap-default\">\n\t\t\t\t\t<div class=\"elementor-column elementor-col-50 elementor-top-column elementor-element elementor-element-343468c\" data-id=\"343468c\" data-element_type=\"column\" data-e-type=\"column\">\n\t\t\t<div class=\"elementor-widget-wrap elementor-element-populated\">\n\t\t\t\t\t\t<div class=\"elementor-element elementor-element-d854be1 elementor-widget elementor-widget-image\" data-id=\"d854be1\" data-element_type=\"widget\" data-e-type=\"widget\" data-widget_type=\"image.default\">\n\t\t\t\t<div class=\"elementor-widget-container\">\n\t\t\t\t\t\t\t\t\t\t\t\t\t\t\t\t<a href=\"https:\/\/upscapestudio.com\/wp-content\/uploads\/2023\/03\/capa-ana-isabel-freitas-2.webp\" data-elementor-open-lightbox=\"yes\" data-e-action-hash=\"#elementor-action%3Aaction%3Dlightbox%26settings%3DeyJpZCI6NTExMywidXJsIjoiaHR0cHM6XC9cL3Vwc2NhcGVzdHVkaW8uY29tXC93cC1jb250ZW50XC91cGxvYWRzXC8yMDIzXC8wM1wvY2FwYS1hbmEtaXNhYmVsLWZyZWl0YXMtMi53ZWJwIn0%3D\">\n\t\t\t\t\t\t\t<img fetchpriority=\"high\" decoding=\"async\" width=\"1121\" height=\"872\" src=\"https:\/\/upscapestudio.com\/wp-content\/uploads\/2023\/03\/capa-ana-isabel-freitas-2.webp\" class=\"attachment-full size-full wp-image-5113\" alt=\"Capa do site de Ana Isabel Freitas - desenvolvido por Francisco Ferreira, Upscape Studio\" srcset=\"https:\/\/upscapestudio.com\/wp-content\/uploads\/2023\/03\/capa-ana-isabel-freitas-2.webp 1121w, https:\/\/upscapestudio.com\/wp-content\/uploads\/2023\/03\/capa-ana-isabel-freitas-2-1024x797.webp 1024w, https:\/\/upscapestudio.com\/wp-content\/uploads\/2023\/03\/capa-ana-isabel-freitas-2-768x597.webp 768w, https:\/\/upscapestudio.com\/wp-content\/uploads\/2023\/03\/capa-ana-isabel-freitas-2-15x12.webp 15w\" sizes=\"(max-width: 1121px) 100vw, 1121px\" \/>\t\t\t\t\t\t\t\t<\/a>\n\t\t\t\t\t\t\t\t\t\t\t\t\t\t\t<\/div>\n\t\t\t\t<\/div>\n\t\t\t\t\t<\/div>\n\t\t<\/div>\n\t\t\t\t<div class=\"elementor-column elementor-col-50 elementor-top-column elementor-element elementor-element-f312d0a\" data-id=\"f312d0a\" data-element_type=\"column\" data-e-type=\"column\">\n\t\t\t<div class=\"elementor-widget-wrap elementor-element-populated\">\n\t\t\t\t\t\t<div class=\"elementor-element elementor-element-22a3dce4 elementor-widget elementor-widget-text-editor\" data-id=\"22a3dce4\" data-element_type=\"widget\" data-e-type=\"widget\" data-widget_type=\"text-editor.default\">\n\t\t\t\t<div class=\"elementor-widget-container\">\n\t\t\t\t\t\t\t\t\t<p>Ana Isabel Freitas is an author, mentor and personal and organizational coach. On her website we can find out more about her services, books and past and future events. We also have a blog with several articles about Ana Isabel's area of activity.<\/p>\t\t\t\t\t\t\t\t<\/div>\n\t\t\t\t<\/div>\n\t\t\t\t<div class=\"elementor-element elementor-element-eedceaf elementor-widget elementor-widget-heading\" data-id=\"eedceaf\" data-element_type=\"widget\" data-e-type=\"widget\" data-widget_type=\"heading.default\">\n\t\t\t\t<div class=\"elementor-widget-container\">\n\t\t\t\t\t<h2 class=\"elementor-heading-title elementor-size-default\">Modules<\/h2>\t\t\t\t<\/div>\n\t\t\t\t<\/div>\n\t\t\t\t<div class=\"elementor-element elementor-element-cb237b8 dots elementor-icon-list--layout-traditional elementor-list-item-link-full_width elementor-widget elementor-widget-icon-list\" data-id=\"cb237b8\" data-element_type=\"widget\" data-e-type=\"widget\" data-widget_type=\"icon-list.default\">\n\t\t\t\t<div class=\"elementor-widget-container\">\n\t\t\t\t\t\t\t<ul class=\"elementor-icon-list-items\">\n\t\t\t\t\t\t\t<li class=\"elementor-icon-list-item\">\n\t\t\t\t\t\t\t\t\t\t\t<span class=\"elementor-icon-list-icon\">\n\t\t\t\t\t\t\t<i aria-hidden=\"true\" class=\"fas fa-circle\"><\/i>\t\t\t\t\t\t<\/span>\n\t\t\t\t\t\t\t\t\t\t<span class=\"elementor-icon-list-text\">Pages about mentoring and coaching services<\/span>\n\t\t\t\t\t\t\t\t\t<\/li>\n\t\t\t\t\t\t\t\t<li class=\"elementor-icon-list-item\">\n\t\t\t\t\t\t\t\t\t\t\t<span class=\"elementor-icon-list-icon\">\n\t\t\t\t\t\t\t<i aria-hidden=\"true\" class=\"fas fa-circle\"><\/i>\t\t\t\t\t\t<\/span>\n\t\t\t\t\t\t\t\t\t\t<span class=\"elementor-icon-list-text\">Blog with several categories: concepts, equanimity and living<\/span>\n\t\t\t\t\t\t\t\t\t<\/li>\n\t\t\t\t\t\t\t\t<li class=\"elementor-icon-list-item\">\n\t\t\t\t\t\t\t\t\t\t\t<span class=\"elementor-icon-list-icon\">\n\t\t\t\t\t\t\t<i aria-hidden=\"true\" class=\"fas fa-circle\"><\/i>\t\t\t\t\t\t<\/span>\n\t\t\t\t\t\t\t\t\t\t<span class=\"elementor-icon-list-text\">Possibility to subscribe to the blog via email<\/span>\n\t\t\t\t\t\t\t\t\t<\/li>\n\t\t\t\t\t\t\t\t<li class=\"elementor-icon-list-item\">\n\t\t\t\t\t\t\t\t\t\t\t<span class=\"elementor-icon-list-icon\">\n\t\t\t\t\t\t\t<i aria-hidden=\"true\" class=\"fas fa-circle\"><\/i>\t\t\t\t\t\t<\/span>\n\t\t\t\t\t\t\t\t\t\t<span class=\"elementor-icon-list-text\">Integration with social networks<\/span>\n\t\t\t\t\t\t\t\t\t<\/li>\n\t\t\t\t\t\t\t\t<li class=\"elementor-icon-list-item\">\n\t\t\t\t\t\t\t\t\t\t\t<span class=\"elementor-icon-list-icon\">\n\t\t\t\t\t\t\t<i aria-hidden=\"true\" class=\"fas fa-circle\"><\/i>\t\t\t\t\t\t<\/span>\n\t\t\t\t\t\t\t\t\t\t<span class=\"elementor-icon-list-text\">Testimonial Carousel<\/span>\n\t\t\t\t\t\t\t\t\t<\/li>\n\t\t\t\t\t\t\t\t<li class=\"elementor-icon-list-item\">\n\t\t\t\t\t\t\t\t\t\t\t<span class=\"elementor-icon-list-icon\">\n\t\t\t\t\t\t\t<i aria-hidden=\"true\" class=\"fas fa-circle\"><\/i>\t\t\t\t\t\t<\/span>\n\t\t\t\t\t\t\t\t\t\t<span class=\"elementor-icon-list-text\">Events page with upcoming dates and synchronization with google calendar<\/span>\n\t\t\t\t\t\t\t\t\t<\/li>\n\t\t\t\t\t\t\t\t<li class=\"elementor-icon-list-item\">\n\t\t\t\t\t\t\t\t\t\t\t<span class=\"elementor-icon-list-icon\">\n\t\t\t\t\t\t\t<i aria-hidden=\"true\" class=\"fas fa-circle\"><\/i>\t\t\t\t\t\t<\/span>\n\t\t\t\t\t\t\t\t\t\t<span class=\"elementor-icon-list-text\">Pages about Ana Isabel Freitas' books<\/span>\n\t\t\t\t\t\t\t\t\t<\/li>\n\t\t\t\t\t\t\t\t<li class=\"elementor-icon-list-item\">\n\t\t\t\t\t\t\t\t\t\t\t<span class=\"elementor-icon-list-icon\">\n\t\t\t\t\t\t\t<i aria-hidden=\"true\" class=\"fas fa-circle\"><\/i>\t\t\t\t\t\t<\/span>\n\t\t\t\t\t\t\t\t\t\t<span class=\"elementor-icon-list-text\">Contact page with social networks and form<\/span>\n\t\t\t\t\t\t\t\t\t<\/li>\n\t\t\t\t\t\t<\/ul>\n\t\t\t\t\t\t<\/div>\n\t\t\t\t<\/div>\n\t\t\t\t<div class=\"elementor-element elementor-element-bfc78bd elementor-align-left elementor-widget elementor-widget-button\" data-id=\"bfc78bd\" data-element_type=\"widget\" data-e-type=\"widget\" data-widget_type=\"button.default\">\n\t\t\t\t<div class=\"elementor-widget-container\">\n\t\t\t\t\t\t\t\t\t<div class=\"elementor-button-wrapper\">\n\t\t\t\t\t<a class=\"elementor-button elementor-button-link elementor-size-sm\" href=\"https:\/\/anaisabelfreitas.com\/\" target=\"_blank\">\n\t\t\t\t\t\t<span class=\"elementor-button-content-wrapper\">\n\t\t\t\t\t\t\t\t\t<span class=\"elementor-button-text\">View website<\/span>\n\t\t\t\t\t<\/span>\n\t\t\t\t\t<\/a>\n\t\t\t\t<\/div>\n\t\t\t\t\t\t\t\t<\/div>\n\t\t\t\t<\/div>\n\t\t\t\t\t<\/div>\n\t\t<\/div>\n\t\t\t\t\t<\/div>\n\t\t<\/section>\n\t\t\t\t<section class=\"elementor-section elementor-top-section elementor-element elementor-element-44ff3db elementor-section-boxed elementor-section-height-default elementor-section-height-default\" data-id=\"44ff3db\" data-element_type=\"section\" data-e-type=\"section\" data-settings=\"{&quot;background_background&quot;:&quot;classic&quot;}\">\n\t\t\t\t\t\t<div class=\"elementor-container elementor-column-gap-default\">\n\t\t\t\t\t<div class=\"elementor-column elementor-col-50 elementor-top-column elementor-element elementor-element-2b32ecc\" data-id=\"2b32ecc\" data-element_type=\"column\" data-e-type=\"column\">\n\t\t\t<div class=\"elementor-widget-wrap elementor-element-populated\">\n\t\t\t\t\t\t<div class=\"elementor-element elementor-element-d24ff77 elementor-widget elementor-widget-heading\" data-id=\"d24ff77\" data-element_type=\"widget\" data-e-type=\"widget\" data-widget_type=\"heading.default\">\n\t\t\t\t<div class=\"elementor-widget-container\">\n\t\t\t\t\t<h2 class=\"elementor-heading-title elementor-size-default\">Testimony of Ana Isabel Freitas<\/h2>\t\t\t\t<\/div>\n\t\t\t\t<\/div>\n\t\t\t\t<div class=\"elementor-element elementor-element-f5dd181 elementor-widget elementor-widget-text-editor\" data-id=\"f5dd181\" data-element_type=\"widget\" data-e-type=\"widget\" data-widget_type=\"text-editor.default\">\n\t\t\t\t<div class=\"elementor-widget-container\">\n\t\t\t\t\t\t\t\t\t<p>\"For me it was a pleasure to work with Francisco. He was always very professional, technically competent, patient, correct, helpful, arranged solutions, and maintained truly exemplary communication.<\/p><p>I will continue to use his services and can only recommend them.<br \/>\ud83d\ude4f\ud83e\udd29\u201d<\/p>\t\t\t\t\t\t\t\t<\/div>\n\t\t\t\t<\/div>\n\t\t\t\t\t<\/div>\n\t\t<\/div>\n\t\t\t\t<div class=\"elementor-column elementor-col-50 elementor-top-column elementor-element elementor-element-46f1d4c\" data-id=\"46f1d4c\" data-element_type=\"column\" data-e-type=\"column\">\n\t\t\t<div class=\"elementor-widget-wrap elementor-element-populated\">\n\t\t\t\t\t\t<div class=\"elementor-element elementor-element-912056a elementor-widget elementor-widget-image\" data-id=\"912056a\" data-element_type=\"widget\" data-e-type=\"widget\" data-widget_type=\"image.default\">\n\t\t\t\t<div class=\"elementor-widget-container\">\n\t\t\t\t\t\t\t\t\t\t\t\t\t\t\t<img decoding=\"async\" width=\"300\" height=\"300\" src=\"https:\/\/upscapestudio.com\/wp-content\/uploads\/2023\/02\/ana-isabel-freitas.webp\" class=\"attachment-large size-large wp-image-4151\" alt=\"Ana Isabel Freitas - Mentora e Coach\" srcset=\"https:\/\/upscapestudio.com\/wp-content\/uploads\/2023\/02\/ana-isabel-freitas.webp 300w, https:\/\/upscapestudio.com\/wp-content\/uploads\/2023\/02\/ana-isabel-freitas-150x150.webp 150w, https:\/\/upscapestudio.com\/wp-content\/uploads\/2023\/02\/ana-isabel-freitas-12x12.webp 12w\" sizes=\"(max-width: 300px) 100vw, 300px\" \/>\t\t\t\t\t\t\t\t\t\t\t\t\t\t\t<\/div>\n\t\t\t\t<\/div>\n\t\t\t\t\t<\/div>\n\t\t<\/div>\n\t\t\t\t\t<\/div>\n\t\t<\/section>\n\t\t\t\t<section class=\"elementor-section elementor-top-section elementor-element elementor-element-83dcf92 elementor-section-boxed elementor-section-height-default elementor-section-height-default\" data-id=\"83dcf92\" data-element_type=\"section\" data-e-type=\"section\" data-settings=\"{&quot;background_background&quot;:&quot;classic&quot;}\">\n\t\t\t\t\t\t<div class=\"elementor-container elementor-column-gap-default\">\n\t\t\t\t\t<div class=\"elementor-column elementor-col-100 elementor-top-column elementor-element elementor-element-526d04b\" data-id=\"526d04b\" data-element_type=\"column\" data-e-type=\"column\">\n\t\t\t<div class=\"elementor-widget-wrap elementor-element-populated\">\n\t\t\t\t\t\t<div class=\"elementor-element elementor-element-1312c11 elementor-widget elementor-widget-heading\" data-id=\"1312c11\" data-element_type=\"widget\" data-e-type=\"widget\" data-widget_type=\"heading.default\">\n\t\t\t\t<div class=\"elementor-widget-container\">\n\t\t\t\t\t<h2 class=\"elementor-heading-title elementor-size-default\">Sample pages of the website<\/h2>\t\t\t\t<\/div>\n\t\t\t\t<\/div>\n\t\t\t\t<div class=\"elementor-element elementor-element-f45fa84 gallery-spacing-custom elementor-widget elementor-widget-image-gallery\" data-id=\"f45fa84\" data-element_type=\"widget\" data-e-type=\"widget\" data-widget_type=\"image-gallery.default\">\n\t\t\t\t<div class=\"elementor-widget-container\">\n\t\t\t\t\t\t\t<div class=\"elementor-image-gallery\">\n\t\t\t<div id='gallery-1' class='gallery galleryid-5110 gallery-columns-3 gallery-size-full'><figure class='gallery-item'>\n\t\t\t<div class='gallery-icon landscape'>\n\t\t\t\t<a data-elementor-open-lightbox=\"yes\" data-elementor-lightbox-slideshow=\"f45fa84\" data-e-action-hash=\"#elementor-action%3Aaction%3Dlightbox%26settings%3DeyJpZCI6NTExNSwidXJsIjoiaHR0cHM6XC9cL3Vwc2NhcGVzdHVkaW8uY29tXC93cC1jb250ZW50XC91cGxvYWRzXC8yMDIzXC8wM1wvYW5hLWZyZWl0YXMtc2l0ZS0xLndlYnAiLCJzbGlkZXNob3ciOiJmNDVmYTg0In0%3D\" href='https:\/\/upscapestudio.com\/wp-content\/uploads\/2023\/03\/ana-freitas-site-1.webp'><img decoding=\"async\" width=\"1080\" height=\"1080\" src=\"https:\/\/upscapestudio.com\/wp-content\/uploads\/2023\/03\/ana-freitas-site-1.webp\" class=\"attachment-full size-full\" alt=\"Sobre - website da Ana Isabel Freitas\" srcset=\"https:\/\/upscapestudio.com\/wp-content\/uploads\/2023\/03\/ana-freitas-site-1.webp 1080w, https:\/\/upscapestudio.com\/wp-content\/uploads\/2023\/03\/ana-freitas-site-1-300x300.webp 300w, https:\/\/upscapestudio.com\/wp-content\/uploads\/2023\/03\/ana-freitas-site-1-1024x1024.webp 1024w, https:\/\/upscapestudio.com\/wp-content\/uploads\/2023\/03\/ana-freitas-site-1-150x150.webp 150w, https:\/\/upscapestudio.com\/wp-content\/uploads\/2023\/03\/ana-freitas-site-1-768x768.webp 768w, https:\/\/upscapestudio.com\/wp-content\/uploads\/2023\/03\/ana-freitas-site-1-12x12.webp 12w\" sizes=\"(max-width: 1080px) 100vw, 1080px\" \/><\/a>\n\t\t\t<\/div><\/figure><figure class='gallery-item'>\n\t\t\t<div class='gallery-icon landscape'>\n\t\t\t\t<a data-elementor-open-lightbox=\"yes\" data-elementor-lightbox-slideshow=\"f45fa84\" data-e-action-hash=\"#elementor-action%3Aaction%3Dlightbox%26settings%3DeyJpZCI6NTExOSwidXJsIjoiaHR0cHM6XC9cL3Vwc2NhcGVzdHVkaW8uY29tXC93cC1jb250ZW50XC91cGxvYWRzXC8yMDIzXC8wM1wvYW5hLWZyZWl0YXMtc2l0ZS01LndlYnAiLCJzbGlkZXNob3ciOiJmNDVmYTg0In0%3D\" href='https:\/\/upscapestudio.com\/wp-content\/uploads\/2023\/03\/ana-freitas-site-5.webp'><img loading=\"lazy\" decoding=\"async\" width=\"1080\" height=\"1080\" src=\"https:\/\/upscapestudio.com\/wp-content\/uploads\/2023\/03\/ana-freitas-site-5.webp\" class=\"attachment-full size-full\" alt=\"Ecr\u00e3s de telem\u00f3vel - website da Ana Isabel Freitas\" srcset=\"https:\/\/upscapestudio.com\/wp-content\/uploads\/2023\/03\/ana-freitas-site-5.webp 1080w, https:\/\/upscapestudio.com\/wp-content\/uploads\/2023\/03\/ana-freitas-site-5-300x300.webp 300w, https:\/\/upscapestudio.com\/wp-content\/uploads\/2023\/03\/ana-freitas-site-5-1024x1024.webp 1024w, https:\/\/upscapestudio.com\/wp-content\/uploads\/2023\/03\/ana-freitas-site-5-150x150.webp 150w, https:\/\/upscapestudio.com\/wp-content\/uploads\/2023\/03\/ana-freitas-site-5-768x768.webp 768w, https:\/\/upscapestudio.com\/wp-content\/uploads\/2023\/03\/ana-freitas-site-5-12x12.webp 12w\" sizes=\"(max-width: 1080px) 100vw, 1080px\" \/><\/a>\n\t\t\t<\/div><\/figure><figure class='gallery-item'>\n\t\t\t<div class='gallery-icon landscape'>\n\t\t\t\t<a data-elementor-open-lightbox=\"yes\" data-elementor-lightbox-slideshow=\"f45fa84\" data-e-action-hash=\"#elementor-action%3Aaction%3Dlightbox%26settings%3DeyJpZCI6NTExNywidXJsIjoiaHR0cHM6XC9cL3Vwc2NhcGVzdHVkaW8uY29tXC93cC1jb250ZW50XC91cGxvYWRzXC8yMDIzXC8wM1wvYW5hLWZyZWl0YXMtc2l0ZS0zLndlYnAiLCJzbGlkZXNob3ciOiJmNDVmYTg0In0%3D\" href='https:\/\/upscapestudio.com\/wp-content\/uploads\/2023\/03\/ana-freitas-site-3.webp'><img loading=\"lazy\" decoding=\"async\" width=\"1080\" height=\"1080\" src=\"https:\/\/upscapestudio.com\/wp-content\/uploads\/2023\/03\/ana-freitas-site-3.webp\" class=\"attachment-full size-full\" alt=\"Eventos - website da Ana Isabel Freitas\" srcset=\"https:\/\/upscapestudio.com\/wp-content\/uploads\/2023\/03\/ana-freitas-site-3.webp 1080w, https:\/\/upscapestudio.com\/wp-content\/uploads\/2023\/03\/ana-freitas-site-3-300x300.webp 300w, https:\/\/upscapestudio.com\/wp-content\/uploads\/2023\/03\/ana-freitas-site-3-1024x1024.webp 1024w, https:\/\/upscapestudio.com\/wp-content\/uploads\/2023\/03\/ana-freitas-site-3-150x150.webp 150w, https:\/\/upscapestudio.com\/wp-content\/uploads\/2023\/03\/ana-freitas-site-3-768x768.webp 768w, https:\/\/upscapestudio.com\/wp-content\/uploads\/2023\/03\/ana-freitas-site-3-12x12.webp 12w\" sizes=\"(max-width: 1080px) 100vw, 1080px\" \/><\/a>\n\t\t\t<\/div><\/figure><figure class='gallery-item'>\n\t\t\t<div class='gallery-icon landscape'>\n\t\t\t\t<a data-elementor-open-lightbox=\"yes\" data-elementor-lightbox-slideshow=\"f45fa84\" data-e-action-hash=\"#elementor-action%3Aaction%3Dlightbox%26settings%3DeyJpZCI6NTExNiwidXJsIjoiaHR0cHM6XC9cL3Vwc2NhcGVzdHVkaW8uY29tXC93cC1jb250ZW50XC91cGxvYWRzXC8yMDIzXC8wM1wvYW5hLWZyZWl0YXMtc2l0ZS0yLndlYnAiLCJzbGlkZXNob3ciOiJmNDVmYTg0In0%3D\" href='https:\/\/upscapestudio.com\/wp-content\/uploads\/2023\/03\/ana-freitas-site-2.webp'><img loading=\"lazy\" decoding=\"async\" width=\"1080\" height=\"1080\" src=\"https:\/\/upscapestudio.com\/wp-content\/uploads\/2023\/03\/ana-freitas-site-2.webp\" class=\"attachment-full size-full\" alt=\"Coaching - website da Ana Isabel Freitas\" srcset=\"https:\/\/upscapestudio.com\/wp-content\/uploads\/2023\/03\/ana-freitas-site-2.webp 1080w, https:\/\/upscapestudio.com\/wp-content\/uploads\/2023\/03\/ana-freitas-site-2-300x300.webp 300w, https:\/\/upscapestudio.com\/wp-content\/uploads\/2023\/03\/ana-freitas-site-2-1024x1024.webp 1024w, https:\/\/upscapestudio.com\/wp-content\/uploads\/2023\/03\/ana-freitas-site-2-150x150.webp 150w, https:\/\/upscapestudio.com\/wp-content\/uploads\/2023\/03\/ana-freitas-site-2-768x768.webp 768w, https:\/\/upscapestudio.com\/wp-content\/uploads\/2023\/03\/ana-freitas-site-2-12x12.webp 12w\" sizes=\"(max-width: 1080px) 100vw, 1080px\" \/><\/a>\n\t\t\t<\/div><\/figure><figure class='gallery-item'>\n\t\t\t<div class='gallery-icon landscape'>\n\t\t\t\t<a data-elementor-open-lightbox=\"yes\" data-elementor-lightbox-slideshow=\"f45fa84\" data-e-action-hash=\"#elementor-action%3Aaction%3Dlightbox%26settings%3DeyJpZCI6NTEyMCwidXJsIjoiaHR0cHM6XC9cL3Vwc2NhcGVzdHVkaW8uY29tXC93cC1jb250ZW50XC91cGxvYWRzXC8yMDIzXC8wM1wvYW5hLWZyZWl0YXMtc2l0ZS02LndlYnAiLCJzbGlkZXNob3ciOiJmNDVmYTg0In0%3D\" href='https:\/\/upscapestudio.com\/wp-content\/uploads\/2023\/03\/ana-freitas-site-6.webp'><img loading=\"lazy\" decoding=\"async\" width=\"1080\" height=\"1080\" src=\"https:\/\/upscapestudio.com\/wp-content\/uploads\/2023\/03\/ana-freitas-site-6.webp\" class=\"attachment-full size-full\" alt=\"Testemunhos - website da Ana Isabel Freitas\" srcset=\"https:\/\/upscapestudio.com\/wp-content\/uploads\/2023\/03\/ana-freitas-site-6.webp 1080w, https:\/\/upscapestudio.com\/wp-content\/uploads\/2023\/03\/ana-freitas-site-6-300x300.webp 300w, https:\/\/upscapestudio.com\/wp-content\/uploads\/2023\/03\/ana-freitas-site-6-1024x1024.webp 1024w, https:\/\/upscapestudio.com\/wp-content\/uploads\/2023\/03\/ana-freitas-site-6-150x150.webp 150w, https:\/\/upscapestudio.com\/wp-content\/uploads\/2023\/03\/ana-freitas-site-6-768x768.webp 768w, https:\/\/upscapestudio.com\/wp-content\/uploads\/2023\/03\/ana-freitas-site-6-12x12.webp 12w\" sizes=\"(max-width: 1080px) 100vw, 1080px\" \/><\/a>\n\t\t\t<\/div><\/figure><figure class='gallery-item'>\n\t\t\t<div class='gallery-icon landscape'>\n\t\t\t\t<a data-elementor-open-lightbox=\"yes\" data-elementor-lightbox-slideshow=\"f45fa84\" data-e-action-hash=\"#elementor-action%3Aaction%3Dlightbox%26settings%3DeyJpZCI6NTExOCwidXJsIjoiaHR0cHM6XC9cL3Vwc2NhcGVzdHVkaW8uY29tXC93cC1jb250ZW50XC91cGxvYWRzXC8yMDIzXC8wM1wvYW5hLWZyZWl0YXMtc2l0ZS00LndlYnAiLCJzbGlkZXNob3ciOiJmNDVmYTg0In0%3D\" href='https:\/\/upscapestudio.com\/wp-content\/uploads\/2023\/03\/ana-freitas-site-4.webp'><img loading=\"lazy\" decoding=\"async\" width=\"1080\" height=\"1080\" src=\"https:\/\/upscapestudio.com\/wp-content\/uploads\/2023\/03\/ana-freitas-site-4.webp\" class=\"attachment-full size-full\" alt=\"Ecr\u00e3s de telem\u00f3vel - website da Ana Isabel Freitas\" srcset=\"https:\/\/upscapestudio.com\/wp-content\/uploads\/2023\/03\/ana-freitas-site-4.webp 1080w, https:\/\/upscapestudio.com\/wp-content\/uploads\/2023\/03\/ana-freitas-site-4-300x300.webp 300w, https:\/\/upscapestudio.com\/wp-content\/uploads\/2023\/03\/ana-freitas-site-4-1024x1024.webp 1024w, https:\/\/upscapestudio.com\/wp-content\/uploads\/2023\/03\/ana-freitas-site-4-150x150.webp 150w, https:\/\/upscapestudio.com\/wp-content\/uploads\/2023\/03\/ana-freitas-site-4-768x768.webp 768w, https:\/\/upscapestudio.com\/wp-content\/uploads\/2023\/03\/ana-freitas-site-4-12x12.webp 12w\" sizes=\"(max-width: 1080px) 100vw, 1080px\" \/><\/a>\n\t\t\t<\/div><\/figure>\n\t\t<\/div>\n\t\t<\/div>\n\t\t\t\t\t\t<\/div>\n\t\t\t\t<\/div>\n\t\t\t\t<div class=\"elementor-element elementor-element-4e057f5 elementor-align-center elementor-widget elementor-widget-button\" data-id=\"4e057f5\" data-element_type=\"widget\" data-e-type=\"widget\" data-widget_type=\"button.default\">\n\t\t\t\t<div class=\"elementor-widget-container\">\n\t\t\t\t\t\t\t\t\t<div class=\"elementor-button-wrapper\">\n\t\t\t\t\t<a class=\"elementor-button elementor-button-link elementor-size-sm\" href=\"https:\/\/upscapestudio.com\/en\/projetos\/\">\n\t\t\t\t\t\t<span class=\"elementor-button-content-wrapper\">\n\t\t\t\t\t\t\t\t\t<span class=\"elementor-button-text\">View other projects<\/span>\n\t\t\t\t\t<\/span>\n\t\t\t\t\t<\/a>\n\t\t\t\t<\/div>\n\t\t\t\t\t\t\t\t<\/div>\n\t\t\t\t<\/div>\n\t\t\t\t\t<\/div>\n\t\t<\/div>\n\t\t\t\t\t<\/div>\n\t\t<\/section>\n\t\t\t\t<\/div>","protected":false},"excerpt":{"rendered":"<p>Ana Isabel Freitas Voltar atr\u00e1s A Ana Isabel Freitas \u00e9 autora, mentora e coach pessoal e organizacional. No seu website ficamos a saber mais sobre os seus servi\u00e7os, livros e eventos passados e futuros. Temos ainda um blog com v\u00e1rios artigos sobre a \u00e1rea de atividade da Ana Isabel. M\u00f3dulos P\u00e1ginas sobre servi\u00e7os de mentoria [&hellip;]<\/p>\n","protected":false},"author":1,"featured_media":5119,"parent":4246,"menu_order":0,"comment_status":"closed","ping_status":"closed","template":"","meta":{"footnotes":""},"class_list":["post-5110","page","type-page","status-publish","has-post-thumbnail","hentry"],"aioseo_notices":[],"_links":{"self":[{"href":"https:\/\/upscapestudio.com\/en\/wp-json\/wp\/v2\/pages\/5110","targetHints":{"allow":["GET"]}}],"collection":[{"href":"https:\/\/upscapestudio.com\/en\/wp-json\/wp\/v2\/pages"}],"about":[{"href":"https:\/\/upscapestudio.com\/en\/wp-json\/wp\/v2\/types\/page"}],"author":[{"embeddable":true,"href":"https:\/\/upscapestudio.com\/en\/wp-json\/wp\/v2\/users\/1"}],"replies":[{"embeddable":true,"href":"https:\/\/upscapestudio.com\/en\/wp-json\/wp\/v2\/comments?post=5110"}],"version-history":[{"count":24,"href":"https:\/\/upscapestudio.com\/en\/wp-json\/wp\/v2\/pages\/5110\/revisions"}],"predecessor-version":[{"id":7630,"href":"https:\/\/upscapestudio.com\/en\/wp-json\/wp\/v2\/pages\/5110\/revisions\/7630"}],"up":[{"embeddable":true,"href":"https:\/\/upscapestudio.com\/en\/wp-json\/wp\/v2\/pages\/4246"}],"wp:featuredmedia":[{"embeddable":true,"href":"https:\/\/upscapestudio.com\/en\/wp-json\/wp\/v2\/media\/5119"}],"wp:attachment":[{"href":"https:\/\/upscapestudio.com\/en\/wp-json\/wp\/v2\/media?parent=5110"}],"curies":[{"name":"wp","href":"https:\/\/api.w.org\/{rel}","templated":true}]}}