{"id":5996,"date":"2023-12-29T11:37:28","date_gmt":"2023-12-29T11:37:28","guid":{"rendered":"https:\/\/upscapestudio.com\/?page_id=5996"},"modified":"2024-03-08T11:22:20","modified_gmt":"2024-03-08T11:22:20","slug":"obrigado","status":"publish","type":"page","link":"https:\/\/upscapestudio.com\/en\/obrigado\/","title":{"rendered":"Obrigado"},"content":{"rendered":"<div data-elementor-type=\"wp-page\" data-elementor-id=\"5996\" class=\"elementor elementor-5996\" data-elementor-post-type=\"page\">\n\t\t\t\t\t\t<section class=\"elementor-section elementor-top-section elementor-element elementor-element-0c5154d elementor-section-boxed elementor-section-height-default elementor-section-height-default\" data-id=\"0c5154d\" data-element_type=\"section\" data-e-type=\"section\" data-settings=\"{&quot;background_background&quot;:&quot;classic&quot;}\">\n\t\t\t\t\t\t<div class=\"elementor-container elementor-column-gap-default\">\n\t\t\t\t\t<div class=\"elementor-column elementor-col-100 elementor-top-column elementor-element elementor-element-53e520e\" data-id=\"53e520e\" data-element_type=\"column\" data-e-type=\"column\">\n\t\t\t<div class=\"elementor-widget-wrap elementor-element-populated\">\n\t\t\t\t\t\t<div class=\"elementor-element elementor-element-b5767fd elementor-widget elementor-widget-heading\" data-id=\"b5767fd\" data-element_type=\"widget\" data-e-type=\"widget\" data-widget_type=\"heading.default\">\n\t\t\t\t<div class=\"elementor-widget-container\">\n\t\t\t\t\t<h1 class=\"elementor-heading-title elementor-size-default\">THANKS!<\/h1>\t\t\t\t<\/div>\n\t\t\t\t<\/div>\n\t\t\t\t<div class=\"elementor-element elementor-element-eedceaf elementor-widget elementor-widget-heading\" data-id=\"eedceaf\" data-element_type=\"widget\" data-e-type=\"widget\" data-widget_type=\"heading.default\">\n\t\t\t\t<div class=\"elementor-widget-container\">\n\t\t\t\t\t<h2 class=\"elementor-heading-title elementor-size-default\">I will respond to your request within 48 hours<\/h2>\t\t\t\t<\/div>\n\t\t\t\t<\/div>\n\t\t\t\t\t<\/div>\n\t\t<\/div>\n\t\t\t\t\t<\/div>\n\t\t<\/section>\n\t\t\t\t<section class=\"elementor-section elementor-top-section elementor-element elementor-element-e520959 elementor-section-boxed elementor-section-height-default elementor-section-height-default\" data-id=\"e520959\" data-element_type=\"section\" data-e-type=\"section\">\n\t\t\t\t\t\t<div class=\"elementor-container elementor-column-gap-default\">\n\t\t\t\t\t<div class=\"elementor-column elementor-col-100 elementor-top-column elementor-element elementor-element-28dc866\" data-id=\"28dc866\" data-element_type=\"column\" data-e-type=\"column\">\n\t\t\t<div class=\"elementor-widget-wrap elementor-element-populated\">\n\t\t\t\t\t\t<div class=\"elementor-element elementor-element-0beb6a3 elementor-widget elementor-widget-heading\" data-id=\"0beb6a3\" data-element_type=\"widget\" data-e-type=\"widget\" data-widget_type=\"heading.default\">\n\t\t\t\t<div class=\"elementor-widget-container\">\n\t\t\t\t\t<h2 class=\"elementor-heading-title elementor-size-default\">While you wait, have you met...?<\/h2>\t\t\t\t<\/div>\n\t\t\t\t<\/div>\n\t\t\t\t<section class=\"elementor-section elementor-inner-section elementor-element elementor-element-771e1502 elementor-section-content-middle elementor-section-boxed elementor-section-height-default elementor-section-height-default\" data-id=\"771e1502\" data-element_type=\"section\" data-e-type=\"section\">\n\t\t\t\t\t\t<div class=\"elementor-container elementor-column-gap-no\">\n\t\t\t\t\t<div class=\"elementor-column elementor-col-33 elementor-inner-column elementor-element elementor-element-43eb1738\" data-id=\"43eb1738\" data-element_type=\"column\" data-e-type=\"column\">\n\t\t\t<div class=\"elementor-widget-wrap elementor-element-populated\">\n\t\t\t\t\t\t<div class=\"elementor-element elementor-element-2dad7b55 elementor-position-top elementor-widget elementor-widget-image-box\" data-id=\"2dad7b55\" data-element_type=\"widget\" data-e-type=\"widget\" data-widget_type=\"image-box.default\">\n\t\t\t\t<div class=\"elementor-widget-container\">\n\t\t\t\t\t<div class=\"elementor-image-box-wrapper\"><figure class=\"elementor-image-box-img\"><a href=\"https:\/\/upscapestudio.com\/en\/projetos\/\" tabindex=\"-1\"><img fetchpriority=\"high\" decoding=\"async\" width=\"256\" height=\"256\" src=\"https:\/\/upscapestudio.com\/wp-content\/uploads\/2022\/11\/startup.png\" class=\"elementor-animation-grow attachment-full size-full wp-image-3343\" alt=\"\" srcset=\"https:\/\/upscapestudio.com\/wp-content\/uploads\/2022\/11\/startup.png 256w, https:\/\/upscapestudio.com\/wp-content\/uploads\/2022\/11\/startup-150x150.png 150w, https:\/\/upscapestudio.com\/wp-content\/uploads\/2022\/11\/startup-12x12.png 12w\" sizes=\"(max-width: 256px) 100vw, 256px\" \/><\/a><\/figure><div class=\"elementor-image-box-content\"><h3 class=\"elementor-image-box-title\"><a href=\"https:\/\/upscapestudio.com\/en\/projetos\/\">My projects<\/a><\/h3><p class=\"elementor-image-box-description\">Explore the websites, online stores, blogs and more in my portfolio<\/p><\/div><\/div>\t\t\t\t<\/div>\n\t\t\t\t<\/div>\n\t\t\t\t\t<\/div>\n\t\t<\/div>\n\t\t\t\t<div class=\"elementor-column elementor-col-33 elementor-inner-column elementor-element elementor-element-6284d402\" data-id=\"6284d402\" data-element_type=\"column\" data-e-type=\"column\">\n\t\t\t<div class=\"elementor-widget-wrap elementor-element-populated\">\n\t\t\t\t\t\t<div class=\"elementor-element elementor-element-37bd94e4 elementor-position-top elementor-widget elementor-widget-image-box\" data-id=\"37bd94e4\" data-element_type=\"widget\" data-e-type=\"widget\" data-widget_type=\"image-box.default\">\n\t\t\t\t<div class=\"elementor-widget-container\">\n\t\t\t\t\t<div class=\"elementor-image-box-wrapper\"><figure class=\"elementor-image-box-img\"><a href=\"https:\/\/upscapestudio.com\/en\/testemunhos\/\" tabindex=\"-1\"><img decoding=\"async\" width=\"256\" height=\"256\" src=\"https:\/\/upscapestudio.com\/wp-content\/uploads\/2022\/11\/flyer.png\" class=\"elementor-animation-grow attachment-full size-full wp-image-3342\" alt=\"\" srcset=\"https:\/\/upscapestudio.com\/wp-content\/uploads\/2022\/11\/flyer.png 256w, https:\/\/upscapestudio.com\/wp-content\/uploads\/2022\/11\/flyer-150x150.png 150w, https:\/\/upscapestudio.com\/wp-content\/uploads\/2022\/11\/flyer-12x12.png 12w\" sizes=\"(max-width: 256px) 100vw, 256px\" \/><\/a><\/figure><div class=\"elementor-image-box-content\"><h3 class=\"elementor-image-box-title\"><a href=\"https:\/\/upscapestudio.com\/en\/testemunhos\/\">Customer feedback<\/a><\/h3><p class=\"elementor-image-box-description\">Find out what over 30 clients have to say about my work<\/p><\/div><\/div>\t\t\t\t<\/div>\n\t\t\t\t<\/div>\n\t\t\t\t\t<\/div>\n\t\t<\/div>\n\t\t\t\t<div class=\"elementor-column elementor-col-33 elementor-inner-column elementor-element elementor-element-4c2452ed\" data-id=\"4c2452ed\" data-element_type=\"column\" data-e-type=\"column\">\n\t\t\t<div class=\"elementor-widget-wrap elementor-element-populated\">\n\t\t\t\t\t\t<div class=\"elementor-element elementor-element-6f98377 elementor-position-top elementor-widget elementor-widget-image-box\" data-id=\"6f98377\" data-element_type=\"widget\" data-e-type=\"widget\" data-widget_type=\"image-box.default\">\n\t\t\t\t<div class=\"elementor-widget-container\">\n\t\t\t\t\t<div class=\"elementor-image-box-wrapper\"><figure class=\"elementor-image-box-img\"><a href=\"https:\/\/www.instagram.com\/upscape.studio\/\" target=\"_blank\" tabindex=\"-1\"><img decoding=\"async\" width=\"800\" height=\"800\" src=\"https:\/\/upscapestudio.com\/wp-content\/uploads\/2023\/12\/instagram-svgrepo-com.svg\" class=\"elementor-animation-grow attachment-full size-full wp-image-6000\" alt=\"\" \/><\/a><\/figure><div class=\"elementor-image-box-content\"><h3 class=\"elementor-image-box-title\"><a href=\"https:\/\/www.instagram.com\/upscape.studio\/\" target=\"_blank\">My Instagram<\/a><\/h3><p class=\"elementor-image-box-description\">Where I share news, new websites and customer testimonials<\/p><\/div><\/div>\t\t\t\t<\/div>\n\t\t\t\t<\/div>\n\t\t\t\t\t<\/div>\n\t\t<\/div>\n\t\t\t\t\t<\/div>\n\t\t<\/section>\n\t\t\t\t\t<\/div>\n\t\t<\/div>\n\t\t\t\t\t<\/div>\n\t\t<\/section>\n\t\t\t\t<\/div>","protected":false},"excerpt":{"rendered":"<p>OBRIGADO! Responderei ao teu pedido em 48h Enquanto esperas, j\u00e1 conheces&#8230;? Os meus projetos Explora os sites, lojas online, blogues e outros no meu portef\u00f3lio Feedback de clientes Descobre o que mais de 30 clientes t\u00eam a dizer sobre o meu trabalho O meu instagram Onde partilho novidades, novos sites e testemunhos de clientes<\/p>","protected":false},"author":1,"featured_media":3339,"parent":0,"menu_order":0,"comment_status":"closed","ping_status":"closed","template":"","meta":{"footnotes":""},"class_list":["post-5996","page","type-page","status-publish","has-post-thumbnail","hentry"],"aioseo_notices":[],"_links":{"self":[{"href":"https:\/\/upscapestudio.com\/en\/wp-json\/wp\/v2\/pages\/5996","targetHints":{"allow":["GET"]}}],"collection":[{"href":"https:\/\/upscapestudio.com\/en\/wp-json\/wp\/v2\/pages"}],"about":[{"href":"https:\/\/upscapestudio.com\/en\/wp-json\/wp\/v2\/types\/page"}],"author":[{"embeddable":true,"href":"https:\/\/upscapestudio.com\/en\/wp-json\/wp\/v2\/users\/1"}],"replies":[{"embeddable":true,"href":"https:\/\/upscapestudio.com\/en\/wp-json\/wp\/v2\/comments?post=5996"}],"version-history":[{"count":13,"href":"https:\/\/upscapestudio.com\/en\/wp-json\/wp\/v2\/pages\/5996\/revisions"}],"predecessor-version":[{"id":6069,"href":"https:\/\/upscapestudio.com\/en\/wp-json\/wp\/v2\/pages\/5996\/revisions\/6069"}],"wp:featuredmedia":[{"embeddable":true,"href":"https:\/\/upscapestudio.com\/en\/wp-json\/wp\/v2\/media\/3339"}],"wp:attachment":[{"href":"https:\/\/upscapestudio.com\/en\/wp-json\/wp\/v2\/media?parent=5996"}],"curies":[{"name":"wp","href":"https:\/\/api.w.org\/{rel}","templated":true}]}}