{"id":6246,"date":"2024-03-13T12:09:52","date_gmt":"2024-03-13T12:09:52","guid":{"rendered":"https:\/\/upscapestudio.com\/?page_id=6246"},"modified":"2024-03-15T09:52:00","modified_gmt":"2024-03-15T09:52:00","slug":"litojesus","status":"publish","type":"page","link":"https:\/\/upscapestudio.com\/en\/projetos\/litojesus\/","title":{"rendered":"Litojesus"},"content":{"rendered":"<div data-elementor-type=\"wp-page\" data-elementor-id=\"6246\" class=\"elementor elementor-6246\" data-elementor-post-type=\"page\">\n\t\t\t\t\t\t<section class=\"elementor-section elementor-top-section elementor-element elementor-element-0c5154d elementor-section-boxed elementor-section-height-default elementor-section-height-default\" data-id=\"0c5154d\" data-element_type=\"section\" data-e-type=\"section\" data-settings=\"{&quot;background_background&quot;:&quot;classic&quot;}\">\n\t\t\t\t\t\t<div class=\"elementor-container elementor-column-gap-default\">\n\t\t\t\t\t<div class=\"elementor-column elementor-col-100 elementor-top-column elementor-element elementor-element-53e520e\" data-id=\"53e520e\" data-element_type=\"column\" data-e-type=\"column\">\n\t\t\t<div class=\"elementor-widget-wrap elementor-element-populated\">\n\t\t\t\t\t\t<div class=\"elementor-element elementor-element-b5767fd elementor-widget elementor-widget-heading\" data-id=\"b5767fd\" data-element_type=\"widget\" data-e-type=\"widget\" data-widget_type=\"heading.default\">\n\t\t\t\t<div class=\"elementor-widget-container\">\n\t\t\t\t\t<h1 class=\"elementor-heading-title elementor-size-default\">Litojesus<\/h1>\t\t\t\t<\/div>\n\t\t\t\t<\/div>\n\t\t\t\t<div class=\"elementor-element elementor-element-febc2de elementor-align-left elementor-mobile-align-left elementor-widget elementor-widget-button\" data-id=\"febc2de\" data-element_type=\"widget\" data-e-type=\"widget\" data-widget_type=\"button.default\">\n\t\t\t\t<div class=\"elementor-widget-container\">\n\t\t\t\t\t\t\t\t\t<div class=\"elementor-button-wrapper\">\n\t\t\t\t\t<a class=\"elementor-button elementor-button-link elementor-size-xs\" href=\"https:\/\/upscapestudio.com\/en\/projetos\/\">\n\t\t\t\t\t\t<span class=\"elementor-button-content-wrapper\">\n\t\t\t\t\t\t\t\t\t<span class=\"elementor-button-text\">Go back<\/span>\n\t\t\t\t\t<\/span>\n\t\t\t\t\t<\/a>\n\t\t\t\t<\/div>\n\t\t\t\t\t\t\t\t<\/div>\n\t\t\t\t<\/div>\n\t\t\t\t\t<\/div>\n\t\t<\/div>\n\t\t\t\t\t<\/div>\n\t\t<\/section>\n\t\t\t\t<section class=\"elementor-section elementor-top-section elementor-element elementor-element-e520959 elementor-section-boxed elementor-section-height-default elementor-section-height-default\" data-id=\"e520959\" data-element_type=\"section\" data-e-type=\"section\">\n\t\t\t\t\t\t<div class=\"elementor-container elementor-column-gap-default\">\n\t\t\t\t\t<div class=\"elementor-column elementor-col-50 elementor-top-column elementor-element elementor-element-28dc866\" data-id=\"28dc866\" data-element_type=\"column\" data-e-type=\"column\">\n\t\t\t<div class=\"elementor-widget-wrap elementor-element-populated\">\n\t\t\t\t\t\t<div class=\"elementor-element elementor-element-d854be1 elementor-widget elementor-widget-image\" data-id=\"d854be1\" data-element_type=\"widget\" data-e-type=\"widget\" data-widget_type=\"image.default\">\n\t\t\t\t<div class=\"elementor-widget-container\">\n\t\t\t\t\t\t\t\t\t\t\t\t\t\t\t\t<a href=\"https:\/\/upscapestudio.com\/wp-content\/uploads\/2024\/03\/litojesus-1.webp\" data-elementor-open-lightbox=\"yes\" data-e-action-hash=\"#elementor-action%3Aaction%3Dlightbox%26settings%3DeyJpZCI6NjI0OCwidXJsIjoiaHR0cHM6XC9cL3Vwc2NhcGVzdHVkaW8uY29tXC93cC1jb250ZW50XC91cGxvYWRzXC8yMDI0XC8wM1wvbGl0b2plc3VzLTEud2VicCJ9\">\n\t\t\t\t\t\t\t<img fetchpriority=\"high\" decoding=\"async\" width=\"1080\" height=\"1080\" src=\"https:\/\/upscapestudio.com\/wp-content\/uploads\/2024\/03\/litojesus-1.webp\" class=\"attachment-full size-full wp-image-6248\" alt=\"Site da Litojesus\" srcset=\"https:\/\/upscapestudio.com\/wp-content\/uploads\/2024\/03\/litojesus-1.webp 1080w, https:\/\/upscapestudio.com\/wp-content\/uploads\/2024\/03\/litojesus-1-300x300.webp 300w, https:\/\/upscapestudio.com\/wp-content\/uploads\/2024\/03\/litojesus-1-1024x1024.webp 1024w, https:\/\/upscapestudio.com\/wp-content\/uploads\/2024\/03\/litojesus-1-150x150.webp 150w, https:\/\/upscapestudio.com\/wp-content\/uploads\/2024\/03\/litojesus-1-768x768.webp 768w\" sizes=\"(max-width: 1080px) 100vw, 1080px\" \/>\t\t\t\t\t\t\t\t<\/a>\n\t\t\t\t\t\t\t\t\t\t\t\t\t\t\t<\/div>\n\t\t\t\t<\/div>\n\t\t\t\t\t<\/div>\n\t\t<\/div>\n\t\t\t\t<div class=\"elementor-column elementor-col-50 elementor-top-column elementor-element elementor-element-8f42dcb\" data-id=\"8f42dcb\" data-element_type=\"column\" data-e-type=\"column\">\n\t\t\t<div class=\"elementor-widget-wrap elementor-element-populated\">\n\t\t\t\t\t\t<div class=\"elementor-element elementor-element-22a3dce4 elementor-widget elementor-widget-text-editor\" data-id=\"22a3dce4\" data-element_type=\"widget\" data-e-type=\"widget\" data-widget_type=\"text-editor.default\">\n\t\t\t\t<div class=\"elementor-widget-container\">\n\t\t\t\t\t\t\t\t\t<p>Litojesus is a national leader in the graphics sector, with over 30 years of experience and major clients such as Vodafone, CTT, Xerox, the Portuguese Government, among others.<\/p>\t\t\t\t\t\t\t\t<\/div>\n\t\t\t\t<\/div>\n\t\t\t\t<div class=\"elementor-element elementor-element-eedceaf elementor-widget elementor-widget-heading\" data-id=\"eedceaf\" data-element_type=\"widget\" data-e-type=\"widget\" data-widget_type=\"heading.default\">\n\t\t\t\t<div class=\"elementor-widget-container\">\n\t\t\t\t\t<h2 class=\"elementor-heading-title elementor-size-default\">Modules<\/h2>\t\t\t\t<\/div>\n\t\t\t\t<\/div>\n\t\t\t\t<div class=\"elementor-element elementor-element-cb237b8 dots elementor-icon-list--layout-traditional elementor-list-item-link-full_width elementor-widget elementor-widget-icon-list\" data-id=\"cb237b8\" data-element_type=\"widget\" data-e-type=\"widget\" data-widget_type=\"icon-list.default\">\n\t\t\t\t<div class=\"elementor-widget-container\">\n\t\t\t\t\t\t\t<ul class=\"elementor-icon-list-items\">\n\t\t\t\t\t\t\t<li class=\"elementor-icon-list-item\">\n\t\t\t\t\t\t\t\t\t\t\t<span class=\"elementor-icon-list-icon\">\n\t\t\t\t\t\t\t<i aria-hidden=\"true\" class=\"fas fa-circle\"><\/i>\t\t\t\t\t\t<\/span>\n\t\t\t\t\t\t\t\t\t\t<span class=\"elementor-icon-list-text\">Video on the website cover<\/span>\n\t\t\t\t\t\t\t\t\t<\/li>\n\t\t\t\t\t\t\t\t<li class=\"elementor-icon-list-item\">\n\t\t\t\t\t\t\t\t\t\t\t<span class=\"elementor-icon-list-icon\">\n\t\t\t\t\t\t\t<i aria-hidden=\"true\" class=\"fas fa-circle\"><\/i>\t\t\t\t\t\t<\/span>\n\t\t\t\t\t\t\t\t\t\t<span class=\"elementor-icon-list-text\">Quote request form<\/span>\n\t\t\t\t\t\t\t\t\t<\/li>\n\t\t\t\t\t\t\t\t<li class=\"elementor-icon-list-item\">\n\t\t\t\t\t\t\t\t\t\t\t<span class=\"elementor-icon-list-icon\">\n\t\t\t\t\t\t\t<i aria-hidden=\"true\" class=\"fas fa-circle\"><\/i>\t\t\t\t\t\t<\/span>\n\t\t\t\t\t\t\t\t\t\t<span class=\"elementor-icon-list-text\">About, Services, Customers and FAQ pages<\/span>\n\t\t\t\t\t\t\t\t\t<\/li>\n\t\t\t\t\t\t\t\t<li class=\"elementor-icon-list-item\">\n\t\t\t\t\t\t\t\t\t\t\t<span class=\"elementor-icon-list-icon\">\n\t\t\t\t\t\t\t<i aria-hidden=\"true\" class=\"fas fa-circle\"><\/i>\t\t\t\t\t\t<\/span>\n\t\t\t\t\t\t\t\t\t\t<span class=\"elementor-icon-list-text\">Website in 3 languages - English, Spanish and Portuguese, with high quality machine translation (deepL)<\/span>\n\t\t\t\t\t\t\t\t\t<\/li>\n\t\t\t\t\t\t<\/ul>\n\t\t\t\t\t\t<\/div>\n\t\t\t\t<\/div>\n\t\t\t\t<div class=\"elementor-element elementor-element-bfc78bd elementor-align-left elementor-widget elementor-widget-button\" data-id=\"bfc78bd\" data-element_type=\"widget\" data-e-type=\"widget\" data-widget_type=\"button.default\">\n\t\t\t\t<div class=\"elementor-widget-container\">\n\t\t\t\t\t\t\t\t\t<div class=\"elementor-button-wrapper\">\n\t\t\t\t\t<a class=\"elementor-button elementor-button-link elementor-size-sm\" href=\"https:\/\/litojesus.pt\/\" target=\"_blank\">\n\t\t\t\t\t\t<span class=\"elementor-button-content-wrapper\">\n\t\t\t\t\t\t\t\t\t<span class=\"elementor-button-text\">View website<\/span>\n\t\t\t\t\t<\/span>\n\t\t\t\t\t<\/a>\n\t\t\t\t<\/div>\n\t\t\t\t\t\t\t\t<\/div>\n\t\t\t\t<\/div>\n\t\t\t\t\t<\/div>\n\t\t<\/div>\n\t\t\t\t\t<\/div>\n\t\t<\/section>\n\t\t\t\t<section class=\"elementor-section elementor-top-section elementor-element elementor-element-44ff3db elementor-section-boxed elementor-section-height-default elementor-section-height-default\" data-id=\"44ff3db\" data-element_type=\"section\" data-e-type=\"section\" data-settings=\"{&quot;background_background&quot;:&quot;classic&quot;}\">\n\t\t\t\t\t\t<div class=\"elementor-container elementor-column-gap-default\">\n\t\t\t\t\t<div class=\"elementor-column elementor-col-50 elementor-top-column elementor-element elementor-element-2b32ecc\" data-id=\"2b32ecc\" data-element_type=\"column\" data-e-type=\"column\">\n\t\t\t<div class=\"elementor-widget-wrap elementor-element-populated\">\n\t\t\t\t\t\t<div class=\"elementor-element elementor-element-d24ff77 elementor-widget elementor-widget-heading\" data-id=\"d24ff77\" data-element_type=\"widget\" data-e-type=\"widget\" data-widget_type=\"heading.default\">\n\t\t\t\t<div class=\"elementor-widget-container\">\n\t\t\t\t\t<h2 class=\"elementor-heading-title elementor-size-default\">Testimony of Tatiana Jesus<\/h2>\t\t\t\t<\/div>\n\t\t\t\t<\/div>\n\t\t\t\t<div class=\"elementor-element elementor-element-f5dd181 elementor-widget elementor-widget-text-editor\" data-id=\"f5dd181\" data-element_type=\"widget\" data-e-type=\"widget\" data-widget_type=\"text-editor.default\">\n\t\t\t\t<div class=\"elementor-widget-container\">\n\t\t\t\t\t\t\t\t\t<p>\"Our website design turned out exactly as we envisioned!<\/p><p>Excellent professional, we recommend :)\"<\/p>\t\t\t\t\t\t\t\t<\/div>\n\t\t\t\t<\/div>\n\t\t\t\t\t<\/div>\n\t\t<\/div>\n\t\t\t\t<div class=\"elementor-column elementor-col-50 elementor-top-column elementor-element elementor-element-46f1d4c\" data-id=\"46f1d4c\" data-element_type=\"column\" data-e-type=\"column\">\n\t\t\t<div class=\"elementor-widget-wrap elementor-element-populated\">\n\t\t\t\t\t\t<div class=\"elementor-element elementor-element-c18537d elementor-widget elementor-widget-image\" data-id=\"c18537d\" data-element_type=\"widget\" data-e-type=\"widget\" data-widget_type=\"image.default\">\n\t\t\t\t<div class=\"elementor-widget-container\">\n\t\t\t\t\t\t\t\t\t\t\t\t\t\t\t<img decoding=\"async\" width=\"300\" height=\"77\" src=\"https:\/\/upscapestudio.com\/wp-content\/uploads\/2024\/03\/litojesus-v3.webp\" class=\"attachment-large size-large wp-image-6259\" alt=\"\" \/>\t\t\t\t\t\t\t\t\t\t\t\t\t\t\t<\/div>\n\t\t\t\t<\/div>\n\t\t\t\t\t<\/div>\n\t\t<\/div>\n\t\t\t\t\t<\/div>\n\t\t<\/section>\n\t\t\t\t<section class=\"elementor-section elementor-top-section elementor-element elementor-element-83dcf92 elementor-section-boxed elementor-section-height-default elementor-section-height-default\" data-id=\"83dcf92\" data-element_type=\"section\" data-e-type=\"section\" data-settings=\"{&quot;background_background&quot;:&quot;classic&quot;}\">\n\t\t\t\t\t\t<div class=\"elementor-container elementor-column-gap-default\">\n\t\t\t\t\t<div class=\"elementor-column elementor-col-100 elementor-top-column elementor-element elementor-element-526d04b\" data-id=\"526d04b\" data-element_type=\"column\" data-e-type=\"column\">\n\t\t\t<div class=\"elementor-widget-wrap elementor-element-populated\">\n\t\t\t\t\t\t<div class=\"elementor-element elementor-element-1312c11 elementor-widget elementor-widget-heading\" data-id=\"1312c11\" data-element_type=\"widget\" data-e-type=\"widget\" data-widget_type=\"heading.default\">\n\t\t\t\t<div class=\"elementor-widget-container\">\n\t\t\t\t\t<h2 class=\"elementor-heading-title elementor-size-default\">Example pages from the Litojesus website<\/h2>\t\t\t\t<\/div>\n\t\t\t\t<\/div>\n\t\t\t\t<div class=\"elementor-element elementor-element-f45fa84 gallery-spacing-custom elementor-widget elementor-widget-image-gallery\" data-id=\"f45fa84\" data-element_type=\"widget\" data-e-type=\"widget\" data-widget_type=\"image-gallery.default\">\n\t\t\t\t<div class=\"elementor-widget-container\">\n\t\t\t\t\t\t\t<div class=\"elementor-image-gallery\">\n\t\t\t<div id='gallery-1' class='gallery galleryid-6246 gallery-columns-3 gallery-size-full'><figure class='gallery-item'>\n\t\t\t<div class='gallery-icon landscape'>\n\t\t\t\t<a data-elementor-open-lightbox=\"yes\" data-elementor-lightbox-slideshow=\"f45fa84\" data-e-action-hash=\"#elementor-action%3Aaction%3Dlightbox%26settings%3DeyJpZCI6NjI0OCwidXJsIjoiaHR0cHM6XC9cL3Vwc2NhcGVzdHVkaW8uY29tXC93cC1jb250ZW50XC91cGxvYWRzXC8yMDI0XC8wM1wvbGl0b2plc3VzLTEud2VicCIsInNsaWRlc2hvdyI6ImY0NWZhODQifQ%3D%3D\" href='https:\/\/upscapestudio.com\/wp-content\/uploads\/2024\/03\/litojesus-1.webp'><img decoding=\"async\" width=\"1080\" height=\"1080\" src=\"https:\/\/upscapestudio.com\/wp-content\/uploads\/2024\/03\/litojesus-1.webp\" class=\"attachment-full size-full\" alt=\"Site da Litojesus\" srcset=\"https:\/\/upscapestudio.com\/wp-content\/uploads\/2024\/03\/litojesus-1.webp 1080w, https:\/\/upscapestudio.com\/wp-content\/uploads\/2024\/03\/litojesus-1-300x300.webp 300w, https:\/\/upscapestudio.com\/wp-content\/uploads\/2024\/03\/litojesus-1-1024x1024.webp 1024w, https:\/\/upscapestudio.com\/wp-content\/uploads\/2024\/03\/litojesus-1-150x150.webp 150w, https:\/\/upscapestudio.com\/wp-content\/uploads\/2024\/03\/litojesus-1-768x768.webp 768w\" sizes=\"(max-width: 1080px) 100vw, 1080px\" \/><\/a>\n\t\t\t<\/div><\/figure><figure class='gallery-item'>\n\t\t\t<div class='gallery-icon landscape'>\n\t\t\t\t<a data-elementor-open-lightbox=\"yes\" data-elementor-lightbox-slideshow=\"f45fa84\" data-e-action-hash=\"#elementor-action%3Aaction%3Dlightbox%26settings%3DeyJpZCI6NjI1MSwidXJsIjoiaHR0cHM6XC9cL3Vwc2NhcGVzdHVkaW8uY29tXC93cC1jb250ZW50XC91cGxvYWRzXC8yMDI0XC8wM1wvbGl0b2plc3VzLTQud2VicCIsInNsaWRlc2hvdyI6ImY0NWZhODQifQ%3D%3D\" href='https:\/\/upscapestudio.com\/wp-content\/uploads\/2024\/03\/litojesus-4.webp'><img loading=\"lazy\" decoding=\"async\" width=\"1080\" height=\"1080\" src=\"https:\/\/upscapestudio.com\/wp-content\/uploads\/2024\/03\/litojesus-4.webp\" class=\"attachment-full size-full\" alt=\"Servi\u00e7os - Litojesus\" srcset=\"https:\/\/upscapestudio.com\/wp-content\/uploads\/2024\/03\/litojesus-4.webp 1080w, https:\/\/upscapestudio.com\/wp-content\/uploads\/2024\/03\/litojesus-4-300x300.webp 300w, https:\/\/upscapestudio.com\/wp-content\/uploads\/2024\/03\/litojesus-4-1024x1024.webp 1024w, https:\/\/upscapestudio.com\/wp-content\/uploads\/2024\/03\/litojesus-4-150x150.webp 150w, https:\/\/upscapestudio.com\/wp-content\/uploads\/2024\/03\/litojesus-4-768x768.webp 768w\" sizes=\"(max-width: 1080px) 100vw, 1080px\" \/><\/a>\n\t\t\t<\/div><\/figure><figure class='gallery-item'>\n\t\t\t<div class='gallery-icon landscape'>\n\t\t\t\t<a data-elementor-open-lightbox=\"yes\" data-elementor-lightbox-slideshow=\"f45fa84\" data-e-action-hash=\"#elementor-action%3Aaction%3Dlightbox%26settings%3DeyJpZCI6NjI1MywidXJsIjoiaHR0cHM6XC9cL3Vwc2NhcGVzdHVkaW8uY29tXC93cC1jb250ZW50XC91cGxvYWRzXC8yMDI0XC8wM1wvbGl0b2plc3VzLTIud2VicCIsInNsaWRlc2hvdyI6ImY0NWZhODQifQ%3D%3D\" href='https:\/\/upscapestudio.com\/wp-content\/uploads\/2024\/03\/litojesus-2.webp'><img loading=\"lazy\" decoding=\"async\" width=\"1080\" height=\"1080\" src=\"https:\/\/upscapestudio.com\/wp-content\/uploads\/2024\/03\/litojesus-2.webp\" class=\"attachment-full size-full\" alt=\"Sobre - Litojesus\" srcset=\"https:\/\/upscapestudio.com\/wp-content\/uploads\/2024\/03\/litojesus-2.webp 1080w, https:\/\/upscapestudio.com\/wp-content\/uploads\/2024\/03\/litojesus-2-300x300.webp 300w, https:\/\/upscapestudio.com\/wp-content\/uploads\/2024\/03\/litojesus-2-1024x1024.webp 1024w, https:\/\/upscapestudio.com\/wp-content\/uploads\/2024\/03\/litojesus-2-150x150.webp 150w, https:\/\/upscapestudio.com\/wp-content\/uploads\/2024\/03\/litojesus-2-768x768.webp 768w\" sizes=\"(max-width: 1080px) 100vw, 1080px\" \/><\/a>\n\t\t\t<\/div><\/figure><figure class='gallery-item'>\n\t\t\t<div class='gallery-icon landscape'>\n\t\t\t\t<a data-elementor-open-lightbox=\"yes\" data-elementor-lightbox-slideshow=\"f45fa84\" data-e-action-hash=\"#elementor-action%3Aaction%3Dlightbox%26settings%3DeyJpZCI6NjI1MCwidXJsIjoiaHR0cHM6XC9cL3Vwc2NhcGVzdHVkaW8uY29tXC93cC1jb250ZW50XC91cGxvYWRzXC8yMDI0XC8wM1wvbGl0b2plc3VzLTUud2VicCIsInNsaWRlc2hvdyI6ImY0NWZhODQifQ%3D%3D\" href='https:\/\/upscapestudio.com\/wp-content\/uploads\/2024\/03\/litojesus-5.webp'><img loading=\"lazy\" decoding=\"async\" width=\"1080\" height=\"1080\" src=\"https:\/\/upscapestudio.com\/wp-content\/uploads\/2024\/03\/litojesus-5.webp\" class=\"attachment-full size-full\" alt=\"Formul\u00e1rio de pedido de or\u00e7amento - Litojesus\" srcset=\"https:\/\/upscapestudio.com\/wp-content\/uploads\/2024\/03\/litojesus-5.webp 1080w, https:\/\/upscapestudio.com\/wp-content\/uploads\/2024\/03\/litojesus-5-300x300.webp 300w, https:\/\/upscapestudio.com\/wp-content\/uploads\/2024\/03\/litojesus-5-1024x1024.webp 1024w, https:\/\/upscapestudio.com\/wp-content\/uploads\/2024\/03\/litojesus-5-150x150.webp 150w, https:\/\/upscapestudio.com\/wp-content\/uploads\/2024\/03\/litojesus-5-768x768.webp 768w\" sizes=\"(max-width: 1080px) 100vw, 1080px\" \/><\/a>\n\t\t\t<\/div><\/figure><figure class='gallery-item'>\n\t\t\t<div class='gallery-icon landscape'>\n\t\t\t\t<a data-elementor-open-lightbox=\"yes\" data-elementor-lightbox-slideshow=\"f45fa84\" data-e-action-hash=\"#elementor-action%3Aaction%3Dlightbox%26settings%3DeyJpZCI6NjI1MiwidXJsIjoiaHR0cHM6XC9cL3Vwc2NhcGVzdHVkaW8uY29tXC93cC1jb250ZW50XC91cGxvYWRzXC8yMDI0XC8wM1wvbGl0b2plc3VzLTMud2VicCIsInNsaWRlc2hvdyI6ImY0NWZhODQifQ%3D%3D\" href='https:\/\/upscapestudio.com\/wp-content\/uploads\/2024\/03\/litojesus-3.webp'><img loading=\"lazy\" decoding=\"async\" width=\"1080\" height=\"1080\" src=\"https:\/\/upscapestudio.com\/wp-content\/uploads\/2024\/03\/litojesus-3.webp\" class=\"attachment-full size-full\" alt=\"Clientes - Litojesus\" srcset=\"https:\/\/upscapestudio.com\/wp-content\/uploads\/2024\/03\/litojesus-3.webp 1080w, https:\/\/upscapestudio.com\/wp-content\/uploads\/2024\/03\/litojesus-3-300x300.webp 300w, https:\/\/upscapestudio.com\/wp-content\/uploads\/2024\/03\/litojesus-3-1024x1024.webp 1024w, https:\/\/upscapestudio.com\/wp-content\/uploads\/2024\/03\/litojesus-3-150x150.webp 150w, https:\/\/upscapestudio.com\/wp-content\/uploads\/2024\/03\/litojesus-3-768x768.webp 768w\" sizes=\"(max-width: 1080px) 100vw, 1080px\" \/><\/a>\n\t\t\t<\/div><\/figure><figure class='gallery-item'>\n\t\t\t<div class='gallery-icon landscape'>\n\t\t\t\t<a data-elementor-open-lightbox=\"yes\" data-elementor-lightbox-slideshow=\"f45fa84\" data-e-action-hash=\"#elementor-action%3Aaction%3Dlightbox%26settings%3DeyJpZCI6NjI0OSwidXJsIjoiaHR0cHM6XC9cL3Vwc2NhcGVzdHVkaW8uY29tXC93cC1jb250ZW50XC91cGxvYWRzXC8yMDI0XC8wM1wvbGl0b2plc3VzLTYud2VicCIsInNsaWRlc2hvdyI6ImY0NWZhODQifQ%3D%3D\" href='https:\/\/upscapestudio.com\/wp-content\/uploads\/2024\/03\/litojesus-6.webp'><img loading=\"lazy\" decoding=\"async\" width=\"1080\" height=\"1080\" src=\"https:\/\/upscapestudio.com\/wp-content\/uploads\/2024\/03\/litojesus-6.webp\" class=\"attachment-full size-full\" alt=\"Contactos - Litojesus\" srcset=\"https:\/\/upscapestudio.com\/wp-content\/uploads\/2024\/03\/litojesus-6.webp 1080w, https:\/\/upscapestudio.com\/wp-content\/uploads\/2024\/03\/litojesus-6-300x300.webp 300w, https:\/\/upscapestudio.com\/wp-content\/uploads\/2024\/03\/litojesus-6-1024x1024.webp 1024w, https:\/\/upscapestudio.com\/wp-content\/uploads\/2024\/03\/litojesus-6-150x150.webp 150w, https:\/\/upscapestudio.com\/wp-content\/uploads\/2024\/03\/litojesus-6-768x768.webp 768w\" sizes=\"(max-width: 1080px) 100vw, 1080px\" \/><\/a>\n\t\t\t<\/div><\/figure>\n\t\t<\/div>\n\t\t<\/div>\n\t\t\t\t\t\t<\/div>\n\t\t\t\t<\/div>\n\t\t\t\t<div class=\"elementor-element elementor-element-4e057f5 elementor-align-center elementor-widget elementor-widget-button\" data-id=\"4e057f5\" data-element_type=\"widget\" data-e-type=\"widget\" data-widget_type=\"button.default\">\n\t\t\t\t<div class=\"elementor-widget-container\">\n\t\t\t\t\t\t\t\t\t<div class=\"elementor-button-wrapper\">\n\t\t\t\t\t<a class=\"elementor-button elementor-button-link elementor-size-sm\" href=\"https:\/\/upscapestudio.com\/en\/projetos\/\">\n\t\t\t\t\t\t<span class=\"elementor-button-content-wrapper\">\n\t\t\t\t\t\t\t\t\t<span class=\"elementor-button-text\">View other projects<\/span>\n\t\t\t\t\t<\/span>\n\t\t\t\t\t<\/a>\n\t\t\t\t<\/div>\n\t\t\t\t\t\t\t\t<\/div>\n\t\t\t\t<\/div>\n\t\t\t\t\t<\/div>\n\t\t<\/div>\n\t\t\t\t\t<\/div>\n\t\t<\/section>\n\t\t\t\t<\/div>","protected":false},"excerpt":{"rendered":"<p>Litojesus Voltar atr\u00e1s A Litojesus \u00e9 uma refer\u00eancia nacional no setor gr\u00e1fico, com mais de 30 anos de experi\u00eancia e grandes clientes como a Vodafone, CTT, Xerox, Governo de Portugal, entre outros. M\u00f3dulos V\u00eddeo na capa do site Formul\u00e1rio de pedido de or\u00e7amento P\u00e1ginas sobre, servi\u00e7os, clientes e FAQ Website em 3 idiomas &#8211; ingl\u00eas, [&hellip;]<\/p>\n","protected":false},"author":1,"featured_media":6248,"parent":4246,"menu_order":0,"comment_status":"closed","ping_status":"closed","template":"","meta":{"footnotes":""},"class_list":["post-6246","page","type-page","status-publish","has-post-thumbnail","hentry"],"aioseo_notices":[],"_links":{"self":[{"href":"https:\/\/upscapestudio.com\/en\/wp-json\/wp\/v2\/pages\/6246","targetHints":{"allow":["GET"]}}],"collection":[{"href":"https:\/\/upscapestudio.com\/en\/wp-json\/wp\/v2\/pages"}],"about":[{"href":"https:\/\/upscapestudio.com\/en\/wp-json\/wp\/v2\/types\/page"}],"author":[{"embeddable":true,"href":"https:\/\/upscapestudio.com\/en\/wp-json\/wp\/v2\/users\/1"}],"replies":[{"embeddable":true,"href":"https:\/\/upscapestudio.com\/en\/wp-json\/wp\/v2\/comments?post=6246"}],"version-history":[{"count":16,"href":"https:\/\/upscapestudio.com\/en\/wp-json\/wp\/v2\/pages\/6246\/revisions"}],"predecessor-version":[{"id":6526,"href":"https:\/\/upscapestudio.com\/en\/wp-json\/wp\/v2\/pages\/6246\/revisions\/6526"}],"up":[{"embeddable":true,"href":"https:\/\/upscapestudio.com\/en\/wp-json\/wp\/v2\/pages\/4246"}],"wp:featuredmedia":[{"embeddable":true,"href":"https:\/\/upscapestudio.com\/en\/wp-json\/wp\/v2\/media\/6248"}],"wp:attachment":[{"href":"https:\/\/upscapestudio.com\/en\/wp-json\/wp\/v2\/media?parent=6246"}],"curies":[{"name":"wp","href":"https:\/\/api.w.org\/{rel}","templated":true}]}}