{"id":7887,"date":"2026-05-12T16:44:43","date_gmt":"2026-05-12T15:44:43","guid":{"rendered":"https:\/\/upscapestudio.com\/?page_id=7887"},"modified":"2026-05-13T21:37:17","modified_gmt":"2026-05-13T20:37:17","slug":"equipa","status":"publish","type":"page","link":"https:\/\/upscapestudio.com\/en\/equipa\/","title":{"rendered":"Team"},"content":{"rendered":"<div data-elementor-type=\"wp-page\" data-elementor-id=\"7887\" class=\"elementor elementor-7887\" data-elementor-post-type=\"page\">\n\t\t\t\t\t\t<section class=\"elementor-section elementor-top-section elementor-element elementor-element-0c5154d elementor-section-boxed elementor-section-height-default elementor-section-height-default\" data-id=\"0c5154d\" data-element_type=\"section\" data-e-type=\"section\" data-settings=\"{&quot;background_background&quot;:&quot;classic&quot;}\">\n\t\t\t\t\t\t<div class=\"elementor-container elementor-column-gap-default\">\n\t\t\t\t\t<div class=\"elementor-column elementor-col-100 elementor-top-column elementor-element elementor-element-53e520e\" data-id=\"53e520e\" data-element_type=\"column\" data-e-type=\"column\">\n\t\t\t<div class=\"elementor-widget-wrap elementor-element-populated\">\n\t\t\t\t\t\t<div class=\"elementor-element elementor-element-b5767fd elementor-widget elementor-widget-heading\" data-id=\"b5767fd\" data-element_type=\"widget\" data-e-type=\"widget\" data-widget_type=\"heading.default\">\n\t\t\t\t<div class=\"elementor-widget-container\">\n\t\t\t\t\t<h1 class=\"elementor-heading-title elementor-size-default\">Team<\/h1>\t\t\t\t<\/div>\n\t\t\t\t<\/div>\n\t\t\t\t\t<\/div>\n\t\t<\/div>\n\t\t\t\t\t<\/div>\n\t\t<\/section>\n\t\t<div class=\"elementor-element elementor-element-991e5d0 e-flex e-con-boxed e-con e-parent\" data-id=\"991e5d0\" data-element_type=\"container\" data-e-type=\"container\">\n\t\t\t\t\t<div class=\"e-con-inner\">\n\t\t<div class=\"elementor-element elementor-element-a2c0b7f e-con-full e-flex e-con e-child\" data-id=\"a2c0b7f\" data-element_type=\"container\" data-e-type=\"container\" data-settings=\"{&quot;background_background&quot;:&quot;classic&quot;}\">\n\t\t\t\t<div class=\"elementor-element elementor-element-12754be elementor-widget elementor-widget-image\" data-id=\"12754be\" data-element_type=\"widget\" data-e-type=\"widget\" data-widget_type=\"image.default\">\n\t\t\t\t<div class=\"elementor-widget-container\">\n\t\t\t\t\t\t\t\t\t\t\t\t\t\t\t<img fetchpriority=\"high\" decoding=\"async\" width=\"722\" height=\"722\" src=\"https:\/\/upscapestudio.com\/wp-content\/uploads\/2022\/11\/franciscoferreira-1.jpg\" class=\"attachment-large size-large wp-image-3339\" alt=\"Francisco Ferreira - desenvolvimento de websites em Upscape Studio\" srcset=\"https:\/\/upscapestudio.com\/wp-content\/uploads\/2022\/11\/franciscoferreira-1.jpg 722w, https:\/\/upscapestudio.com\/wp-content\/uploads\/2022\/11\/franciscoferreira-1-300x300.jpg.webp 300w, https:\/\/upscapestudio.com\/wp-content\/uploads\/2022\/11\/franciscoferreira-1-150x150.jpg 150w, https:\/\/upscapestudio.com\/wp-content\/uploads\/2022\/11\/franciscoferreira-1-12x12.jpg.webp 12w\" sizes=\"(max-width: 722px) 100vw, 722px\" \/>\t\t\t\t\t\t\t\t\t\t\t\t\t\t\t<\/div>\n\t\t\t\t<\/div>\n\t\t\t\t<div class=\"elementor-element elementor-element-f284fb0 elementor-widget elementor-widget-heading\" data-id=\"f284fb0\" data-element_type=\"widget\" data-e-type=\"widget\" data-widget_type=\"heading.default\">\n\t\t\t\t<div class=\"elementor-widget-container\">\n\t\t\t\t\t<h3 class=\"elementor-heading-title elementor-size-default\">CEO &amp; Senior Web Developer<\/h3>\t\t\t\t<\/div>\n\t\t\t\t<\/div>\n\t\t\t\t<div class=\"elementor-element elementor-element-b694f49 elementor-widget elementor-widget-heading\" data-id=\"b694f49\" data-element_type=\"widget\" data-e-type=\"widget\" data-widget_type=\"heading.default\">\n\t\t\t\t<div class=\"elementor-widget-container\">\n\t\t\t\t\t<h2 class=\"elementor-heading-title elementor-size-default\">Francisco Ferreira<\/h2>\t\t\t\t<\/div>\n\t\t\t\t<\/div>\n\t\t\t\t<div class=\"elementor-element elementor-element-d5d3ce2 elementor-widget elementor-widget-text-editor\" data-id=\"d5d3ce2\" data-element_type=\"widget\" data-e-type=\"widget\" data-widget_type=\"text-editor.default\">\n\t\t\t\t<div class=\"elementor-widget-container\">\n\t\t\t\t\t\t\t\t\t<p>With over 10 years of experience in web development, Francisco is the strategic mind behind Upscape Studio. Specializing in customized WordPress solutions, his passion is transforming ideas, businesses, and processes into attractive, high-converting, and highly efficient digital platforms.<\/p>\t\t\t\t\t\t\t\t<\/div>\n\t\t\t\t<\/div>\n\t\t\t\t<\/div>\n\t\t<div class=\"elementor-element elementor-element-dffa177 e-con-full e-flex e-con e-child\" data-id=\"dffa177\" data-element_type=\"container\" data-e-type=\"container\" data-settings=\"{&quot;background_background&quot;:&quot;classic&quot;}\">\n\t\t\t\t<div class=\"elementor-element elementor-element-98f2dee elementor-widget elementor-widget-image\" data-id=\"98f2dee\" data-element_type=\"widget\" data-e-type=\"widget\" data-widget_type=\"image.default\">\n\t\t\t\t<div class=\"elementor-widget-container\">\n\t\t\t\t\t\t\t\t\t\t\t\t\t\t\t<img decoding=\"async\" width=\"640\" height=\"640\" src=\"https:\/\/upscapestudio.com\/wp-content\/uploads\/2026\/05\/simao.jpg\" class=\"attachment-large size-large wp-image-7890\" alt=\"\" srcset=\"https:\/\/upscapestudio.com\/wp-content\/uploads\/2026\/05\/simao.jpg 640w, https:\/\/upscapestudio.com\/wp-content\/uploads\/2026\/05\/simao-300x300.jpg 300w, https:\/\/upscapestudio.com\/wp-content\/uploads\/2026\/05\/simao-150x150.jpg 150w, https:\/\/upscapestudio.com\/wp-content\/uploads\/2026\/05\/simao-12x12.jpg 12w\" sizes=\"(max-width: 640px) 100vw, 640px\" \/>\t\t\t\t\t\t\t\t\t\t\t\t\t\t\t<\/div>\n\t\t\t\t<\/div>\n\t\t\t\t<div class=\"elementor-element elementor-element-12fbf77 elementor-widget elementor-widget-heading\" data-id=\"12fbf77\" data-element_type=\"widget\" data-e-type=\"widget\" data-widget_type=\"heading.default\">\n\t\t\t\t<div class=\"elementor-widget-container\">\n\t\t\t\t\t<h3 class=\"elementor-heading-title elementor-size-default\">Junior Web Developer<\/h3>\t\t\t\t<\/div>\n\t\t\t\t<\/div>\n\t\t\t\t<div class=\"elementor-element elementor-element-4d9606f elementor-widget elementor-widget-heading\" data-id=\"4d9606f\" data-element_type=\"widget\" data-e-type=\"widget\" data-widget_type=\"heading.default\">\n\t\t\t\t<div class=\"elementor-widget-container\">\n\t\t\t\t\t<h2 class=\"elementor-heading-title elementor-size-default\">Sim\u00e3o Alves<\/h2>\t\t\t\t<\/div>\n\t\t\t\t<\/div>\n\t\t\t\t<div class=\"elementor-element elementor-element-26334de elementor-widget elementor-widget-text-editor\" data-id=\"26334de\" data-element_type=\"widget\" data-e-type=\"widget\" data-widget_type=\"text-editor.default\">\n\t\t\t\t<div class=\"elementor-widget-container\">\n\t\t\t\t\t\t\t\t\t<p>Integrated into Upscape Studio since 2026, Sim\u00e3o brings a strong foundation in web development and a fresh energy to the team. Highly curious and determined, he is passionate about learning new technologies, contributing to the agility and growth of Upscape Studio.<\/p>\t\t\t\t\t\t\t\t<\/div>\n\t\t\t\t<\/div>\n\t\t\t\t<\/div>\n\t\t\t\t\t<\/div>\n\t\t\t\t<\/div>\n\t\t<div class=\"elementor-element elementor-element-8cfe636 elementor-hidden-desktop elementor-hidden-tablet elementor-hidden-mobile e-flex e-con-boxed e-con e-parent\" data-id=\"8cfe636\" data-element_type=\"container\" data-e-type=\"container\">\n\t\t\t\t\t<div class=\"e-con-inner\">\n\t\t<div class=\"elementor-element elementor-element-c74afcd e-con-full e-flex e-con e-child\" data-id=\"c74afcd\" data-element_type=\"container\" data-e-type=\"container\" data-settings=\"{&quot;background_background&quot;:&quot;classic&quot;}\">\n\t\t\t\t<div class=\"elementor-element elementor-element-0044f25 elementor-widget elementor-widget-image\" data-id=\"0044f25\" data-element_type=\"widget\" data-e-type=\"widget\" data-widget_type=\"image.default\">\n\t\t\t\t<div class=\"elementor-widget-container\">\n\t\t\t\t\t\t\t\t\t\t\t\t\t\t\t<img fetchpriority=\"high\" decoding=\"async\" width=\"722\" height=\"722\" src=\"https:\/\/upscapestudio.com\/wp-content\/uploads\/2022\/11\/franciscoferreira-1.jpg\" class=\"attachment-large size-large wp-image-3339\" alt=\"Francisco Ferreira - desenvolvimento de websites em Upscape Studio\" srcset=\"https:\/\/upscapestudio.com\/wp-content\/uploads\/2022\/11\/franciscoferreira-1.jpg 722w, https:\/\/upscapestudio.com\/wp-content\/uploads\/2022\/11\/franciscoferreira-1-300x300.jpg.webp 300w, https:\/\/upscapestudio.com\/wp-content\/uploads\/2022\/11\/franciscoferreira-1-150x150.jpg 150w, https:\/\/upscapestudio.com\/wp-content\/uploads\/2022\/11\/franciscoferreira-1-12x12.jpg.webp 12w\" sizes=\"(max-width: 722px) 100vw, 722px\" \/>\t\t\t\t\t\t\t\t\t\t\t\t\t\t\t<\/div>\n\t\t\t\t<\/div>\n\t\t\t\t<div class=\"elementor-element elementor-element-8939736 elementor-widget elementor-widget-heading\" data-id=\"8939736\" data-element_type=\"widget\" data-e-type=\"widget\" data-widget_type=\"heading.default\">\n\t\t\t\t<div class=\"elementor-widget-container\">\n\t\t\t\t\t<h3 class=\"elementor-heading-title elementor-size-default\">CEO &amp; Senior Web Developer<\/h3>\t\t\t\t<\/div>\n\t\t\t\t<\/div>\n\t\t\t\t<div class=\"elementor-element elementor-element-7e9f2bf elementor-widget elementor-widget-heading\" data-id=\"7e9f2bf\" data-element_type=\"widget\" data-e-type=\"widget\" data-widget_type=\"heading.default\">\n\t\t\t\t<div class=\"elementor-widget-container\">\n\t\t\t\t\t<h2 class=\"elementor-heading-title elementor-size-default\">Francisco Ferreira<\/h2>\t\t\t\t<\/div>\n\t\t\t\t<\/div>\n\t\t\t\t<div class=\"elementor-element elementor-element-c49b3e6 elementor-widget elementor-widget-text-editor\" data-id=\"c49b3e6\" data-element_type=\"widget\" data-e-type=\"widget\" data-widget_type=\"text-editor.default\">\n\t\t\t\t<div class=\"elementor-widget-container\">\n\t\t\t\t\t\t\t\t\t<p>With over a decade of experience in web development, Francisco is the strategic mind behind Upscape Studio. Specializing in custom WordPress solutions, his passion lies in transforming complex ideas into robust, high-impact digital platforms. He values transparency, efficient management, and building long-term partnerships with clients.<\/p>\t\t\t\t\t\t\t\t<\/div>\n\t\t\t\t<\/div>\n\t\t\t\t<\/div>\n\t\t<div class=\"elementor-element elementor-element-a1c7fd3 e-con-full e-flex e-con e-child\" data-id=\"a1c7fd3\" data-element_type=\"container\" data-e-type=\"container\" data-settings=\"{&quot;background_background&quot;:&quot;classic&quot;}\">\n\t\t\t\t<div class=\"elementor-element elementor-element-f39259c elementor-widget elementor-widget-image\" data-id=\"f39259c\" data-element_type=\"widget\" data-e-type=\"widget\" data-widget_type=\"image.default\">\n\t\t\t\t<div class=\"elementor-widget-container\">\n\t\t\t\t\t\t\t\t\t\t\t\t\t\t\t<img decoding=\"async\" width=\"640\" height=\"640\" src=\"https:\/\/upscapestudio.com\/wp-content\/uploads\/2026\/05\/simao.jpg\" class=\"attachment-large size-large wp-image-7890\" alt=\"\" srcset=\"https:\/\/upscapestudio.com\/wp-content\/uploads\/2026\/05\/simao.jpg 640w, https:\/\/upscapestudio.com\/wp-content\/uploads\/2026\/05\/simao-300x300.jpg 300w, https:\/\/upscapestudio.com\/wp-content\/uploads\/2026\/05\/simao-150x150.jpg 150w, https:\/\/upscapestudio.com\/wp-content\/uploads\/2026\/05\/simao-12x12.jpg 12w\" sizes=\"(max-width: 640px) 100vw, 640px\" \/>\t\t\t\t\t\t\t\t\t\t\t\t\t\t\t<\/div>\n\t\t\t\t<\/div>\n\t\t\t\t<div class=\"elementor-element elementor-element-06a74c4 elementor-widget elementor-widget-heading\" data-id=\"06a74c4\" data-element_type=\"widget\" data-e-type=\"widget\" data-widget_type=\"heading.default\">\n\t\t\t\t<div class=\"elementor-widget-container\">\n\t\t\t\t\t<h3 class=\"elementor-heading-title elementor-size-default\">Junior Web Developer<\/h3>\t\t\t\t<\/div>\n\t\t\t\t<\/div>\n\t\t\t\t<div class=\"elementor-element elementor-element-35b2f1b elementor-widget elementor-widget-heading\" data-id=\"35b2f1b\" data-element_type=\"widget\" data-e-type=\"widget\" data-widget_type=\"heading.default\">\n\t\t\t\t<div class=\"elementor-widget-container\">\n\t\t\t\t\t<h2 class=\"elementor-heading-title elementor-size-default\">Sim\u00e3o Alves<\/h2>\t\t\t\t<\/div>\n\t\t\t\t<\/div>\n\t\t\t\t<div class=\"elementor-element elementor-element-1915104 elementor-widget elementor-widget-text-editor\" data-id=\"1915104\" data-element_type=\"widget\" data-e-type=\"widget\" data-widget_type=\"text-editor.default\">\n\t\t\t\t<div class=\"elementor-widget-container\">\n\t\t\t\t\t\t\t\t\t<p>Integrated into the Upscape Studio team since 2025, Sim\u00e3o brings energy and technical curiosity to the team. With a strong background in front-end development, he has supported Francisco in the execution of multiple projects. Sim\u00e3o is passionate about learning new technologies and ensuring the quality of the delivered code, contributing to the agility and growth of Upscape Studio.<\/p>\t\t\t\t\t\t\t\t<\/div>\n\t\t\t\t<\/div>\n\t\t\t\t<\/div>\n\t\t\t\t\t<\/div>\n\t\t\t\t<\/div>\n\t\t\t\t<\/div>","protected":false},"excerpt":{"rendered":"<p>Equipa CEO &amp; Senior Web Developer Francisco Ferreira Com mais de 10 anos de experi\u00eancia em desenvolvimento web, o Francisco \u00e9 a mente estrat\u00e9gica da Upscape Studio. Especializado em solu\u00e7\u00f5es WordPress personalizadas, a sua paix\u00e3o \u00e9 transformar ideias, neg\u00f3cios e processos, em plataformas digitais atrativas, de alta convers\u00e3o e muito eficientes. Junior Web Developer Sim\u00e3o [&hellip;]<\/p>\n","protected":false},"author":1,"featured_media":3339,"parent":0,"menu_order":0,"comment_status":"closed","ping_status":"closed","template":"","meta":{"footnotes":""},"class_list":["post-7887","page","type-page","status-publish","has-post-thumbnail","hentry"],"aioseo_notices":[],"_links":{"self":[{"href":"https:\/\/upscapestudio.com\/en\/wp-json\/wp\/v2\/pages\/7887","targetHints":{"allow":["GET"]}}],"collection":[{"href":"https:\/\/upscapestudio.com\/en\/wp-json\/wp\/v2\/pages"}],"about":[{"href":"https:\/\/upscapestudio.com\/en\/wp-json\/wp\/v2\/types\/page"}],"author":[{"embeddable":true,"href":"https:\/\/upscapestudio.com\/en\/wp-json\/wp\/v2\/users\/1"}],"replies":[{"embeddable":true,"href":"https:\/\/upscapestudio.com\/en\/wp-json\/wp\/v2\/comments?post=7887"}],"version-history":[{"count":31,"href":"https:\/\/upscapestudio.com\/en\/wp-json\/wp\/v2\/pages\/7887\/revisions"}],"predecessor-version":[{"id":7924,"href":"https:\/\/upscapestudio.com\/en\/wp-json\/wp\/v2\/pages\/7887\/revisions\/7924"}],"wp:featuredmedia":[{"embeddable":true,"href":"https:\/\/upscapestudio.com\/en\/wp-json\/wp\/v2\/media\/3339"}],"wp:attachment":[{"href":"https:\/\/upscapestudio.com\/en\/wp-json\/wp\/v2\/media?parent=7887"}],"curies":[{"name":"wp","href":"https:\/\/api.w.org\/{rel}","templated":true}]}}